{"id":2823,"date":"2025-08-29T12:49:59","date_gmt":"2025-08-29T11:49:59","guid":{"rendered":"https:\/\/test-technique-ski.fr\/formation-moniteur-de-ski-alpin\/"},"modified":"2025-08-29T13:10:50","modified_gmt":"2025-08-29T12:10:50","slug":"formation-moniteur-de-ski-alpin","status":"publish","type":"page","link":"https:\/\/test-technique-ski.fr\/no\/formation-moniteur-de-ski-alpin\/","title":{"rendered":"Oppl\u00e6ring i arbeidslivet for Dipl\u00f4me d&#8217;\u00c9tat Moniteur National de Ski Alpin (nasjonalt diplom for alpininstrukt\u00f8rer)"},"content":{"rendered":"\n<h1 class=\"wp-block-heading\">Oppl\u00e6ring for \u00e5 oppn\u00e5 Dipl\u00f4me d&#8217;Etat de moniteur de ski alpin i Frankrike<\/h1>\n\n<p>Vekseloppl\u00e6ringen for \u00e5 oppn\u00e5 <strong>Dipl\u00f4me d&#8217;Etat de Moniteur National de Ski Alpin (DE Ski Alpin)<\/strong> gj\u00f8r det mulig for deg \u00e5 tilegne deg tekniske, pedagogiske og faglige ferdigheter mens du jobber i feltet. For \u00e5 lykkes med denne krevende utdanningen er det viktig \u00e5 vite hvilke <strong>organisasjoner og skiskoler man skal kontakte<\/strong> for \u00e5 forberede seg godt til pr\u00f8vene, modulene og praksisperiodene. <\/p>\n\n<h2 class=\"wp-block-heading\">Hvorfor velge et sm\u00f8rbr\u00f8dkurs for DE Ski Alpin?<\/h2>\n\n<ul class=\"wp-block-list\">\n<li>Umiddelbar arbeidserfaring: arbeid i en skiskole parallelt med kurset.<\/li>\n\n\n\n<li>Finansiering og godtgj\u00f8relse: En del av kostnadene kan dekkes, og oppl\u00e6ring i arbeidslivet gir en inntekt.<\/li>\n\n\n\n<li>Veiledning av erfarne fagfolk: fordypning i den daglige driften av et ESF, en klubb eller en godkjent organisasjon.<\/li>\n\n\n\n<li>Direkte integrering i nettverket av franske og internasjonale skil\u00e6rere.<\/li>\n<\/ul>\n\n<div style=\"height:10px\" aria-hidden=\"true\" class=\"wp-block-spacer\"><\/div>\n\n<h2 class=\"wp-block-heading\">Foretrukket partner: ESF Les Menuires<\/h2>\n\n<p>Den franske skiskolen Les Menuires er en viktig akt\u00f8r n\u00e5r det gjelder \u00e5 st\u00f8tte fremtidige instrukt\u00f8rer i arbeidslivet. Den tilbyr et ideelt milj\u00f8 for \u00e5 kombinere praksis, undervisning og forberedelse til DE Alpine Skiing Training Units. <\/p>\n\n<p><strong>Hovedkontakt:<\/strong><br\/>\ud83d\udc64 Nicolas Flage<br\/>\ud83d\udcf1 Mobil: 06 25 69 01 13<br\/>\ud83d\udccd Les Menuires &#8211; Domaine skiable des 3 Vall\u00e9es<\/p>\n\n<p><a href=\"https:\/\/www.esf-lesmenuires.fr\/produits-saison\/devenir-moniteur\/\">ESF Les Menuires<\/a> \u00f8nsker deg velkommen som et vekselkurs og veileder deg gjennom de ulike fasene av det \u00e5 <a href=\"https:\/\/test-technique-ski.fr\/no\/bli-alpin-ski-instruktor\/\">bli alpininstrukt\u00f8r<\/a>.<\/p>\n\n<h2 class=\"wp-block-heading\">Hvordan fungerer sandwichkurset?<\/h2>\n\n<p>Det vekslende studiet til Dipl\u00f4me d&#8217;Etat Moniteur National de Ski Alpin veksler mellom perioder med teoretisk og praktisk undervisning ved <a href=\"http:\/\/ensm.sports.gouv.fr\">ENSA Chamonix<\/a> og perioder med undervisning ved en skiskole, som for eksempel ESF Les Menuires. Studentene jobber som ansatte eller praktikanter i en partnerorganisasjon, noe som gir dem mulighet til \u00e5 praktisere ferdighetene de har tilegnet seg i l\u00f8pet av oppl\u00e6ringsenhetene (UF). Sandwichkurset er progressivt: Det fokuserer f\u00f8rst p\u00e5 \u00e5 perfeksjonere teknikk og grunnleggende undervisningsferdigheter, og utvikler seg mot total selvstendighet i \u00e5 veilede grupper p\u00e5 alle niv\u00e5er.  <\/p>\n\n<h2 class=\"wp-block-heading\">Hvor lenge varer kurset?<\/h2>\n\n<p>Hvor lang tid det tar, varierer avhengig av kandidatens bakgrunn og startniv\u00e5. I gjennomsnitt tar det mellom 4 og 7 \u00e5r \u00e5 oppn\u00e5 et fullstendig vitnem\u00e5l, med et lovbestemt maksimum p\u00e5 10 \u00e5r. Enkelte idrettsut\u00f8vere p\u00e5 h\u00f8yt niv\u00e5 eller innehavere av beslektede diplomer (BEES, DE i andre disipliner) kan ha nytte av kortere perioder. Vekselutdanning fremskynder ofte profesjonaliseringsprosessen, ettersom den kombinerer akademisk oppl\u00e6ring med betalt praksiserfaring.   <\/p>\n\n<h2 class=\"wp-block-heading\">N\u00e5r finner oppl\u00e6ringen sted?<\/h2>\n\n<p>Oppl\u00e6ringen er spredt over flere vintersesonger, vanligvis fra desember til april, og i l\u00f8pet av denne tiden arbeider den fremtidige instrukt\u00f8ren i et partner-ESF, for eksempel <a href=\"https:\/\/www.esf-lesmenuires.fr\/\">ESF Les Menuires<\/a>. Oppl\u00e6ringsenhetene som organiseres av ENSA, finner sted i l\u00f8pet av hele \u00e5ret, ofte mellom sesongene (v\u00e5r og h\u00f8st), slik at deltakerne kan jobbe i felt om vinteren. Denne rytmen gj\u00f8r det mulig \u00e5 fordype seg helt i yrkeslivet som skil\u00e6rer, samtidig som man validerer de forskriftsmessige trinnene i diplomet.  <\/p>\n\n<h2 class=\"wp-block-heading\">De viktigste organisasjonene \u00e5 kontakte<\/h2>\n\n<h3 class=\"wp-block-heading\">Den nasjonale ski- og fjellklatrerskolen (ENSA\/ENSM)<\/h3>\n\n<ul class=\"wp-block-list\">\n<li>Adresse: 35 route du Bouchet, 74400 Chamonix-Mont-Blanc<\/li>\n\n\n\n<li>Tlf. resepsjon: 04 50 55 30 30<\/li>\n\n\n\n<li>E-post : ensa.accueil@ensm.sports.gouv.fr<\/li>\n\n\n\n<li>Kontakter etter oppl\u00e6ringsmoduler (UF): UF1, UF2, Eurotest, oppfriskningskurs, SHN osv.<\/li>\n\n\n\n<li>Offisiell nettside: <a href=\"http:\/\/ensm.sports.gouv.fr\">ensm.sports.gouv.fr<\/a><\/li>\n<\/ul>\n\n<div style=\"height:10px\" aria-hidden=\"true\" class=\"wp-block-spacer\"><\/div>\n\n<h3 class=\"wp-block-heading\">Det franske skiforbundet (FFS)<\/h3>\n\n<p>FFS overv\u00e5ker konkurransetreningsmoduler, s\u00e6rlig for idrettsut\u00f8vere p\u00e5 toppniv\u00e5. Nettsted: <a href=\"https:\/\/ffs.fr\/\">ffs.fr<\/a> <\/p>\n\n<h3 class=\"wp-block-heading\">Den nasjonale sammenslutningen av franske skil\u00e6rere (SNMSF)<\/h3>\n\n<p>Dette er ESF-instrukt\u00f8renes fagforening, og koordinerer det nasjonale nettverket. Nettstedet er <a href=\"https:\/\/www.esf.net\/\">esf<\/a>.net. <\/p>\n\n<h2 class=\"wp-block-heading\">Start treningen din n\u00e5<\/h2>\n\n<p>Sandwichkurset er den beste m\u00e5ten \u00e5 fullf\u00f8re <strong>National Alpine Ski Instructor Diploma<\/strong> p\u00e5: direkte fordypning, veiledet erfaring og full forberedelse.<\/p>\n\n<p>For praktisk og personlig st\u00f8tte kan du <strong>kontakte Les Menuires ESF og Nicolas Flage (06 25 69 01 13) direkte<\/strong> for \u00e5 f\u00e5 en best mulig start p\u00e5 kurset ditt.<\/p>\n\n<p><\/p>\n","protected":false},"excerpt":{"rendered":"<p>Oppl\u00e6ring for \u00e5 oppn\u00e5 Dipl\u00f4me d&#8217;Etat de moniteur de ski alpin i Frankrike Vekseloppl\u00e6ringen for \u00e5 oppn\u00e5 Dipl\u00f4me d&#8217;Etat de Moniteur National de Ski Alpin (DE Ski Alpin) gj\u00f8r det mulig for deg \u00e5 tilegne deg tekniske, pedagogiske og faglige ferdigheter mens du jobber i feltet. For \u00e5 lykkes med denne krevende utdanningen er det [&hellip;]<\/p>\n","protected":false},"author":1,"featured_media":0,"parent":0,"menu_order":0,"comment_status":"closed","ping_status":"closed","template":"","meta":{"footnotes":""},"class_list":["post-2823","page","type-page","status-publish","hentry"],"yoast_head":"<!-- This site is optimized with the Yoast SEO plugin v27.3 - https:\/\/yoast.com\/product\/yoast-seo-wordpress\/ -->\n<title>Oppl\u00e6ring i arbeidslivet for Dipl\u00f4me d&#039;\u00c9tat Moniteur National de Ski Alpin (nasjonalt diplom for alpininstrukt\u00f8rer) - TEST TECHNIQUE SKI<\/title>\n<meta name=\"description\" content=\"Nyttige kontakter for oppl\u00e6ring i arbeidslivet for DE Moniteur National Ski Alpin: ENSA, ESF Les Menuires, SNMSF, FFS.\" \/>\n<meta name=\"robots\" content=\"index, follow, max-snippet:-1, max-image-preview:large, max-video-preview:-1\" \/>\n<link rel=\"canonical\" href=\"https:\/\/test-technique-ski.fr\/no\/formation-moniteur-de-ski-alpin\/\" \/>\n<meta property=\"og:locale\" content=\"nb_NO\" \/>\n<meta property=\"og:type\" content=\"article\" \/>\n<meta property=\"og:title\" content=\"Oppl\u00e6ring i arbeidslivet for Dipl\u00f4me d&#039;\u00c9tat Moniteur National de Ski Alpin (nasjonalt diplom for alpininstrukt\u00f8rer) - TEST TECHNIQUE SKI\" \/>\n<meta property=\"og:description\" content=\"Nyttige kontakter for oppl\u00e6ring i arbeidslivet for DE Moniteur National Ski Alpin: ENSA, ESF Les Menuires, SNMSF, FFS.\" \/>\n<meta property=\"og:url\" content=\"https:\/\/test-technique-ski.fr\/no\/formation-moniteur-de-ski-alpin\/\" \/>\n<meta property=\"og:site_name\" content=\"TEST TECHNIQUE SKI\" \/>\n<meta property=\"article:modified_time\" content=\"2025-08-29T12:10:50+00:00\" \/>\n<meta name=\"twitter:card\" content=\"summary_large_image\" \/>\n<meta name=\"twitter:label1\" content=\"Ansl. lesetid\" \/>\n\t<meta name=\"twitter:data1\" content=\"3 minutter\" \/>\n<script type=\"application\/ld+json\" class=\"yoast-schema-graph\">{\"@context\":\"https:\\\/\\\/schema.org\",\"@graph\":[{\"@type\":\"WebPage\",\"@id\":\"https:\\\/\\\/test-technique-ski.fr\\\/no\\\/formation-moniteur-de-ski-alpin\\\/\",\"url\":\"https:\\\/\\\/test-technique-ski.fr\\\/no\\\/formation-moniteur-de-ski-alpin\\\/\",\"name\":\"Oppl\u00e6ring i arbeidslivet for Dipl\u00f4me d'\u00c9tat Moniteur National de Ski Alpin (nasjonalt diplom for alpininstrukt\u00f8rer) - TEST TECHNIQUE SKI\",\"isPartOf\":{\"@id\":\"https:\\\/\\\/test-technique-ski.fr\\\/no\\\/#website\"},\"datePublished\":\"2025-08-29T11:49:59+00:00\",\"dateModified\":\"2025-08-29T12:10:50+00:00\",\"description\":\"Nyttige kontakter for oppl\u00e6ring i arbeidslivet for DE Moniteur National Ski Alpin: ENSA, ESF Les Menuires, SNMSF, FFS.\",\"inLanguage\":\"nb-NO\",\"potentialAction\":[{\"@type\":\"ReadAction\",\"target\":[\"https:\\\/\\\/test-technique-ski.fr\\\/no\\\/formation-moniteur-de-ski-alpin\\\/\"]}]},{\"@type\":\"WebSite\",\"@id\":\"https:\\\/\\\/test-technique-ski.fr\\\/no\\\/#website\",\"url\":\"https:\\\/\\\/test-technique-ski.fr\\\/no\\\/\",\"name\":\"TEST TECHNIQUE SKI\",\"description\":\"\",\"potentialAction\":[{\"@type\":\"SearchAction\",\"target\":{\"@type\":\"EntryPoint\",\"urlTemplate\":\"https:\\\/\\\/test-technique-ski.fr\\\/no\\\/?s={search_term_string}\"},\"query-input\":{\"@type\":\"PropertyValueSpecification\",\"valueRequired\":true,\"valueName\":\"search_term_string\"}}],\"inLanguage\":\"nb-NO\"}]}<\/script>\n<!-- \/ Yoast SEO plugin. -->","yoast_head_json":{"title":"Oppl\u00e6ring i arbeidslivet for Dipl\u00f4me d'\u00c9tat Moniteur National de Ski Alpin (nasjonalt diplom for alpininstrukt\u00f8rer) - TEST TECHNIQUE SKI","description":"Nyttige kontakter for oppl\u00e6ring i arbeidslivet for DE Moniteur National Ski Alpin: ENSA, ESF Les Menuires, SNMSF, FFS.","robots":{"index":"index","follow":"follow","max-snippet":"max-snippet:-1","max-image-preview":"max-image-preview:large","max-video-preview":"max-video-preview:-1"},"canonical":"https:\/\/test-technique-ski.fr\/no\/formation-moniteur-de-ski-alpin\/","og_locale":"nb_NO","og_type":"article","og_title":"Oppl\u00e6ring i arbeidslivet for Dipl\u00f4me d'\u00c9tat Moniteur National de Ski Alpin (nasjonalt diplom for alpininstrukt\u00f8rer) - TEST TECHNIQUE SKI","og_description":"Nyttige kontakter for oppl\u00e6ring i arbeidslivet for DE Moniteur National Ski Alpin: ENSA, ESF Les Menuires, SNMSF, FFS.","og_url":"https:\/\/test-technique-ski.fr\/no\/formation-moniteur-de-ski-alpin\/","og_site_name":"TEST TECHNIQUE SKI","article_modified_time":"2025-08-29T12:10:50+00:00","twitter_card":"summary_large_image","twitter_misc":{"Ansl. lesetid":"3 minutter"},"schema":{"@context":"https:\/\/schema.org","@graph":[{"@type":"WebPage","@id":"https:\/\/test-technique-ski.fr\/no\/formation-moniteur-de-ski-alpin\/","url":"https:\/\/test-technique-ski.fr\/no\/formation-moniteur-de-ski-alpin\/","name":"Oppl\u00e6ring i arbeidslivet for Dipl\u00f4me d'\u00c9tat Moniteur National de Ski Alpin (nasjonalt diplom for alpininstrukt\u00f8rer) - TEST TECHNIQUE SKI","isPartOf":{"@id":"https:\/\/test-technique-ski.fr\/no\/#website"},"datePublished":"2025-08-29T11:49:59+00:00","dateModified":"2025-08-29T12:10:50+00:00","description":"Nyttige kontakter for oppl\u00e6ring i arbeidslivet for DE Moniteur National Ski Alpin: ENSA, ESF Les Menuires, SNMSF, FFS.","inLanguage":"nb-NO","potentialAction":[{"@type":"ReadAction","target":["https:\/\/test-technique-ski.fr\/no\/formation-moniteur-de-ski-alpin\/"]}]},{"@type":"WebSite","@id":"https:\/\/test-technique-ski.fr\/no\/#website","url":"https:\/\/test-technique-ski.fr\/no\/","name":"TEST TECHNIQUE SKI","description":"","potentialAction":[{"@type":"SearchAction","target":{"@type":"EntryPoint","urlTemplate":"https:\/\/test-technique-ski.fr\/no\/?s={search_term_string}"},"query-input":{"@type":"PropertyValueSpecification","valueRequired":true,"valueName":"search_term_string"}}],"inLanguage":"nb-NO"}]}},"_links":{"self":[{"href":"https:\/\/test-technique-ski.fr\/no\/wp-json\/wp\/v2\/pages\/2823","targetHints":{"allow":["GET"]}}],"collection":[{"href":"https:\/\/test-technique-ski.fr\/no\/wp-json\/wp\/v2\/pages"}],"about":[{"href":"https:\/\/test-technique-ski.fr\/no\/wp-json\/wp\/v2\/types\/page"}],"author":[{"embeddable":true,"href":"https:\/\/test-technique-ski.fr\/no\/wp-json\/wp\/v2\/users\/1"}],"replies":[{"embeddable":true,"href":"https:\/\/test-technique-ski.fr\/no\/wp-json\/wp\/v2\/comments?post=2823"}],"version-history":[{"count":0,"href":"https:\/\/test-technique-ski.fr\/no\/wp-json\/wp\/v2\/pages\/2823\/revisions"}],"wp:attachment":[{"href":"https:\/\/test-technique-ski.fr\/no\/wp-json\/wp\/v2\/media?parent=2823"}],"curies":[{"name":"wp","href":"https:\/\/api.w.org\/{rel}","templated":true}]}}