{"id":3831,"date":"2026-02-28T10:07:27","date_gmt":"2026-02-28T10:07:27","guid":{"rendered":"https:\/\/test-technique-ski.fr\/val-thorens\/"},"modified":"2026-03-04T09:21:33","modified_gmt":"2026-03-04T09:21:33","slug":"val-thorens","status":"publish","type":"page","link":"https:\/\/test-technique-ski.fr\/no\/val-thorens\/","title":{"rendered":"Teknisk test utfor Val Thorens"},"content":{"rendered":"\n<h1 class=\"wp-block-heading\">Ta del i den tekniske testen for utforski i Val Thorens<\/h1>\n\n<p>Hvert \u00e5r arrangerer Val Thorens skianlegg en eller flere samlinger for \u00e5 ta den tekniske alpinpr\u00f8ven som en del av <a href=\"https:\/\/test-technique-ski.fr\/no\/formation-moniteur-de-ski-alpin\/\">alpininstrukt\u00f8rutdanningen<\/a>.<\/p>\n\n<h2 class=\"wp-block-heading\">Datoer for den tekniske pr\u00f8ven i alpint i Val Thorens<\/h2>\n\n<p>Den andre sesjonen av den tekniske testen i Val Thorens vil finne sted fra 20. til 22. april 2026.<\/p>\n\n<h2 class=\"wp-block-heading\">Oppl\u00e6ringskurs i teknisk test i Les Menuires<\/h2>\n\n<p><strong>Fra 9. mars til 27. mars kan du forberede deg sammen med ESF Academy til<\/strong> Val Thorens tekniske testslal\u00e5m p\u00e5 Les Menuires slal\u00e5mstadion.<\/p>\n\n<p><strong>Pris: 55 euro per dag + stadionpass  <\/strong><\/p>\n\n<p>Ta <strong>kontakt med Nicolas Flage<\/strong> p\u00e5 <a href=\"tel:+33625690113\">06 25 69 01 13.<\/a><\/p>\n\n<div style=\"height:20px\" aria-hidden=\"true\" class=\"wp-block-spacer\"><\/div>\n\n<h2 class=\"wp-block-heading\">Hvordan melder jeg meg p\u00e5 den tekniske pr\u00f8ven i Val Thorens?<\/h2>\n\n<p>Hele <a href=\"https:\/\/test-technique-ski.fr\/no\/skiteknisk-proveregistrering\/\">p\u00e5meldingsprosedyren til den tekniske skitesten<\/a> foreg\u00e5r online p\u00e5 GEPAFOs offisielle nettside.<\/p>\n\n<h2 class=\"wp-block-heading\">P\u00e5meldingsfrist for den tekniske pr\u00f8ven i Val Thorens<\/h2>\n\n<p>Her er p\u00e5meldingsfristene for den tekniske testen i Val Thorens:<\/p>\n\n<ul class=\"wp-block-list\">\n<li>Registreringsfrist: 09\/02\/2026<\/li>\n\n\n\n<li>Siste frist for p\u00e5melding: 27\/02\/2026<\/li>\n<\/ul>\n\n<p><\/p>\n","protected":false},"excerpt":{"rendered":"<p>Ta del i den tekniske testen for utforski i Val Thorens Hvert \u00e5r arrangerer Val Thorens skianlegg en eller flere samlinger for \u00e5 ta den tekniske alpinpr\u00f8ven som en del av alpininstrukt\u00f8rutdanningen. Datoer for den tekniske pr\u00f8ven i alpint i Val Thorens Den andre sesjonen av den tekniske testen i Val Thorens vil finne sted [&hellip;]<\/p>\n","protected":false},"author":1,"featured_media":0,"parent":0,"menu_order":0,"comment_status":"closed","ping_status":"closed","template":"","meta":{"footnotes":""},"class_list":["post-3831","page","type-page","status-publish","hentry"],"yoast_head":"<!-- This site is optimized with the Yoast SEO plugin v27.3 - https:\/\/yoast.com\/product\/yoast-seo-wordpress\/ -->\n<title>Teknisk test utfor Val Thorens - TEST TECHNIQUE SKI<\/title>\n<meta name=\"description\" content=\"Forbered deg til den tekniske testen i alpint, som finner sted i Val Thorens under best mulige forhold p\u00e5 slal\u00e5mstadionet Les Menuires.\" \/>\n<meta name=\"robots\" content=\"index, follow, max-snippet:-1, max-image-preview:large, max-video-preview:-1\" \/>\n<link rel=\"canonical\" href=\"https:\/\/test-technique-ski.fr\/no\/val-thorens\/\" \/>\n<meta property=\"og:locale\" content=\"nb_NO\" \/>\n<meta property=\"og:type\" content=\"article\" \/>\n<meta property=\"og:title\" content=\"Teknisk test utfor Val Thorens - TEST TECHNIQUE SKI\" \/>\n<meta property=\"og:description\" content=\"Forbered deg til den tekniske testen i alpint, som finner sted i Val Thorens under best mulige forhold p\u00e5 slal\u00e5mstadionet Les Menuires.\" \/>\n<meta property=\"og:url\" content=\"https:\/\/test-technique-ski.fr\/no\/val-thorens\/\" \/>\n<meta property=\"og:site_name\" content=\"TEST TECHNIQUE SKI\" \/>\n<meta property=\"article:modified_time\" content=\"2026-03-04T09:21:33+00:00\" \/>\n<meta name=\"twitter:card\" content=\"summary_large_image\" \/>\n<meta name=\"twitter:label1\" content=\"Ansl. lesetid\" \/>\n\t<meta name=\"twitter:data1\" content=\"1 minutt\" \/>\n<script type=\"application\/ld+json\" class=\"yoast-schema-graph\">{\"@context\":\"https:\\\/\\\/schema.org\",\"@graph\":[{\"@type\":\"WebPage\",\"@id\":\"https:\\\/\\\/test-technique-ski.fr\\\/no\\\/val-thorens\\\/\",\"url\":\"https:\\\/\\\/test-technique-ski.fr\\\/no\\\/val-thorens\\\/\",\"name\":\"Teknisk test utfor Val Thorens - TEST TECHNIQUE SKI\",\"isPartOf\":{\"@id\":\"https:\\\/\\\/test-technique-ski.fr\\\/no\\\/#website\"},\"datePublished\":\"2026-02-28T10:07:27+00:00\",\"dateModified\":\"2026-03-04T09:21:33+00:00\",\"description\":\"Forbered deg til den tekniske testen i alpint, som finner sted i Val Thorens under best mulige forhold p\u00e5 slal\u00e5mstadionet Les Menuires.\",\"inLanguage\":\"nb-NO\",\"potentialAction\":[{\"@type\":\"ReadAction\",\"target\":[\"https:\\\/\\\/test-technique-ski.fr\\\/no\\\/val-thorens\\\/\"]}]},{\"@type\":\"WebSite\",\"@id\":\"https:\\\/\\\/test-technique-ski.fr\\\/no\\\/#website\",\"url\":\"https:\\\/\\\/test-technique-ski.fr\\\/no\\\/\",\"name\":\"TEST TECHNIQUE SKI\",\"description\":\"\",\"potentialAction\":[{\"@type\":\"SearchAction\",\"target\":{\"@type\":\"EntryPoint\",\"urlTemplate\":\"https:\\\/\\\/test-technique-ski.fr\\\/no\\\/?s={search_term_string}\"},\"query-input\":{\"@type\":\"PropertyValueSpecification\",\"valueRequired\":true,\"valueName\":\"search_term_string\"}}],\"inLanguage\":\"nb-NO\"}]}<\/script>\n<!-- \/ Yoast SEO plugin. -->","yoast_head_json":{"title":"Teknisk test utfor Val Thorens - TEST TECHNIQUE SKI","description":"Forbered deg til den tekniske testen i alpint, som finner sted i Val Thorens under best mulige forhold p\u00e5 slal\u00e5mstadionet Les Menuires.","robots":{"index":"index","follow":"follow","max-snippet":"max-snippet:-1","max-image-preview":"max-image-preview:large","max-video-preview":"max-video-preview:-1"},"canonical":"https:\/\/test-technique-ski.fr\/no\/val-thorens\/","og_locale":"nb_NO","og_type":"article","og_title":"Teknisk test utfor Val Thorens - TEST TECHNIQUE SKI","og_description":"Forbered deg til den tekniske testen i alpint, som finner sted i Val Thorens under best mulige forhold p\u00e5 slal\u00e5mstadionet Les Menuires.","og_url":"https:\/\/test-technique-ski.fr\/no\/val-thorens\/","og_site_name":"TEST TECHNIQUE SKI","article_modified_time":"2026-03-04T09:21:33+00:00","twitter_card":"summary_large_image","twitter_misc":{"Ansl. lesetid":"1 minutt"},"schema":{"@context":"https:\/\/schema.org","@graph":[{"@type":"WebPage","@id":"https:\/\/test-technique-ski.fr\/no\/val-thorens\/","url":"https:\/\/test-technique-ski.fr\/no\/val-thorens\/","name":"Teknisk test utfor Val Thorens - TEST TECHNIQUE SKI","isPartOf":{"@id":"https:\/\/test-technique-ski.fr\/no\/#website"},"datePublished":"2026-02-28T10:07:27+00:00","dateModified":"2026-03-04T09:21:33+00:00","description":"Forbered deg til den tekniske testen i alpint, som finner sted i Val Thorens under best mulige forhold p\u00e5 slal\u00e5mstadionet Les Menuires.","inLanguage":"nb-NO","potentialAction":[{"@type":"ReadAction","target":["https:\/\/test-technique-ski.fr\/no\/val-thorens\/"]}]},{"@type":"WebSite","@id":"https:\/\/test-technique-ski.fr\/no\/#website","url":"https:\/\/test-technique-ski.fr\/no\/","name":"TEST TECHNIQUE SKI","description":"","potentialAction":[{"@type":"SearchAction","target":{"@type":"EntryPoint","urlTemplate":"https:\/\/test-technique-ski.fr\/no\/?s={search_term_string}"},"query-input":{"@type":"PropertyValueSpecification","valueRequired":true,"valueName":"search_term_string"}}],"inLanguage":"nb-NO"}]}},"_links":{"self":[{"href":"https:\/\/test-technique-ski.fr\/no\/wp-json\/wp\/v2\/pages\/3831","targetHints":{"allow":["GET"]}}],"collection":[{"href":"https:\/\/test-technique-ski.fr\/no\/wp-json\/wp\/v2\/pages"}],"about":[{"href":"https:\/\/test-technique-ski.fr\/no\/wp-json\/wp\/v2\/types\/page"}],"author":[{"embeddable":true,"href":"https:\/\/test-technique-ski.fr\/no\/wp-json\/wp\/v2\/users\/1"}],"replies":[{"embeddable":true,"href":"https:\/\/test-technique-ski.fr\/no\/wp-json\/wp\/v2\/comments?post=3831"}],"version-history":[{"count":5,"href":"https:\/\/test-technique-ski.fr\/no\/wp-json\/wp\/v2\/pages\/3831\/revisions"}],"predecessor-version":[{"id":3914,"href":"https:\/\/test-technique-ski.fr\/no\/wp-json\/wp\/v2\/pages\/3831\/revisions\/3914"}],"wp:attachment":[{"href":"https:\/\/test-technique-ski.fr\/no\/wp-json\/wp\/v2\/media?parent=3831"}],"curies":[{"name":"wp","href":"https:\/\/api.w.org\/{rel}","templated":true}]}}