{"id":4064,"date":"2026-03-28T18:03:13","date_gmt":"2026-03-28T18:03:13","guid":{"rendered":"https:\/\/test-technique-ski.fr\/juridisk-varsel\/"},"modified":"2026-03-28T18:12:59","modified_gmt":"2026-03-28T18:12:59","slug":"juridisk-varsel","status":"publish","type":"page","link":"https:\/\/test-technique-ski.fr\/no\/juridisk-varsel\/","title":{"rendered":"Juridisk informasjon"},"content":{"rendered":"\n<h1 class=\"wp-block-heading\">Juridisk informasjon<\/h1>\n\n<p>Informasjonsnettstedet v\u00e5rt utgis av <a href=\"https:\/\/alma-consulting.org\/\">Alma Consulting<\/a>.<\/p>\n\n<p>Vi publiserer informasjon om den tekniske testen av alpint i Frankrike. Nettstedet v\u00e5rt er helt gratis og oversatt til flere spr\u00e5k. Vi er uavhengige av enhver offentlig administrasjon.    <\/p>\n\n<p>V\u00e5r private informasjonsportal er utformet for \u00e5 informere Internett-brukere og tilbyr ingen tilleggstjenester. Vi har ingen skjemaer p\u00e5 nettstedet og registrerer ingen personopplysninger.   <\/p>\n\n<p>Ansvarlig for utgivelsen er <a href=\"mailto:bastien.fauck@gmail.com\">Bastien Fauck<\/a>.<\/p>\n\n<p>Vi gj\u00f8r v\u00e5rt ytterste for \u00e5 holde den s\u00e5 oppdatert som mulig. For mer informasjon, bes\u00f8k <a href=\"http:\/\/gepafom.fr\">GEPAFOs<\/a> nettsted. <\/p>\n","protected":false},"excerpt":{"rendered":"<p>Juridisk informasjon Informasjonsnettstedet v\u00e5rt utgis av Alma Consulting. Vi publiserer informasjon om den tekniske testen av alpint i Frankrike. Nettstedet v\u00e5rt er helt gratis og oversatt til flere spr\u00e5k. Vi er uavhengige av enhver offentlig administrasjon. V\u00e5r private informasjonsportal er utformet for \u00e5 informere Internett-brukere og tilbyr ingen tilleggstjenester. Vi har ingen skjemaer p\u00e5 nettstedet [&hellip;]<\/p>\n","protected":false},"author":1,"featured_media":0,"parent":0,"menu_order":0,"comment_status":"closed","ping_status":"closed","template":"","meta":{"footnotes":""},"class_list":["post-4064","page","type-page","status-publish","hentry"],"yoast_head":"<!-- This site is optimized with the Yoast SEO plugin v27.3 - https:\/\/yoast.com\/product\/yoast-seo-wordpress\/ -->\n<title>Juridisk informasjon - TEST TECHNIQUE SKI<\/title>\n<meta name=\"description\" content=\"Juridisk kunngj\u00f8ring og ansvarlig for publisering av informasjonsnettstedet om den franske tekniske pr\u00f8ven i alpint\" \/>\n<meta name=\"robots\" content=\"noindex, nofollow\" \/>\n<meta property=\"og:locale\" content=\"nb_NO\" \/>\n<meta property=\"og:type\" content=\"article\" \/>\n<meta property=\"og:title\" content=\"Juridisk informasjon - TEST TECHNIQUE SKI\" \/>\n<meta property=\"og:description\" content=\"Juridisk kunngj\u00f8ring og ansvarlig for publisering av informasjonsnettstedet om den franske tekniske pr\u00f8ven i alpint\" \/>\n<meta property=\"og:url\" content=\"https:\/\/test-technique-ski.fr\/no\/juridisk-varsel\/\" \/>\n<meta property=\"og:site_name\" content=\"TEST TECHNIQUE SKI\" \/>\n<meta property=\"article:modified_time\" content=\"2026-03-28T18:12:59+00:00\" \/>\n<meta name=\"twitter:card\" content=\"summary_large_image\" \/>\n<script type=\"application\/ld+json\" class=\"yoast-schema-graph\">{\"@context\":\"https:\\\/\\\/schema.org\",\"@graph\":[{\"@type\":\"WebPage\",\"@id\":\"https:\\\/\\\/test-technique-ski.fr\\\/no\\\/juridisk-varsel\\\/\",\"url\":\"https:\\\/\\\/test-technique-ski.fr\\\/no\\\/juridisk-varsel\\\/\",\"name\":\"Juridisk informasjon - TEST TECHNIQUE SKI\",\"isPartOf\":{\"@id\":\"https:\\\/\\\/test-technique-ski.fr\\\/no\\\/#website\"},\"datePublished\":\"2026-03-28T18:03:13+00:00\",\"dateModified\":\"2026-03-28T18:12:59+00:00\",\"description\":\"Juridisk kunngj\u00f8ring og ansvarlig for publisering av informasjonsnettstedet om den franske tekniske pr\u00f8ven i alpint\",\"inLanguage\":\"nb-NO\",\"potentialAction\":[{\"@type\":\"ReadAction\",\"target\":[\"https:\\\/\\\/test-technique-ski.fr\\\/no\\\/juridisk-varsel\\\/\"]}]},{\"@type\":\"WebSite\",\"@id\":\"https:\\\/\\\/test-technique-ski.fr\\\/no\\\/#website\",\"url\":\"https:\\\/\\\/test-technique-ski.fr\\\/no\\\/\",\"name\":\"TEST TECHNIQUE SKI\",\"description\":\"\",\"potentialAction\":[{\"@type\":\"SearchAction\",\"target\":{\"@type\":\"EntryPoint\",\"urlTemplate\":\"https:\\\/\\\/test-technique-ski.fr\\\/no\\\/?s={search_term_string}\"},\"query-input\":{\"@type\":\"PropertyValueSpecification\",\"valueRequired\":true,\"valueName\":\"search_term_string\"}}],\"inLanguage\":\"nb-NO\"}]}<\/script>\n<!-- \/ Yoast SEO plugin. -->","yoast_head_json":{"title":"Juridisk informasjon - TEST TECHNIQUE SKI","description":"Juridisk kunngj\u00f8ring og ansvarlig for publisering av informasjonsnettstedet om den franske tekniske pr\u00f8ven i alpint","robots":{"index":"noindex","follow":"nofollow"},"og_locale":"nb_NO","og_type":"article","og_title":"Juridisk informasjon - TEST TECHNIQUE SKI","og_description":"Juridisk kunngj\u00f8ring og ansvarlig for publisering av informasjonsnettstedet om den franske tekniske pr\u00f8ven i alpint","og_url":"https:\/\/test-technique-ski.fr\/no\/juridisk-varsel\/","og_site_name":"TEST TECHNIQUE SKI","article_modified_time":"2026-03-28T18:12:59+00:00","twitter_card":"summary_large_image","schema":{"@context":"https:\/\/schema.org","@graph":[{"@type":"WebPage","@id":"https:\/\/test-technique-ski.fr\/no\/juridisk-varsel\/","url":"https:\/\/test-technique-ski.fr\/no\/juridisk-varsel\/","name":"Juridisk informasjon - TEST TECHNIQUE SKI","isPartOf":{"@id":"https:\/\/test-technique-ski.fr\/no\/#website"},"datePublished":"2026-03-28T18:03:13+00:00","dateModified":"2026-03-28T18:12:59+00:00","description":"Juridisk kunngj\u00f8ring og ansvarlig for publisering av informasjonsnettstedet om den franske tekniske pr\u00f8ven i alpint","inLanguage":"nb-NO","potentialAction":[{"@type":"ReadAction","target":["https:\/\/test-technique-ski.fr\/no\/juridisk-varsel\/"]}]},{"@type":"WebSite","@id":"https:\/\/test-technique-ski.fr\/no\/#website","url":"https:\/\/test-technique-ski.fr\/no\/","name":"TEST TECHNIQUE SKI","description":"","potentialAction":[{"@type":"SearchAction","target":{"@type":"EntryPoint","urlTemplate":"https:\/\/test-technique-ski.fr\/no\/?s={search_term_string}"},"query-input":{"@type":"PropertyValueSpecification","valueRequired":true,"valueName":"search_term_string"}}],"inLanguage":"nb-NO"}]}},"_links":{"self":[{"href":"https:\/\/test-technique-ski.fr\/no\/wp-json\/wp\/v2\/pages\/4064","targetHints":{"allow":["GET"]}}],"collection":[{"href":"https:\/\/test-technique-ski.fr\/no\/wp-json\/wp\/v2\/pages"}],"about":[{"href":"https:\/\/test-technique-ski.fr\/no\/wp-json\/wp\/v2\/types\/page"}],"author":[{"embeddable":true,"href":"https:\/\/test-technique-ski.fr\/no\/wp-json\/wp\/v2\/users\/1"}],"replies":[{"embeddable":true,"href":"https:\/\/test-technique-ski.fr\/no\/wp-json\/wp\/v2\/comments?post=4064"}],"version-history":[{"count":4,"href":"https:\/\/test-technique-ski.fr\/no\/wp-json\/wp\/v2\/pages\/4064\/revisions"}],"predecessor-version":[{"id":4092,"href":"https:\/\/test-technique-ski.fr\/no\/wp-json\/wp\/v2\/pages\/4064\/revisions\/4092"}],"wp:attachment":[{"href":"https:\/\/test-technique-ski.fr\/no\/wp-json\/wp\/v2\/media?parent=4064"}],"curies":[{"name":"wp","href":"https:\/\/api.w.org\/{rel}","templated":true}]}}