{"id":475,"date":"2023-01-05T13:50:17","date_gmt":"2023-01-05T13:50:17","guid":{"rendered":"https:\/\/test-technique-ski.fr\/alpin-ski-teknisk-test\/"},"modified":"2025-10-24T18:33:53","modified_gmt":"2025-10-24T17:33:53","slug":"alpin-ski-teknisk-test","status":"publish","type":"page","link":"https:\/\/test-technique-ski.fr\/no\/","title":{"rendered":"Teknisk test i alpint"},"content":{"rendered":"\n<h1 class=\"wp-block-heading\">Teknisk skipr\u00f8ve for \u00e5 bli instrukt\u00f8r<\/h1>\n\n<p>Finn ut alt du trenger \u00e5 vite om den tekniske skipr\u00f8ven for \u00e5 begynne \u00e5 <a href=\"https:\/\/test-technique-ski.fr\/no\/formation-moniteur-de-ski-alpin\/\">utdanne deg til skil\u00e6rer<\/a> i Frankrike.<\/p>\n\n<div style=\"height:10px\" aria-hidden=\"true\" class=\"wp-block-spacer\"><\/div>\n\n<h2 class=\"wp-block-heading\">Hva er den tekniske testen for alpint<\/h2>\n\n<p>Den tekniske skitesten er det f\u00f8rste trinnet <a href=\"https:\/\/test-technique-ski.fr\/no\/formation-moniteur-de-ski-alpin\/\">i skil\u00e6rerutdanningen i Frankrike.<\/a> Dette er et tidsbestemt alpint arrangement som validerer skiniv\u00e5et til en person som \u00f8nsker \u00e5 bli skiinstrukt\u00f8r. Den tekniske testen er en spesiell slal\u00e5m med kvalifiseringstid.<\/p>\n\n<p>Kandidaten som \u00f8nsker \u00e5 <a href=\"https:\/\/test-technique-ski.fr\/no\/bli-alpin-ski-instruktor\/\">bli skiinstrukt\u00f8r<\/a> m\u00e5 oppn\u00e5 maksimal tid for \u00e5 best\u00e5 Teknisk pr\u00f8ve. Kvalifiseringstiden for den tekniske pr\u00f8ven beregnes i forhold til \u00e5pnerens tid som f\u00f8lger: <\/p>\n\n<ul class=\"wp-block-list\">\n<li>For mannlige kandidater til den tekniske pr\u00f8ven: Tidsbestemt slal\u00e5mtid m\u00e5 v\u00e6re mindre enn tiden oppn\u00e5dd av \u00e5pneren + 20 %;<\/li>\n\n\n\n<li>For kvinnelige kandidater til den tekniske pr\u00f8ven: Tidsbestemt slal\u00e5mtid m\u00e5 v\u00e6re mindre enn tiden oppn\u00e5dd av \u00e5pneren + 25 %.<\/li>\n<\/ul>\n\n<p>N\u00e5r den tekniske pr\u00f8ven er oppn\u00e5dd, vil kandidaten kunne starte p\u00e5 skiinstrukt\u00f8rkurset med National School of Skiing and Mountaineering.<\/p>\n\n<div style=\"height:10px\" aria-hidden=\"true\" class=\"wp-block-spacer\"><\/div>\n\n<h2 class=\"wp-block-heading\">Hvordan registrerer man seg til Ski Teknisk Test?<\/h2>\n\n<p><a href=\"https:\/\/test-technique-ski.fr\/no\/skiteknisk-proveregistrering\/\">P\u00e5melding til alpint teknisk pr\u00f8ve<\/a> gj\u00f8res i flere etapper. For \u00e5 registrere deg m\u00e5 du opprette en konto p\u00e5 <a href=\"https:\/\/test-technique-ski.fr\/no\/gepafo-fjellet\/\">GEPAFO-<\/a> plattformen for administrasjon av treningskurs til det franske sportsdepartementet. Vi detaljerer prosedyren i detalj. <\/p>\n\n<h2 class=\"wp-block-heading\">Forberedelse til den tekniske skipr\u00f8ven utenfor vintersesongen<\/h2>\n\n<p>Vintersesongen er kort, s\u00e5 det er viktig \u00e5 forberede seg til den tekniske skipr\u00f8ven utenfor vintersesongen. For \u00e5 opprettholde slal\u00e5mtreningen og forbedre skikj\u00f8ringen utenom vintersesongen, tilbyr vi slal\u00e5mkurs gjennom hele \u00e5ret: <\/p>\n\n<ul class=\"wp-block-list\">\n<li><a href=\"https:\/\/test-technique-ski.fr\/no\/stage-ski-slalom-ete\/\">Slal\u00e5mkurs i juli i Tignes<\/a><\/li>\n\n\n\n<li><a href=\"https:\/\/test-technique-ski.fr\/no\/stage-ski-slalom-automne\/\">Innend\u00f8rs slal\u00e5mkurs i oktober<\/a><\/li>\n\n\n\n<li><a href=\"https:\/\/test-technique-ski.fr\/no\/stage-ski-slalom-amneville\/\">Slal\u00e5ml\u00f8ype i Amn\u00e9ville<\/a><\/li>\n<\/ul>\n\n<div style=\"height:10px\" aria-hidden=\"true\" class=\"wp-block-spacer\"><\/div>\n\n<h2 class=\"wp-block-heading\">N\u00e5r kan jeg ta den tekniske pr\u00f8ven i alpint i 2025 &#8211; 2026?<\/h2>\n\n<p>Hvert \u00e5r arrangeres 2 tekniske test\u00f8kter i Frankrike:<\/p>\n\n<ul class=\"wp-block-list\">\n<li>Den f\u00f8rste testsesjonen g\u00e5r fra desember til februar;<\/li>\n\n\n\n<li>Den andre \u00f8kten med tester finner sted i mars og april.<\/li>\n<\/ul>\n\n<div style=\"height:10px\" aria-hidden=\"true\" class=\"wp-block-spacer\"><\/div>\n\n<p>Klikk her for \u00e5 se <a href=\"https:\/\/test-technique-ski.fr\/no\/teknisk-testdato-for-alpinski\/\">datoene for den tekniske pr\u00f8ven<\/a>. F\u00f8lg n\u00f8ye med p\u00e5 \u00e5pnings- og sluttdatoene for p\u00e5melding.<\/p>\n\n<p><strong>Den f\u00f8rste sesjonen av 2026 Alpine Ski Technical Test vil finne sted i desember 2025.<\/strong> P\u00e5melding vil v\u00e6re mulig fra 13. oktober 2025. <\/p>\n\n<div style=\"height:10px\" aria-hidden=\"true\" class=\"wp-block-spacer\"><\/div>\n\n<h2 class=\"wp-block-heading\">Hvem kan ta den tekniske pr\u00f8ven?<\/h2>\n\n<p>Den tekniske testen er \u00e5pen for alle over 17 \u00e5r. Hver kandidat kan kun registrere seg \u00e9n gang for hver \u00f8kt. Derfor kan kandidaten bare pr\u00f8ve den tekniske pr\u00f8ven to ganger i \u00e5ret.<\/p>\n\n<div style=\"height:10px\" aria-hidden=\"true\" class=\"wp-block-spacer\"><\/div>\n\n<h2 class=\"wp-block-heading\">Hva er prisen p\u00e5 den tekniske testen?<\/h2>\n\n<p>Prisen for registrering for den tekniske testen er 80\u20ac. Denne prisen inkluderer kun p\u00e5melding til tidsbestemt slal\u00e5m. Alle reise- og oppholdskostnader er kandidatens ansvar. Registreringsavgift refunderes ikke n\u00e5r kandidaten stryker i Teknisk pr\u00f8ve.<\/p>\n\n<div style=\"height:10px\" aria-hidden=\"true\" class=\"wp-block-spacer\"><\/div>\n\n<h2 class=\"wp-block-heading\">Foto av en trener ved Teknisk Skipr\u00f8ve<\/h2>\n\n<figure class=\"wp-block-image size-large\" id=\"Slalom-chronom&#xE9;tr&#xE9;-du-test-technique\"><img fetchpriority=\"high\" decoding=\"async\" width=\"1024\" height=\"747\" src=\"https:\/\/test-technique-ski.fr\/wp-content\/uploads\/2023\/01\/Ski-Test-Technique-1-1024x747.jpg\" alt=\"Bilde av den tekniske testen i alpint\" class=\"wp-image-297\" title=\"Skikonkurranse teknisk test\" srcset=\"https:\/\/test-technique-ski.fr\/wp-content\/uploads\/2023\/01\/Ski-Test-Technique-1-1024x747.jpg 1024w, https:\/\/test-technique-ski.fr\/wp-content\/uploads\/2023\/01\/Ski-Test-Technique-1-300x219.jpg 300w, https:\/\/test-technique-ski.fr\/wp-content\/uploads\/2023\/01\/Ski-Test-Technique-1-768x560.jpg 768w, https:\/\/test-technique-ski.fr\/wp-content\/uploads\/2023\/01\/Ski-Test-Technique-1-1536x1121.jpg 1536w, https:\/\/test-technique-ski.fr\/wp-content\/uploads\/2023\/01\/Ski-Test-Technique-1-2048x1494.jpg 2048w\" sizes=\"(max-width: 1024px) 100vw, 1024px\" \/><figcaption class=\"wp-element-caption\">Tidsbestemt slal\u00e5m av den tekniske skipr\u00f8ven for \u00e5 bli instrukt\u00f8r <\/figcaption><\/figure>\n\n<div style=\"height:10px\" aria-hidden=\"true\" class=\"wp-block-spacer\"><\/div>\n\n<h2 class=\"wp-block-heading\">Hvordan f\u00e5r jeg resultatene av den tekniske skitesten?<\/h2>\n\n<p>Resultatene er tilgjengelig direkte p\u00e5 Internett. Klikk p\u00e5 <a href=\"https:\/\/test-technique-ski.fr\/no\/resultater-skiteknikkprover\/\">Skitestresultater<\/a> for \u00e5 finne ut hvordan du f\u00e5r tak i resultatene fra Skitest 2026.<\/p>\n\n<p><\/p>\n","protected":false},"excerpt":{"rendered":"<p>Teknisk skipr\u00f8ve for \u00e5 bli instrukt\u00f8r Finn ut alt du trenger \u00e5 vite om den tekniske skipr\u00f8ven for \u00e5 begynne \u00e5 utdanne deg til skil\u00e6rer i Frankrike. Hva er den tekniske testen for alpint Den tekniske skitesten er det f\u00f8rste trinnet i skil\u00e6rerutdanningen i Frankrike. Dette er et tidsbestemt alpint arrangement som validerer skiniv\u00e5et til [&hellip;]<\/p>\n","protected":false},"author":1,"featured_media":0,"parent":0,"menu_order":0,"comment_status":"closed","ping_status":"closed","template":"","meta":{"footnotes":""},"class_list":["post-475","page","type-page","status-publish","hentry"],"yoast_head":"<!-- This site is optimized with the Yoast SEO plugin v27.3 - https:\/\/yoast.com\/product\/yoast-seo-wordpress\/ -->\n<title>Teknisk test i alpint<\/title>\n<meta name=\"description\" content=\"Den tekniske testen for alpinski lar deg begynne \u00e5 trene for \u00e5 bli skiinstrukt\u00f8r i Frankrike. Online p\u00e5melding til teknisk pr\u00f8ve\" \/>\n<meta name=\"robots\" content=\"index, follow, max-snippet:-1, max-image-preview:large, max-video-preview:-1\" \/>\n<link rel=\"canonical\" href=\"https:\/\/test-technique-ski.fr\/no\/\" \/>\n<meta property=\"og:locale\" content=\"nb_NO\" \/>\n<meta property=\"og:type\" content=\"article\" \/>\n<meta property=\"og:title\" content=\"Teknisk test i alpint\" \/>\n<meta property=\"og:description\" content=\"Den tekniske testen for alpinski lar deg begynne \u00e5 trene for \u00e5 bli skiinstrukt\u00f8r i Frankrike. Online p\u00e5melding til teknisk pr\u00f8ve\" \/>\n<meta property=\"og:url\" content=\"https:\/\/test-technique-ski.fr\/no\/\" \/>\n<meta property=\"og:site_name\" content=\"TEST TECHNIQUE SKI\" \/>\n<meta property=\"article:modified_time\" content=\"2025-10-24T17:33:53+00:00\" \/>\n<meta property=\"og:image\" content=\"https:\/\/test-technique-ski.fr\/wp-content\/uploads\/2023\/01\/Ski-Test-Technique-1-scaled.jpg\" \/>\n\t<meta property=\"og:image:width\" content=\"2560\" \/>\n\t<meta property=\"og:image:height\" content=\"1868\" \/>\n\t<meta property=\"og:image:type\" content=\"image\/jpeg\" \/>\n<meta name=\"twitter:card\" content=\"summary_large_image\" \/>\n<meta name=\"twitter:label1\" content=\"Ansl. lesetid\" \/>\n\t<meta name=\"twitter:data1\" content=\"2 minutter\" \/>\n<script type=\"application\/ld+json\" class=\"yoast-schema-graph\">{\"@context\":\"https:\\\/\\\/schema.org\",\"@graph\":[{\"@type\":\"WebPage\",\"@id\":\"https:\\\/\\\/test-technique-ski.fr\\\/no\\\/\",\"url\":\"https:\\\/\\\/test-technique-ski.fr\\\/no\\\/\",\"name\":\"Teknisk test i alpint\",\"isPartOf\":{\"@id\":\"https:\\\/\\\/test-technique-ski.fr\\\/no\\\/#website\"},\"primaryImageOfPage\":{\"@id\":\"https:\\\/\\\/test-technique-ski.fr\\\/no\\\/#primaryimage\"},\"image\":{\"@id\":\"https:\\\/\\\/test-technique-ski.fr\\\/no\\\/#primaryimage\"},\"thumbnailUrl\":\"https:\\\/\\\/test-technique-ski.fr\\\/wp-content\\\/uploads\\\/2023\\\/01\\\/Ski-Test-Technique-1-1024x747.jpg\",\"datePublished\":\"2023-01-05T13:50:17+00:00\",\"dateModified\":\"2025-10-24T17:33:53+00:00\",\"description\":\"Den tekniske testen for alpinski lar deg begynne \u00e5 trene for \u00e5 bli skiinstrukt\u00f8r i Frankrike. Online p\u00e5melding til teknisk pr\u00f8ve\",\"inLanguage\":\"nb-NO\",\"potentialAction\":[{\"@type\":\"ReadAction\",\"target\":[\"https:\\\/\\\/test-technique-ski.fr\\\/no\\\/\"]}]},{\"@type\":\"ImageObject\",\"inLanguage\":\"nb-NO\",\"@id\":\"https:\\\/\\\/test-technique-ski.fr\\\/no\\\/#primaryimage\",\"url\":\"https:\\\/\\\/test-technique-ski.fr\\\/wp-content\\\/uploads\\\/2023\\\/01\\\/Ski-Test-Technique-1-1024x747.jpg\",\"contentUrl\":\"https:\\\/\\\/test-technique-ski.fr\\\/wp-content\\\/uploads\\\/2023\\\/01\\\/Ski-Test-Technique-1-1024x747.jpg\"},{\"@type\":\"WebSite\",\"@id\":\"https:\\\/\\\/test-technique-ski.fr\\\/no\\\/#website\",\"url\":\"https:\\\/\\\/test-technique-ski.fr\\\/no\\\/\",\"name\":\"TEST TECHNIQUE SKI\",\"description\":\"\",\"potentialAction\":[{\"@type\":\"SearchAction\",\"target\":{\"@type\":\"EntryPoint\",\"urlTemplate\":\"https:\\\/\\\/test-technique-ski.fr\\\/no\\\/?s={search_term_string}\"},\"query-input\":{\"@type\":\"PropertyValueSpecification\",\"valueRequired\":true,\"valueName\":\"search_term_string\"}}],\"inLanguage\":\"nb-NO\"}]}<\/script>\n<!-- \/ Yoast SEO plugin. -->","yoast_head_json":{"title":"Teknisk test i alpint","description":"Den tekniske testen for alpinski lar deg begynne \u00e5 trene for \u00e5 bli skiinstrukt\u00f8r i Frankrike. Online p\u00e5melding til teknisk pr\u00f8ve","robots":{"index":"index","follow":"follow","max-snippet":"max-snippet:-1","max-image-preview":"max-image-preview:large","max-video-preview":"max-video-preview:-1"},"canonical":"https:\/\/test-technique-ski.fr\/no\/","og_locale":"nb_NO","og_type":"article","og_title":"Teknisk test i alpint","og_description":"Den tekniske testen for alpinski lar deg begynne \u00e5 trene for \u00e5 bli skiinstrukt\u00f8r i Frankrike. Online p\u00e5melding til teknisk pr\u00f8ve","og_url":"https:\/\/test-technique-ski.fr\/no\/","og_site_name":"TEST TECHNIQUE SKI","article_modified_time":"2025-10-24T17:33:53+00:00","og_image":[{"width":2560,"height":1868,"url":"https:\/\/test-technique-ski.fr\/wp-content\/uploads\/2023\/01\/Ski-Test-Technique-1-scaled.jpg","type":"image\/jpeg"}],"twitter_card":"summary_large_image","twitter_misc":{"Ansl. lesetid":"2 minutter"},"schema":{"@context":"https:\/\/schema.org","@graph":[{"@type":"WebPage","@id":"https:\/\/test-technique-ski.fr\/no\/","url":"https:\/\/test-technique-ski.fr\/no\/","name":"Teknisk test i alpint","isPartOf":{"@id":"https:\/\/test-technique-ski.fr\/no\/#website"},"primaryImageOfPage":{"@id":"https:\/\/test-technique-ski.fr\/no\/#primaryimage"},"image":{"@id":"https:\/\/test-technique-ski.fr\/no\/#primaryimage"},"thumbnailUrl":"https:\/\/test-technique-ski.fr\/wp-content\/uploads\/2023\/01\/Ski-Test-Technique-1-1024x747.jpg","datePublished":"2023-01-05T13:50:17+00:00","dateModified":"2025-10-24T17:33:53+00:00","description":"Den tekniske testen for alpinski lar deg begynne \u00e5 trene for \u00e5 bli skiinstrukt\u00f8r i Frankrike. Online p\u00e5melding til teknisk pr\u00f8ve","inLanguage":"nb-NO","potentialAction":[{"@type":"ReadAction","target":["https:\/\/test-technique-ski.fr\/no\/"]}]},{"@type":"ImageObject","inLanguage":"nb-NO","@id":"https:\/\/test-technique-ski.fr\/no\/#primaryimage","url":"https:\/\/test-technique-ski.fr\/wp-content\/uploads\/2023\/01\/Ski-Test-Technique-1-1024x747.jpg","contentUrl":"https:\/\/test-technique-ski.fr\/wp-content\/uploads\/2023\/01\/Ski-Test-Technique-1-1024x747.jpg"},{"@type":"WebSite","@id":"https:\/\/test-technique-ski.fr\/no\/#website","url":"https:\/\/test-technique-ski.fr\/no\/","name":"TEST TECHNIQUE SKI","description":"","potentialAction":[{"@type":"SearchAction","target":{"@type":"EntryPoint","urlTemplate":"https:\/\/test-technique-ski.fr\/no\/?s={search_term_string}"},"query-input":{"@type":"PropertyValueSpecification","valueRequired":true,"valueName":"search_term_string"}}],"inLanguage":"nb-NO"}]}},"_links":{"self":[{"href":"https:\/\/test-technique-ski.fr\/no\/wp-json\/wp\/v2\/pages\/475","targetHints":{"allow":["GET"]}}],"collection":[{"href":"https:\/\/test-technique-ski.fr\/no\/wp-json\/wp\/v2\/pages"}],"about":[{"href":"https:\/\/test-technique-ski.fr\/no\/wp-json\/wp\/v2\/types\/page"}],"author":[{"embeddable":true,"href":"https:\/\/test-technique-ski.fr\/no\/wp-json\/wp\/v2\/users\/1"}],"replies":[{"embeddable":true,"href":"https:\/\/test-technique-ski.fr\/no\/wp-json\/wp\/v2\/comments?post=475"}],"version-history":[{"count":3,"href":"https:\/\/test-technique-ski.fr\/no\/wp-json\/wp\/v2\/pages\/475\/revisions"}],"predecessor-version":[{"id":3546,"href":"https:\/\/test-technique-ski.fr\/no\/wp-json\/wp\/v2\/pages\/475\/revisions\/3546"}],"wp:attachment":[{"href":"https:\/\/test-technique-ski.fr\/no\/wp-json\/wp\/v2\/media?parent=475"}],"curies":[{"name":"wp","href":"https:\/\/api.w.org\/{rel}","templated":true}]}}