{"id":492,"date":"2023-01-05T13:51:44","date_gmt":"2023-01-05T13:51:44","guid":{"rendered":"https:\/\/test-technique-ski.fr\/ski-teknisk-test-registrering\/"},"modified":"2026-02-28T09:34:04","modified_gmt":"2026-02-28T09:34:04","slug":"skiteknisk-proveregistrering","status":"publish","type":"page","link":"https:\/\/test-technique-ski.fr\/no\/skiteknisk-proveregistrering\/","title":{"rendered":"P\u00e5melding til alpint teknisk pr\u00f8ve"},"content":{"rendered":"\n<h1 class=\"wp-block-heading\">P\u00e5melding til den tekniske skitesten 2026<\/h1>\n\n<p>Hele p\u00e5meldingsprosessen til den tekniske skitesten foreg\u00e5r p\u00e5 nett.<\/p>\n\n<h2 class=\"wp-block-heading\">P\u00e5meldingsdatoer for den tekniske pr\u00f8ven i alpint<\/h2>\n\n<p>Registreringsdatoene er forskjellige for de to tekniske pr\u00f8vene som arrangeres i Frankrike:<\/p>\n\n<ul class=\"wp-block-list\">\n<li>P\u00e5meldingsdatoer for 1. sesjon: fra <strong>13\/10\/2025 til 21\/11\/2025<\/strong><\/li>\n\n\n\n<li>P\u00e5meldingsdatoer for 2. sesjon i mars og april: fra <strong>09. til 27. februar 2026<\/strong><\/li>\n<\/ul>\n\n<div style=\"height:25px\" aria-hidden=\"true\" class=\"wp-block-spacer\"><\/div>\n\n<h2 class=\"wp-block-heading\">Hvordan registrerer man seg til Ski Teknisk Test?<\/h2>\n\n<p>For \u00e5 registrere deg for <a href=\"https:\/\/test-technique-ski.fr\/no\/\">Ski Technical Test-<\/a> eksamenen, m\u00e5 du opprette en konto p\u00e5 Training Course Management-plattformen til det franske sportsdepartementet. GEPAFO Montagnes nettsted finner du p\u00e5 <a href=\"https:\/\/gepafom.fr\/\">gepafom.fr<\/a> .<\/p>\n\n<figure class=\"wp-block-image size-full\"><img fetchpriority=\"high\" decoding=\"async\" width=\"962\" height=\"508\" src=\"https:\/\/test-technique-ski.fr\/wp-content\/uploads\/2023\/01\/Inscription-test-technique-gepafom.jpg\" alt=\"Registreringsside for teknisk test\" class=\"wp-image-340\" title=\"P&#xE5;melding til teknisk pr&#xF8;ve p&#xE5; GEPAFOs nettsider\" srcset=\"https:\/\/test-technique-ski.fr\/wp-content\/uploads\/2023\/01\/Inscription-test-technique-gepafom.jpg 962w, https:\/\/test-technique-ski.fr\/wp-content\/uploads\/2023\/01\/Inscription-test-technique-gepafom-300x158.jpg 300w, https:\/\/test-technique-ski.fr\/wp-content\/uploads\/2023\/01\/Inscription-test-technique-gepafom-768x406.jpg 768w\" sizes=\"(max-width: 962px) 100vw, 962px\" \/><figcaption class=\"wp-element-caption\">Registreringsside for den tekniske testen p\u00e5 GEPAFO Montagnes nettside<\/figcaption><\/figure>\n\n<p><strong>Registreringsnettstedet for alpinskiinstrukt\u00f8r A-eksamenen<\/strong> krever at du oppretter en konto for \u00e5 f\u00e5 tilgang til kandidatplassen din. Du m\u00e5 fylle ut det elektroniske registreringsskjemaet for \u00e5 validere eksamenskandidatprofilen din.<\/p>\n\n<p>Denne kontoen p\u00e5 nettstedet til Idrettsdepartementet vil tillate deg \u00e5 f\u00f8lge alle stadier av s\u00f8knaden din til A-skiinstrukt\u00f8reksamenen.<\/p>\n\n<h2 class=\"wp-block-heading\">P\u00e5meldingsskjema for alpint teknisk pr\u00f8ve<\/h2>\n\n<p>Ved \u00e5 klikke p\u00e5 <strong>opprett en konto<\/strong> p\u00e5 registreringsnettstedet for <strong>Ski Technical Test<\/strong> gepafom.fr kommer du til registreringsskjemaet som skal fylles ut p\u00e5 Internett. <\/p>\n\n<p>Her er et skjermbilde av registreringsskjemaet:<\/p>\n\n<figure class=\"wp-block-image size-full\"><img decoding=\"async\" width=\"843\" height=\"886\" src=\"https:\/\/test-technique-ski.fr\/wp-content\/uploads\/2023\/01\/formulaire-inscription-test-technique-ski-gepafom.jpg\" alt=\"Tekniske skitesten registreringsskjema p&#xE5; Internett\" class=\"wp-image-343\" title=\"Tekniske skitesten registreringsskjema\" srcset=\"https:\/\/test-technique-ski.fr\/wp-content\/uploads\/2023\/01\/formulaire-inscription-test-technique-ski-gepafom.jpg 843w, https:\/\/test-technique-ski.fr\/wp-content\/uploads\/2023\/01\/formulaire-inscription-test-technique-ski-gepafom-285x300.jpg 285w, https:\/\/test-technique-ski.fr\/wp-content\/uploads\/2023\/01\/formulaire-inscription-test-technique-ski-gepafom-768x807.jpg 768w\" sizes=\"(max-width: 843px) 100vw, 843px\" \/><figcaption class=\"wp-element-caption\">Tekniske skitesten registreringsskjema p\u00e5 nettstedet gepafom.fr til idrettsdepartementet<\/figcaption><\/figure>\n","protected":false},"excerpt":{"rendered":"<p>P\u00e5melding til den tekniske skitesten 2026 Hele p\u00e5meldingsprosessen til den tekniske skitesten foreg\u00e5r p\u00e5 nett. P\u00e5meldingsdatoer for den tekniske pr\u00f8ven i alpint Registreringsdatoene er forskjellige for de to tekniske pr\u00f8vene som arrangeres i Frankrike: Hvordan registrerer man seg til Ski Teknisk Test? For \u00e5 registrere deg for Ski Technical Test- eksamenen, m\u00e5 du opprette en [&hellip;]<\/p>\n","protected":false},"author":1,"featured_media":0,"parent":0,"menu_order":0,"comment_status":"closed","ping_status":"closed","template":"","meta":{"footnotes":""},"class_list":["post-492","page","type-page","status-publish","hentry"],"yoast_head":"<!-- This site is optimized with the Yoast SEO plugin v27.3 - https:\/\/yoast.com\/product\/yoast-seo-wordpress\/ -->\n<title>P\u00e5melding til alpint teknisk pr\u00f8ve<\/title>\n<meta name=\"description\" content=\"All informasjon for din p\u00e5melding til den franske alpintekniske testen. Alle trinnene for vellykket registrering\" \/>\n<meta name=\"robots\" content=\"index, follow, max-snippet:-1, max-image-preview:large, max-video-preview:-1\" \/>\n<link rel=\"canonical\" href=\"https:\/\/test-technique-ski.fr\/no\/skiteknisk-proveregistrering\/\" \/>\n<meta property=\"og:locale\" content=\"nb_NO\" \/>\n<meta property=\"og:type\" content=\"article\" \/>\n<meta property=\"og:title\" content=\"P\u00e5melding til alpint teknisk pr\u00f8ve\" \/>\n<meta property=\"og:description\" content=\"All informasjon for din p\u00e5melding til den franske alpintekniske testen. Alle trinnene for vellykket registrering\" \/>\n<meta property=\"og:url\" content=\"https:\/\/test-technique-ski.fr\/no\/skiteknisk-proveregistrering\/\" \/>\n<meta property=\"og:site_name\" content=\"TEST TECHNIQUE SKI\" \/>\n<meta property=\"article:modified_time\" content=\"2026-02-28T09:34:04+00:00\" \/>\n<meta property=\"og:image\" content=\"https:\/\/test-technique-ski.fr\/wp-content\/uploads\/2023\/01\/Inscription-test-technique-gepafom.jpg\" \/>\n\t<meta property=\"og:image:width\" content=\"962\" \/>\n\t<meta property=\"og:image:height\" content=\"508\" \/>\n\t<meta property=\"og:image:type\" content=\"image\/jpeg\" \/>\n<meta name=\"twitter:card\" content=\"summary_large_image\" \/>\n<meta name=\"twitter:label1\" content=\"Ansl. lesetid\" \/>\n\t<meta name=\"twitter:data1\" content=\"1 minutt\" \/>\n<script type=\"application\/ld+json\" class=\"yoast-schema-graph\">{\"@context\":\"https:\\\/\\\/schema.org\",\"@graph\":[{\"@type\":\"WebPage\",\"@id\":\"https:\\\/\\\/test-technique-ski.fr\\\/no\\\/skiteknisk-proveregistrering\\\/\",\"url\":\"https:\\\/\\\/test-technique-ski.fr\\\/no\\\/skiteknisk-proveregistrering\\\/\",\"name\":\"P\u00e5melding til alpint teknisk pr\u00f8ve\",\"isPartOf\":{\"@id\":\"https:\\\/\\\/test-technique-ski.fr\\\/no\\\/#website\"},\"primaryImageOfPage\":{\"@id\":\"https:\\\/\\\/test-technique-ski.fr\\\/no\\\/skiteknisk-proveregistrering\\\/#primaryimage\"},\"image\":{\"@id\":\"https:\\\/\\\/test-technique-ski.fr\\\/no\\\/skiteknisk-proveregistrering\\\/#primaryimage\"},\"thumbnailUrl\":\"https:\\\/\\\/test-technique-ski.fr\\\/wp-content\\\/uploads\\\/2023\\\/01\\\/Inscription-test-technique-gepafom.jpg\",\"datePublished\":\"2023-01-05T13:51:44+00:00\",\"dateModified\":\"2026-02-28T09:34:04+00:00\",\"description\":\"All informasjon for din p\u00e5melding til den franske alpintekniske testen. Alle trinnene for vellykket registrering\",\"inLanguage\":\"nb-NO\",\"potentialAction\":[{\"@type\":\"ReadAction\",\"target\":[\"https:\\\/\\\/test-technique-ski.fr\\\/no\\\/skiteknisk-proveregistrering\\\/\"]}]},{\"@type\":\"ImageObject\",\"inLanguage\":\"nb-NO\",\"@id\":\"https:\\\/\\\/test-technique-ski.fr\\\/no\\\/skiteknisk-proveregistrering\\\/#primaryimage\",\"url\":\"https:\\\/\\\/test-technique-ski.fr\\\/wp-content\\\/uploads\\\/2023\\\/01\\\/Inscription-test-technique-gepafom.jpg\",\"contentUrl\":\"https:\\\/\\\/test-technique-ski.fr\\\/wp-content\\\/uploads\\\/2023\\\/01\\\/Inscription-test-technique-gepafom.jpg\"},{\"@type\":\"WebSite\",\"@id\":\"https:\\\/\\\/test-technique-ski.fr\\\/no\\\/#website\",\"url\":\"https:\\\/\\\/test-technique-ski.fr\\\/no\\\/\",\"name\":\"TEST TECHNIQUE SKI\",\"description\":\"\",\"potentialAction\":[{\"@type\":\"SearchAction\",\"target\":{\"@type\":\"EntryPoint\",\"urlTemplate\":\"https:\\\/\\\/test-technique-ski.fr\\\/no\\\/?s={search_term_string}\"},\"query-input\":{\"@type\":\"PropertyValueSpecification\",\"valueRequired\":true,\"valueName\":\"search_term_string\"}}],\"inLanguage\":\"nb-NO\"}]}<\/script>\n<!-- \/ Yoast SEO plugin. -->","yoast_head_json":{"title":"P\u00e5melding til alpint teknisk pr\u00f8ve","description":"All informasjon for din p\u00e5melding til den franske alpintekniske testen. Alle trinnene for vellykket registrering","robots":{"index":"index","follow":"follow","max-snippet":"max-snippet:-1","max-image-preview":"max-image-preview:large","max-video-preview":"max-video-preview:-1"},"canonical":"https:\/\/test-technique-ski.fr\/no\/skiteknisk-proveregistrering\/","og_locale":"nb_NO","og_type":"article","og_title":"P\u00e5melding til alpint teknisk pr\u00f8ve","og_description":"All informasjon for din p\u00e5melding til den franske alpintekniske testen. Alle trinnene for vellykket registrering","og_url":"https:\/\/test-technique-ski.fr\/no\/skiteknisk-proveregistrering\/","og_site_name":"TEST TECHNIQUE SKI","article_modified_time":"2026-02-28T09:34:04+00:00","og_image":[{"width":962,"height":508,"url":"https:\/\/test-technique-ski.fr\/wp-content\/uploads\/2023\/01\/Inscription-test-technique-gepafom.jpg","type":"image\/jpeg"}],"twitter_card":"summary_large_image","twitter_misc":{"Ansl. lesetid":"1 minutt"},"schema":{"@context":"https:\/\/schema.org","@graph":[{"@type":"WebPage","@id":"https:\/\/test-technique-ski.fr\/no\/skiteknisk-proveregistrering\/","url":"https:\/\/test-technique-ski.fr\/no\/skiteknisk-proveregistrering\/","name":"P\u00e5melding til alpint teknisk pr\u00f8ve","isPartOf":{"@id":"https:\/\/test-technique-ski.fr\/no\/#website"},"primaryImageOfPage":{"@id":"https:\/\/test-technique-ski.fr\/no\/skiteknisk-proveregistrering\/#primaryimage"},"image":{"@id":"https:\/\/test-technique-ski.fr\/no\/skiteknisk-proveregistrering\/#primaryimage"},"thumbnailUrl":"https:\/\/test-technique-ski.fr\/wp-content\/uploads\/2023\/01\/Inscription-test-technique-gepafom.jpg","datePublished":"2023-01-05T13:51:44+00:00","dateModified":"2026-02-28T09:34:04+00:00","description":"All informasjon for din p\u00e5melding til den franske alpintekniske testen. Alle trinnene for vellykket registrering","inLanguage":"nb-NO","potentialAction":[{"@type":"ReadAction","target":["https:\/\/test-technique-ski.fr\/no\/skiteknisk-proveregistrering\/"]}]},{"@type":"ImageObject","inLanguage":"nb-NO","@id":"https:\/\/test-technique-ski.fr\/no\/skiteknisk-proveregistrering\/#primaryimage","url":"https:\/\/test-technique-ski.fr\/wp-content\/uploads\/2023\/01\/Inscription-test-technique-gepafom.jpg","contentUrl":"https:\/\/test-technique-ski.fr\/wp-content\/uploads\/2023\/01\/Inscription-test-technique-gepafom.jpg"},{"@type":"WebSite","@id":"https:\/\/test-technique-ski.fr\/no\/#website","url":"https:\/\/test-technique-ski.fr\/no\/","name":"TEST TECHNIQUE SKI","description":"","potentialAction":[{"@type":"SearchAction","target":{"@type":"EntryPoint","urlTemplate":"https:\/\/test-technique-ski.fr\/no\/?s={search_term_string}"},"query-input":{"@type":"PropertyValueSpecification","valueRequired":true,"valueName":"search_term_string"}}],"inLanguage":"nb-NO"}]}},"_links":{"self":[{"href":"https:\/\/test-technique-ski.fr\/no\/wp-json\/wp\/v2\/pages\/492","targetHints":{"allow":["GET"]}}],"collection":[{"href":"https:\/\/test-technique-ski.fr\/no\/wp-json\/wp\/v2\/pages"}],"about":[{"href":"https:\/\/test-technique-ski.fr\/no\/wp-json\/wp\/v2\/types\/page"}],"author":[{"embeddable":true,"href":"https:\/\/test-technique-ski.fr\/no\/wp-json\/wp\/v2\/users\/1"}],"replies":[{"embeddable":true,"href":"https:\/\/test-technique-ski.fr\/no\/wp-json\/wp\/v2\/comments?post=492"}],"version-history":[{"count":3,"href":"https:\/\/test-technique-ski.fr\/no\/wp-json\/wp\/v2\/pages\/492\/revisions"}],"predecessor-version":[{"id":3803,"href":"https:\/\/test-technique-ski.fr\/no\/wp-json\/wp\/v2\/pages\/492\/revisions\/3803"}],"wp:attachment":[{"href":"https:\/\/test-technique-ski.fr\/no\/wp-json\/wp\/v2\/media?parent=492"}],"curies":[{"name":"wp","href":"https:\/\/api.w.org\/{rel}","templated":true}]}}