{"id":545,"date":"2023-01-07T08:50:20","date_gmt":"2023-01-07T08:50:20","guid":{"rendered":"https:\/\/test-technique-ski.fr\/bli-alpin-ski-instruktor\/"},"modified":"2025-08-29T13:15:51","modified_gmt":"2025-08-29T12:15:51","slug":"bli-alpin-ski-instruktor","status":"publish","type":"page","link":"https:\/\/test-technique-ski.fr\/no\/bli-alpin-ski-instruktor\/","title":{"rendered":"Bli alpinskiinstrukt\u00f8r"},"content":{"rendered":"\n<h1 class=\"wp-block-heading\">Hvordan bli alpinskiinstrukt\u00f8r?<\/h1>\n\n<p>Her er de generelle trinnene du m\u00e5 f\u00f8lge for \u00e5 bli alpinskiinstrukt\u00f8r i Frankrike:<\/p>\n\n<ol class=\"wp-block-list\">\n<li>S\u00f8rg for at du oppfyller de grunnleggende kravene: For \u00e5 bli skiinstrukt\u00f8r m\u00e5 du v\u00e6re minst 18 \u00e5r og ha f\u00f8rerkort. Du m\u00e5 ogs\u00e5 v\u00e6re i god fysisk form og kunne st\u00e5 p\u00e5 ski p\u00e5 et avansert niv\u00e5.<\/li>\n\n\n\n<li>Ta et kurs: Det finnes flere skiskoler i Frankrike som tilbyr <a href=\"https:\/\/test-technique-ski.fr\/no\/formation-moniteur-de-ski-alpin\/\">kurs for<\/a> \u00e5 bli skil\u00e6rer. Du kan velge sm\u00f8rbr\u00f8dtrening, som lar deg jobbe og ta timer samtidig, eller blokktrening, som foreg\u00e5r over en konsentrert tidsperiode. Oppl\u00e6ringen inkluderer teoretiske og praktiske leksjoner om skiteknikk, skiinstruksjon, fjellsikkerhet, med mer.<\/li>\n\n\n\n<li>F\u00e5 et diplom: For \u00e5 bli kvalifisert skil\u00e6rer m\u00e5 du best\u00e5 en avsluttende eksamen som arrangeres av <a href=\"http:\/\/ensm.sports.gouv.fr\">\u00c9cole Nationale de Ski et d&#8217;Alpinisme<\/a> (ENSA). Denne eksamenen inkluderer en praktisk skipr\u00f8ve og en teoretisk pr\u00f8ve p\u00e5 kunnskapen som kreves for \u00e5 v\u00e6re skiinstrukt\u00f8r.<\/li>\n<\/ol>\n\n<div style=\"height:10px\" aria-hidden=\"true\" class=\"wp-block-spacer\"><\/div>\n\n<p><strong>For \u00e5 bli<\/strong> skil\u00e6rer er det viktig \u00e5 ha gode skikunnskaper, men det er ogs\u00e5 andre viktige egenskaper og ferdigheter som m\u00e5 tilegnes:<\/p>\n\n<ul class=\"wp-block-list\">\n<li>Utmerkede kommunikasjonsevner: Du m\u00e5 v\u00e6re i stand til \u00e5 formidle instruksjonene dine tydelig og kommunisere effektivt med elevene dine.<\/li>\n\n\n\n<li>God fysisk form: som skiinstrukt\u00f8r vil du ofte v\u00e6re i fjellet hele dagen, s\u00e5 det er viktig \u00e5 v\u00e6re i god fysisk form for \u00e5 kunne henge med.<\/li>\n\n\n\n<li>Organisasjonsevner: du vil ha ansvar for \u00e5 organisere skitimer og utflukter for elevene dine, s\u00e5 det er viktig \u00e5 ha gode organisasjonsevner.<\/li>\n\n\n\n<li>God presentasjon: som representant for din skiskole eller skianlegg er det viktig \u00e5 ha en god personlig presentasjon og \u00e5 representere din bedrift godt.<\/li>\n\n\n\n<li>Ansvarsf\u00f8lelse: som skil\u00e6rer vil du v\u00e6re ansvarlig for sikkerheten til elevene dine under skitimer og utflukter. Det er viktig \u00e5 ha en sterk ansvarsf\u00f8lelse og \u00e5 ta n\u00f8dvendige beslutninger for \u00e5 ivareta alles sikkerhet.<\/li>\n<\/ul>\n\n<p><\/p>\n","protected":false},"excerpt":{"rendered":"<p>Hvordan bli alpinskiinstrukt\u00f8r? Her er de generelle trinnene du m\u00e5 f\u00f8lge for \u00e5 bli alpinskiinstrukt\u00f8r i Frankrike: For \u00e5 bli skil\u00e6rer er det viktig \u00e5 ha gode skikunnskaper, men det er ogs\u00e5 andre viktige egenskaper og ferdigheter som m\u00e5 tilegnes:<\/p>\n","protected":false},"author":1,"featured_media":0,"parent":0,"menu_order":0,"comment_status":"closed","ping_status":"closed","template":"","meta":{"footnotes":""},"class_list":["post-545","page","type-page","status-publish","hentry"],"yoast_head":"<!-- This site is optimized with the Yoast SEO plugin v27.3 - https:\/\/yoast.com\/product\/yoast-seo-wordpress\/ -->\n<title>Bli alpinskiinstrukt\u00f8r<\/title>\n<meta name=\"description\" content=\"Hvordan bli alpinskiinstrukt\u00f8r i Frankrike. Hva er egenskapene og ferdighetene du m\u00e5 tilegne deg for \u00e5 best\u00e5 Monitor A\" \/>\n<meta name=\"robots\" content=\"index, follow, max-snippet:-1, max-image-preview:large, max-video-preview:-1\" \/>\n<link rel=\"canonical\" href=\"https:\/\/test-technique-ski.fr\/no\/bli-alpin-ski-instruktor\/\" \/>\n<meta property=\"og:locale\" content=\"nb_NO\" \/>\n<meta property=\"og:type\" content=\"article\" \/>\n<meta property=\"og:title\" content=\"Bli alpinskiinstrukt\u00f8r\" \/>\n<meta property=\"og:description\" content=\"Hvordan bli alpinskiinstrukt\u00f8r i Frankrike. Hva er egenskapene og ferdighetene du m\u00e5 tilegne deg for \u00e5 best\u00e5 Monitor A\" \/>\n<meta property=\"og:url\" content=\"https:\/\/test-technique-ski.fr\/no\/bli-alpin-ski-instruktor\/\" \/>\n<meta property=\"og:site_name\" content=\"TEST TECHNIQUE SKI\" \/>\n<meta property=\"article:modified_time\" content=\"2025-08-29T12:15:51+00:00\" \/>\n<meta name=\"twitter:card\" content=\"summary_large_image\" \/>\n<meta name=\"twitter:label1\" content=\"Ansl. lesetid\" \/>\n\t<meta name=\"twitter:data1\" content=\"2 minutter\" \/>\n<script type=\"application\/ld+json\" class=\"yoast-schema-graph\">{\"@context\":\"https:\\\/\\\/schema.org\",\"@graph\":[{\"@type\":\"WebPage\",\"@id\":\"https:\\\/\\\/test-technique-ski.fr\\\/no\\\/bli-alpin-ski-instruktor\\\/\",\"url\":\"https:\\\/\\\/test-technique-ski.fr\\\/no\\\/bli-alpin-ski-instruktor\\\/\",\"name\":\"Bli alpinskiinstrukt\u00f8r\",\"isPartOf\":{\"@id\":\"https:\\\/\\\/test-technique-ski.fr\\\/no\\\/#website\"},\"datePublished\":\"2023-01-07T08:50:20+00:00\",\"dateModified\":\"2025-08-29T12:15:51+00:00\",\"description\":\"Hvordan bli alpinskiinstrukt\u00f8r i Frankrike. Hva er egenskapene og ferdighetene du m\u00e5 tilegne deg for \u00e5 best\u00e5 Monitor A\",\"inLanguage\":\"nb-NO\",\"potentialAction\":[{\"@type\":\"ReadAction\",\"target\":[\"https:\\\/\\\/test-technique-ski.fr\\\/no\\\/bli-alpin-ski-instruktor\\\/\"]}]},{\"@type\":\"WebSite\",\"@id\":\"https:\\\/\\\/test-technique-ski.fr\\\/no\\\/#website\",\"url\":\"https:\\\/\\\/test-technique-ski.fr\\\/no\\\/\",\"name\":\"TEST TECHNIQUE SKI\",\"description\":\"\",\"potentialAction\":[{\"@type\":\"SearchAction\",\"target\":{\"@type\":\"EntryPoint\",\"urlTemplate\":\"https:\\\/\\\/test-technique-ski.fr\\\/no\\\/?s={search_term_string}\"},\"query-input\":{\"@type\":\"PropertyValueSpecification\",\"valueRequired\":true,\"valueName\":\"search_term_string\"}}],\"inLanguage\":\"nb-NO\"}]}<\/script>\n<!-- \/ Yoast SEO plugin. -->","yoast_head_json":{"title":"Bli alpinskiinstrukt\u00f8r","description":"Hvordan bli alpinskiinstrukt\u00f8r i Frankrike. Hva er egenskapene og ferdighetene du m\u00e5 tilegne deg for \u00e5 best\u00e5 Monitor A","robots":{"index":"index","follow":"follow","max-snippet":"max-snippet:-1","max-image-preview":"max-image-preview:large","max-video-preview":"max-video-preview:-1"},"canonical":"https:\/\/test-technique-ski.fr\/no\/bli-alpin-ski-instruktor\/","og_locale":"nb_NO","og_type":"article","og_title":"Bli alpinskiinstrukt\u00f8r","og_description":"Hvordan bli alpinskiinstrukt\u00f8r i Frankrike. Hva er egenskapene og ferdighetene du m\u00e5 tilegne deg for \u00e5 best\u00e5 Monitor A","og_url":"https:\/\/test-technique-ski.fr\/no\/bli-alpin-ski-instruktor\/","og_site_name":"TEST TECHNIQUE SKI","article_modified_time":"2025-08-29T12:15:51+00:00","twitter_card":"summary_large_image","twitter_misc":{"Ansl. lesetid":"2 minutter"},"schema":{"@context":"https:\/\/schema.org","@graph":[{"@type":"WebPage","@id":"https:\/\/test-technique-ski.fr\/no\/bli-alpin-ski-instruktor\/","url":"https:\/\/test-technique-ski.fr\/no\/bli-alpin-ski-instruktor\/","name":"Bli alpinskiinstrukt\u00f8r","isPartOf":{"@id":"https:\/\/test-technique-ski.fr\/no\/#website"},"datePublished":"2023-01-07T08:50:20+00:00","dateModified":"2025-08-29T12:15:51+00:00","description":"Hvordan bli alpinskiinstrukt\u00f8r i Frankrike. Hva er egenskapene og ferdighetene du m\u00e5 tilegne deg for \u00e5 best\u00e5 Monitor A","inLanguage":"nb-NO","potentialAction":[{"@type":"ReadAction","target":["https:\/\/test-technique-ski.fr\/no\/bli-alpin-ski-instruktor\/"]}]},{"@type":"WebSite","@id":"https:\/\/test-technique-ski.fr\/no\/#website","url":"https:\/\/test-technique-ski.fr\/no\/","name":"TEST TECHNIQUE SKI","description":"","potentialAction":[{"@type":"SearchAction","target":{"@type":"EntryPoint","urlTemplate":"https:\/\/test-technique-ski.fr\/no\/?s={search_term_string}"},"query-input":{"@type":"PropertyValueSpecification","valueRequired":true,"valueName":"search_term_string"}}],"inLanguage":"nb-NO"}]}},"_links":{"self":[{"href":"https:\/\/test-technique-ski.fr\/no\/wp-json\/wp\/v2\/pages\/545","targetHints":{"allow":["GET"]}}],"collection":[{"href":"https:\/\/test-technique-ski.fr\/no\/wp-json\/wp\/v2\/pages"}],"about":[{"href":"https:\/\/test-technique-ski.fr\/no\/wp-json\/wp\/v2\/types\/page"}],"author":[{"embeddable":true,"href":"https:\/\/test-technique-ski.fr\/no\/wp-json\/wp\/v2\/users\/1"}],"replies":[{"embeddable":true,"href":"https:\/\/test-technique-ski.fr\/no\/wp-json\/wp\/v2\/comments?post=545"}],"version-history":[{"count":0,"href":"https:\/\/test-technique-ski.fr\/no\/wp-json\/wp\/v2\/pages\/545\/revisions"}],"wp:attachment":[{"href":"https:\/\/test-technique-ski.fr\/no\/wp-json\/wp\/v2\/media?parent=545"}],"curies":[{"name":"wp","href":"https:\/\/api.w.org\/{rel}","templated":true}]}}