{"id":546,"date":"2023-01-06T08:40:08","date_gmt":"2023-01-06T08:40:08","guid":{"rendered":"https:\/\/test-technique-ski.fr\/alpint-ski-teknisk-test-resultater\/"},"modified":"2026-01-31T09:21:16","modified_gmt":"2026-01-31T09:21:16","slug":"resultater-skiteknikkprover","status":"publish","type":"page","link":"https:\/\/test-technique-ski.fr\/no\/resultater-skiteknikkprover\/","title":{"rendered":"Tekniske testresultater for alpint"},"content":{"rendered":"\n<h1 class=\"wp-block-heading\">Resultater av skiteknisk test<\/h1>\n\n<p>Resultatene fra den <a href=\"https:\/\/test-technique-ski.fr\/no\/\">tekniske testen for alpint<\/a> er tilgjengelig p\u00e5 Internett p\u00e5 plattformen for administrasjon av treningskurser til det franske sportsdepartementet.<\/p>\n\n<h2 class=\"wp-block-heading\">Hvordan f\u00e5r jeg resultatene av den tekniske skitesten?<\/h2>\n\n<p>For \u00e5 se resultatene m\u00e5 du logge deg inn p\u00e5 <a href=\"https:\/\/www.gepafom.fr\/jsra\/login\">gepafom.fr.<\/a> <\/p>\n\n<p>Hvis du ikke har en konto p\u00e5 GEPAFO Montagne-nettstedet, kan du enkelt opprette en konto for \u00e5 <a href=\"https:\/\/test-technique-ski.fr\/no\/skiteknisk-proveregistrering\/\">registrere deg for den tekniske skitesten<\/a>.<\/p>\n\n<p>N\u00e5r du er logget inn p\u00e5 din GEPAFO-konto, m\u00e5 du klikke p\u00e5 RESULTAT som p\u00e5 bildet nedenfor:<\/p>\n\n<figure class=\"wp-block-image size-full\"><img fetchpriority=\"high\" decoding=\"async\" width=\"944\" height=\"448\" src=\"https:\/\/test-technique-ski.fr\/wp-content\/uploads\/2023\/01\/resultats-test-technique-ski.jpg\" alt=\"Tekniske testresultater for alpint\" class=\"wp-image-350\" title=\"Tekniske testresultater for alpint\" srcset=\"https:\/\/test-technique-ski.fr\/wp-content\/uploads\/2023\/01\/resultats-test-technique-ski.jpg 944w, https:\/\/test-technique-ski.fr\/wp-content\/uploads\/2023\/01\/resultats-test-technique-ski-300x142.jpg 300w, https:\/\/test-technique-ski.fr\/wp-content\/uploads\/2023\/01\/resultats-test-technique-ski-768x364.jpg 768w\" sizes=\"(max-width: 944px) 100vw, 944px\" \/><figcaption class=\"wp-element-caption\">Ski 2026 Tekniske testresultater<\/figcaption><\/figure>\n\n<p>Resultatene fra den tekniske pr\u00f8ven i alpint er tilgjengelig etter hver av de to \u00e5rlige tekniske pr\u00f8ve\u00f8ktene. Klikk her for \u00e5 se <a href=\"https:\/\/test-technique-ski.fr\/no\/teknisk-testdato-for-alpinski\/\">datoene for den tekniske skitesten 2026<\/a>.<\/p>\n","protected":false},"excerpt":{"rendered":"<p>Resultater av skiteknisk test Resultatene fra den tekniske testen for alpint er tilgjengelig p\u00e5 Internett p\u00e5 plattformen for administrasjon av treningskurser til det franske sportsdepartementet. Hvordan f\u00e5r jeg resultatene av den tekniske skitesten? For \u00e5 se resultatene m\u00e5 du logge deg inn p\u00e5 gepafom.fr. Hvis du ikke har en konto p\u00e5 GEPAFO Montagne-nettstedet, kan du [&hellip;]<\/p>\n","protected":false},"author":1,"featured_media":0,"parent":0,"menu_order":0,"comment_status":"closed","ping_status":"closed","template":"","meta":{"footnotes":""},"class_list":["post-546","page","type-page","status-publish","hentry"],"yoast_head":"<!-- This site is optimized with the Yoast SEO plugin v27.3 - https:\/\/yoast.com\/product\/yoast-seo-wordpress\/ -->\n<title>Tekniske testresultater for alpint<\/title>\n<meta name=\"description\" content=\"Se resultatene fra den tekniske testen for alpint direkte p\u00e5 Internett. Disse resultatene er tilgjengelige p\u00e5 nettet.\" \/>\n<meta name=\"robots\" content=\"index, follow, max-snippet:-1, max-image-preview:large, max-video-preview:-1\" \/>\n<link rel=\"canonical\" href=\"https:\/\/test-technique-ski.fr\/no\/resultater-skiteknikkprover\/\" \/>\n<meta property=\"og:locale\" content=\"nb_NO\" \/>\n<meta property=\"og:type\" content=\"article\" \/>\n<meta property=\"og:title\" content=\"Tekniske testresultater for alpint\" \/>\n<meta property=\"og:description\" content=\"Se resultatene fra den tekniske testen for alpint direkte p\u00e5 Internett. Disse resultatene er tilgjengelige p\u00e5 nettet.\" \/>\n<meta property=\"og:url\" content=\"https:\/\/test-technique-ski.fr\/no\/resultater-skiteknikkprover\/\" \/>\n<meta property=\"og:site_name\" content=\"TEST TECHNIQUE SKI\" \/>\n<meta property=\"article:modified_time\" content=\"2026-01-31T09:21:16+00:00\" \/>\n<meta property=\"og:image\" content=\"https:\/\/test-technique-ski.fr\/wp-content\/uploads\/2023\/01\/resultats-test-technique-ski.jpg\" \/>\n\t<meta property=\"og:image:width\" content=\"944\" \/>\n\t<meta property=\"og:image:height\" content=\"448\" \/>\n\t<meta property=\"og:image:type\" content=\"image\/jpeg\" \/>\n<meta name=\"twitter:card\" content=\"summary_large_image\" \/>\n<meta name=\"twitter:label1\" content=\"Ansl. lesetid\" \/>\n\t<meta name=\"twitter:data1\" content=\"1 minutt\" \/>\n<script type=\"application\/ld+json\" class=\"yoast-schema-graph\">{\"@context\":\"https:\\\/\\\/schema.org\",\"@graph\":[{\"@type\":\"WebPage\",\"@id\":\"https:\\\/\\\/test-technique-ski.fr\\\/no\\\/resultater-skiteknikkprover\\\/\",\"url\":\"https:\\\/\\\/test-technique-ski.fr\\\/no\\\/resultater-skiteknikkprover\\\/\",\"name\":\"Tekniske testresultater for alpint\",\"isPartOf\":{\"@id\":\"https:\\\/\\\/test-technique-ski.fr\\\/no\\\/#website\"},\"primaryImageOfPage\":{\"@id\":\"https:\\\/\\\/test-technique-ski.fr\\\/no\\\/resultater-skiteknikkprover\\\/#primaryimage\"},\"image\":{\"@id\":\"https:\\\/\\\/test-technique-ski.fr\\\/no\\\/resultater-skiteknikkprover\\\/#primaryimage\"},\"thumbnailUrl\":\"https:\\\/\\\/test-technique-ski.fr\\\/wp-content\\\/uploads\\\/2023\\\/01\\\/resultats-test-technique-ski.jpg\",\"datePublished\":\"2023-01-06T08:40:08+00:00\",\"dateModified\":\"2026-01-31T09:21:16+00:00\",\"description\":\"Se resultatene fra den tekniske testen for alpint direkte p\u00e5 Internett. Disse resultatene er tilgjengelige p\u00e5 nettet.\",\"inLanguage\":\"nb-NO\",\"potentialAction\":[{\"@type\":\"ReadAction\",\"target\":[\"https:\\\/\\\/test-technique-ski.fr\\\/no\\\/resultater-skiteknikkprover\\\/\"]}]},{\"@type\":\"ImageObject\",\"inLanguage\":\"nb-NO\",\"@id\":\"https:\\\/\\\/test-technique-ski.fr\\\/no\\\/resultater-skiteknikkprover\\\/#primaryimage\",\"url\":\"https:\\\/\\\/test-technique-ski.fr\\\/wp-content\\\/uploads\\\/2023\\\/01\\\/resultats-test-technique-ski.jpg\",\"contentUrl\":\"https:\\\/\\\/test-technique-ski.fr\\\/wp-content\\\/uploads\\\/2023\\\/01\\\/resultats-test-technique-ski.jpg\"},{\"@type\":\"WebSite\",\"@id\":\"https:\\\/\\\/test-technique-ski.fr\\\/no\\\/#website\",\"url\":\"https:\\\/\\\/test-technique-ski.fr\\\/no\\\/\",\"name\":\"TEST TECHNIQUE SKI\",\"description\":\"\",\"potentialAction\":[{\"@type\":\"SearchAction\",\"target\":{\"@type\":\"EntryPoint\",\"urlTemplate\":\"https:\\\/\\\/test-technique-ski.fr\\\/no\\\/?s={search_term_string}\"},\"query-input\":{\"@type\":\"PropertyValueSpecification\",\"valueRequired\":true,\"valueName\":\"search_term_string\"}}],\"inLanguage\":\"nb-NO\"}]}<\/script>\n<!-- \/ Yoast SEO plugin. -->","yoast_head_json":{"title":"Tekniske testresultater for alpint","description":"Se resultatene fra den tekniske testen for alpint direkte p\u00e5 Internett. Disse resultatene er tilgjengelige p\u00e5 nettet.","robots":{"index":"index","follow":"follow","max-snippet":"max-snippet:-1","max-image-preview":"max-image-preview:large","max-video-preview":"max-video-preview:-1"},"canonical":"https:\/\/test-technique-ski.fr\/no\/resultater-skiteknikkprover\/","og_locale":"nb_NO","og_type":"article","og_title":"Tekniske testresultater for alpint","og_description":"Se resultatene fra den tekniske testen for alpint direkte p\u00e5 Internett. Disse resultatene er tilgjengelige p\u00e5 nettet.","og_url":"https:\/\/test-technique-ski.fr\/no\/resultater-skiteknikkprover\/","og_site_name":"TEST TECHNIQUE SKI","article_modified_time":"2026-01-31T09:21:16+00:00","og_image":[{"width":944,"height":448,"url":"https:\/\/test-technique-ski.fr\/wp-content\/uploads\/2023\/01\/resultats-test-technique-ski.jpg","type":"image\/jpeg"}],"twitter_card":"summary_large_image","twitter_misc":{"Ansl. lesetid":"1 minutt"},"schema":{"@context":"https:\/\/schema.org","@graph":[{"@type":"WebPage","@id":"https:\/\/test-technique-ski.fr\/no\/resultater-skiteknikkprover\/","url":"https:\/\/test-technique-ski.fr\/no\/resultater-skiteknikkprover\/","name":"Tekniske testresultater for alpint","isPartOf":{"@id":"https:\/\/test-technique-ski.fr\/no\/#website"},"primaryImageOfPage":{"@id":"https:\/\/test-technique-ski.fr\/no\/resultater-skiteknikkprover\/#primaryimage"},"image":{"@id":"https:\/\/test-technique-ski.fr\/no\/resultater-skiteknikkprover\/#primaryimage"},"thumbnailUrl":"https:\/\/test-technique-ski.fr\/wp-content\/uploads\/2023\/01\/resultats-test-technique-ski.jpg","datePublished":"2023-01-06T08:40:08+00:00","dateModified":"2026-01-31T09:21:16+00:00","description":"Se resultatene fra den tekniske testen for alpint direkte p\u00e5 Internett. Disse resultatene er tilgjengelige p\u00e5 nettet.","inLanguage":"nb-NO","potentialAction":[{"@type":"ReadAction","target":["https:\/\/test-technique-ski.fr\/no\/resultater-skiteknikkprover\/"]}]},{"@type":"ImageObject","inLanguage":"nb-NO","@id":"https:\/\/test-technique-ski.fr\/no\/resultater-skiteknikkprover\/#primaryimage","url":"https:\/\/test-technique-ski.fr\/wp-content\/uploads\/2023\/01\/resultats-test-technique-ski.jpg","contentUrl":"https:\/\/test-technique-ski.fr\/wp-content\/uploads\/2023\/01\/resultats-test-technique-ski.jpg"},{"@type":"WebSite","@id":"https:\/\/test-technique-ski.fr\/no\/#website","url":"https:\/\/test-technique-ski.fr\/no\/","name":"TEST TECHNIQUE SKI","description":"","potentialAction":[{"@type":"SearchAction","target":{"@type":"EntryPoint","urlTemplate":"https:\/\/test-technique-ski.fr\/no\/?s={search_term_string}"},"query-input":{"@type":"PropertyValueSpecification","valueRequired":true,"valueName":"search_term_string"}}],"inLanguage":"nb-NO"}]}},"_links":{"self":[{"href":"https:\/\/test-technique-ski.fr\/no\/wp-json\/wp\/v2\/pages\/546","targetHints":{"allow":["GET"]}}],"collection":[{"href":"https:\/\/test-technique-ski.fr\/no\/wp-json\/wp\/v2\/pages"}],"about":[{"href":"https:\/\/test-technique-ski.fr\/no\/wp-json\/wp\/v2\/types\/page"}],"author":[{"embeddable":true,"href":"https:\/\/test-technique-ski.fr\/no\/wp-json\/wp\/v2\/users\/1"}],"replies":[{"embeddable":true,"href":"https:\/\/test-technique-ski.fr\/no\/wp-json\/wp\/v2\/comments?post=546"}],"version-history":[{"count":5,"href":"https:\/\/test-technique-ski.fr\/no\/wp-json\/wp\/v2\/pages\/546\/revisions"}],"predecessor-version":[{"id":3771,"href":"https:\/\/test-technique-ski.fr\/no\/wp-json\/wp\/v2\/pages\/546\/revisions\/3771"}],"wp:attachment":[{"href":"https:\/\/test-technique-ski.fr\/no\/wp-json\/wp\/v2\/media?parent=546"}],"curies":[{"name":"wp","href":"https:\/\/api.w.org\/{rel}","templated":true}]}}