{"id":768,"date":"2023-01-13T12:41:48","date_gmt":"2023-01-13T12:41:48","guid":{"rendered":"https:\/\/test-technique-ski.fr\/gepafo-fjellet\/"},"modified":"2023-01-13T12:57:04","modified_gmt":"2023-01-13T12:57:04","slug":"gepafo-fjellet","status":"publish","type":"page","link":"https:\/\/test-technique-ski.fr\/no\/gepafo-fjellet\/","title":{"rendered":"GEPAFO-fjellet | oppf\u00f8lgingstreningsinstrukt\u00f8r A"},"content":{"rendered":"\n<h1 class=\"wp-block-heading\">GEPAFO Montagne for skiinstrukt\u00f8rutdanning<\/h1>\n\n<h2 class=\"wp-block-heading\">Hva er GEPAFO?<\/h2>\n\n<p><strong>GEPAFO er forkortelsen for GEstion des Parcours de TOrmation<\/strong> . Dette er en nettplattform som lar deg f\u00f8lge ledelsen av treningskurs med det franske idrettsdepartementet.<\/p>\n\n<h2 class=\"wp-block-heading\">Hvordan registrerer man seg p\u00e5 GEPAFO-nettstedet?<\/h2>\n\n<p>GEPAFO Montagne-plattformen er tilgjengelig p\u00e5 Internett-adressen www.gepafom.fr. <\/p>\n\n<h2 class=\"wp-block-heading\">Hva brukes GEPAFO-nettplattformen til?<\/h2>\n\n<p>GEPAFO-plattformen lar hver kandidat for skiinstrukt\u00f8rdiplomet registrere seg til testene og f\u00f8lge oppl\u00e6ringen gjennom hele l\u00e6ringsprosessen til skiinstrukt\u00f8ryrket.<\/p>\n\n<p>1. trinn i oppl\u00e6ringen er best\u00e5tt av <a href=\"https:\/\/test-technique-ski.fr\/no\/\">den tekniske skipr\u00f8ven<\/a> . Denne f\u00f8rste testen validerer kandidatens niv\u00e5 p\u00e5 ski. <a href=\"https:\/\/test-technique-ski.fr\/no\/skiteknisk-proveregistrering\/\">Registrering til den skitekniske testen<\/a> skjer helt online p\u00e5 gepafom.fr-plattformen<\/p>\n\n<p> <\/p>\n","protected":false},"excerpt":{"rendered":"<p>GEPAFO Montagne for skiinstrukt\u00f8rutdanning Hva er GEPAFO? GEPAFO er forkortelsen for GEstion des Parcours de TOrmation . Dette er en nettplattform som lar deg f\u00f8lge ledelsen av treningskurs med det franske idrettsdepartementet. Hvordan registrerer man seg p\u00e5 GEPAFO-nettstedet? GEPAFO Montagne-plattformen er tilgjengelig p\u00e5 Internett-adressen www.gepafom.fr. Hva brukes GEPAFO-nettplattformen til? GEPAFO-plattformen lar hver kandidat for skiinstrukt\u00f8rdiplomet [&hellip;]<\/p>\n","protected":false},"author":1,"featured_media":0,"parent":0,"menu_order":0,"comment_status":"closed","ping_status":"closed","template":"","meta":{"footnotes":""},"class_list":["post-768","page","type-page","status-publish","hentry"],"yoast_head":"<!-- This site is optimized with the Yoast SEO plugin v27.3 - https:\/\/yoast.com\/product\/yoast-seo-wordpress\/ -->\n<title>GEPAFO-fjellet | oppf\u00f8lgingstreningsinstrukt\u00f8r A<\/title>\n<meta name=\"description\" content=\"GEPAFO Montagne, plattformen for administrasjon av treningskurser til det franske sportsdepartementet\" \/>\n<meta name=\"robots\" content=\"index, follow, max-snippet:-1, max-image-preview:large, max-video-preview:-1\" \/>\n<link rel=\"canonical\" href=\"https:\/\/test-technique-ski.fr\/no\/gepafo-fjellet\/\" \/>\n<meta property=\"og:locale\" content=\"nb_NO\" \/>\n<meta property=\"og:type\" content=\"article\" \/>\n<meta property=\"og:title\" content=\"GEPAFO-fjellet | oppf\u00f8lgingstreningsinstrukt\u00f8r A\" \/>\n<meta property=\"og:description\" content=\"GEPAFO Montagne, plattformen for administrasjon av treningskurser til det franske sportsdepartementet\" \/>\n<meta property=\"og:url\" content=\"https:\/\/test-technique-ski.fr\/no\/gepafo-fjellet\/\" \/>\n<meta property=\"og:site_name\" content=\"TEST TECHNIQUE SKI\" \/>\n<meta property=\"article:modified_time\" content=\"2023-01-13T12:57:04+00:00\" \/>\n<meta name=\"twitter:card\" content=\"summary_large_image\" \/>\n<meta name=\"twitter:label1\" content=\"Ansl. lesetid\" \/>\n\t<meta name=\"twitter:data1\" content=\"1 minutt\" \/>\n<script type=\"application\/ld+json\" class=\"yoast-schema-graph\">{\"@context\":\"https:\\\/\\\/schema.org\",\"@graph\":[{\"@type\":\"WebPage\",\"@id\":\"https:\\\/\\\/test-technique-ski.fr\\\/no\\\/gepafo-fjellet\\\/\",\"url\":\"https:\\\/\\\/test-technique-ski.fr\\\/no\\\/gepafo-fjellet\\\/\",\"name\":\"GEPAFO-fjellet | oppf\u00f8lgingstreningsinstrukt\u00f8r A\",\"isPartOf\":{\"@id\":\"https:\\\/\\\/test-technique-ski.fr\\\/no\\\/#website\"},\"datePublished\":\"2023-01-13T12:41:48+00:00\",\"dateModified\":\"2023-01-13T12:57:04+00:00\",\"description\":\"GEPAFO Montagne, plattformen for administrasjon av treningskurser til det franske sportsdepartementet\",\"inLanguage\":\"nb-NO\",\"potentialAction\":[{\"@type\":\"ReadAction\",\"target\":[\"https:\\\/\\\/test-technique-ski.fr\\\/no\\\/gepafo-fjellet\\\/\"]}]},{\"@type\":\"WebSite\",\"@id\":\"https:\\\/\\\/test-technique-ski.fr\\\/no\\\/#website\",\"url\":\"https:\\\/\\\/test-technique-ski.fr\\\/no\\\/\",\"name\":\"TEST TECHNIQUE SKI\",\"description\":\"\",\"potentialAction\":[{\"@type\":\"SearchAction\",\"target\":{\"@type\":\"EntryPoint\",\"urlTemplate\":\"https:\\\/\\\/test-technique-ski.fr\\\/no\\\/?s={search_term_string}\"},\"query-input\":{\"@type\":\"PropertyValueSpecification\",\"valueRequired\":true,\"valueName\":\"search_term_string\"}}],\"inLanguage\":\"nb-NO\"}]}<\/script>\n<!-- \/ Yoast SEO plugin. -->","yoast_head_json":{"title":"GEPAFO-fjellet | oppf\u00f8lgingstreningsinstrukt\u00f8r A","description":"GEPAFO Montagne, plattformen for administrasjon av treningskurser til det franske sportsdepartementet","robots":{"index":"index","follow":"follow","max-snippet":"max-snippet:-1","max-image-preview":"max-image-preview:large","max-video-preview":"max-video-preview:-1"},"canonical":"https:\/\/test-technique-ski.fr\/no\/gepafo-fjellet\/","og_locale":"nb_NO","og_type":"article","og_title":"GEPAFO-fjellet | oppf\u00f8lgingstreningsinstrukt\u00f8r A","og_description":"GEPAFO Montagne, plattformen for administrasjon av treningskurser til det franske sportsdepartementet","og_url":"https:\/\/test-technique-ski.fr\/no\/gepafo-fjellet\/","og_site_name":"TEST TECHNIQUE SKI","article_modified_time":"2023-01-13T12:57:04+00:00","twitter_card":"summary_large_image","twitter_misc":{"Ansl. lesetid":"1 minutt"},"schema":{"@context":"https:\/\/schema.org","@graph":[{"@type":"WebPage","@id":"https:\/\/test-technique-ski.fr\/no\/gepafo-fjellet\/","url":"https:\/\/test-technique-ski.fr\/no\/gepafo-fjellet\/","name":"GEPAFO-fjellet | oppf\u00f8lgingstreningsinstrukt\u00f8r A","isPartOf":{"@id":"https:\/\/test-technique-ski.fr\/no\/#website"},"datePublished":"2023-01-13T12:41:48+00:00","dateModified":"2023-01-13T12:57:04+00:00","description":"GEPAFO Montagne, plattformen for administrasjon av treningskurser til det franske sportsdepartementet","inLanguage":"nb-NO","potentialAction":[{"@type":"ReadAction","target":["https:\/\/test-technique-ski.fr\/no\/gepafo-fjellet\/"]}]},{"@type":"WebSite","@id":"https:\/\/test-technique-ski.fr\/no\/#website","url":"https:\/\/test-technique-ski.fr\/no\/","name":"TEST TECHNIQUE SKI","description":"","potentialAction":[{"@type":"SearchAction","target":{"@type":"EntryPoint","urlTemplate":"https:\/\/test-technique-ski.fr\/no\/?s={search_term_string}"},"query-input":{"@type":"PropertyValueSpecification","valueRequired":true,"valueName":"search_term_string"}}],"inLanguage":"nb-NO"}]}},"_links":{"self":[{"href":"https:\/\/test-technique-ski.fr\/no\/wp-json\/wp\/v2\/pages\/768","targetHints":{"allow":["GET"]}}],"collection":[{"href":"https:\/\/test-technique-ski.fr\/no\/wp-json\/wp\/v2\/pages"}],"about":[{"href":"https:\/\/test-technique-ski.fr\/no\/wp-json\/wp\/v2\/types\/page"}],"author":[{"embeddable":true,"href":"https:\/\/test-technique-ski.fr\/no\/wp-json\/wp\/v2\/users\/1"}],"replies":[{"embeddable":true,"href":"https:\/\/test-technique-ski.fr\/no\/wp-json\/wp\/v2\/comments?post=768"}],"version-history":[{"count":0,"href":"https:\/\/test-technique-ski.fr\/no\/wp-json\/wp\/v2\/pages\/768\/revisions"}],"wp:attachment":[{"href":"https:\/\/test-technique-ski.fr\/no\/wp-json\/wp\/v2\/media?parent=768"}],"curies":[{"name":"wp","href":"https:\/\/api.w.org\/{rel}","templated":true}]}}