{"id":1903,"date":"2024-09-25T08:16:40","date_gmt":"2024-09-25T07:16:40","guid":{"rendered":"https:\/\/test-technique-ski.fr\/teste-tecnica-ski-alpin-menuires\/"},"modified":"2026-01-29T11:54:20","modified_gmt":"2026-01-29T11:54:20","slug":"teste-tecnica-ski-alpin-menuires","status":"publish","type":"page","link":"https:\/\/test-technique-ski.fr\/pt-pt\/teste-tecnica-ski-alpin-menuires\/","title":{"rendered":"Prova t\u00e9cnica de esqui alpino em Les M\u00e9nuires"},"content":{"rendered":"\n<h1 class=\"wp-block-heading\">Prova t\u00e9cnica de esqui alpino em Les Menuires (73)<\/h1>\n\n<p>Todos os anos, Les Menuires organiza uma ou mais sess\u00f5es da Prova T\u00e9cnica de Esqui Alpino no \u00e2mbito do programa <a href=\"https:\/\/test-technique-ski.fr\/pt-pt\/formation-moniteur-de-ski-alpin\/\">de forma\u00e7\u00e3o de Instrutores de Esqui Alpino<\/a>.<\/p>\n\n<h2 class=\"wp-block-heading\">Datas da prova t\u00e9cnica de esqui alpino em Les Menuires<\/h2>\n\n<ul class=\"wp-block-list\">\n<li>Os testes em Les Menuires para a 1\u00aa sess\u00e3o da Prova T\u00e9cnica tiveram lugar de 5 a 9 de janeiro de 2026;<\/li>\n\n\n\n<li>Os testes em Les Menuires para a 1\u00aa sess\u00e3o da Prova T\u00e9cnica CTT tiveram lugar de 22 a 24 de janeiro de 2026.<\/li>\n<\/ul>\n\n<div style=\"height:10px\" aria-hidden=\"true\" class=\"wp-block-spacer\"><\/div>\n\n<h2 class=\"wp-block-heading\">Curso de forma\u00e7\u00e3o Teste T\u00e9cnico em Les Menuires<\/h2>\n\n<p>A Academia ESF de Les M\u00e9nuires vai organizar v\u00e1rios <a href=\"https:\/\/test-technique-ski.fr\/pt-pt\/curso-de-preparacao-para-provas-tecnicas-de-esqui-alpino\/\">cursos de forma\u00e7\u00e3o de Testes T\u00e9cnicos<\/a> no Est\u00e1dio de Slalom de Les M\u00e9nuires:<\/p>\n\n<ul class=\"wp-block-list\">\n<li>Curso de prova t\u00e9cnica antes da prova t\u00e9cnica em Les Menuires ;<\/li>\n\n\n\n<li>Curso de prepara\u00e7\u00e3o para a prova t\u00e9cnica dos CTT.<\/li>\n<\/ul>\n\n<div style=\"height:10px\" aria-hidden=\"true\" class=\"wp-block-spacer\"><\/div>\n\n<p>Para participar nos cursos de prepara\u00e7\u00e3o, contacta <strong>Nicolas Flage<\/strong> atrav\u00e9s do <a href=\"tel:+33625690113\">n\u00famero 06 25 69 01 13<\/a>.<\/p>\n\n<div style=\"height:20px\" aria-hidden=\"true\" class=\"wp-block-spacer\"><\/div>\n\n<h2 class=\"wp-block-heading\">Como \u00e9 que me inscrevo na prova t\u00e9cnica Les Menuires?<\/h2>\n\n<p>Todo o <a href=\"https:\/\/test-technique-ski.fr\/pt-pt\/registo-tecnico-teste-ski\/\">processo de inscri\u00e7\u00e3o para a prova t\u00e9cnica de esqui<\/a> \u00e9 efectuado em linha no s\u00edtio Web oficial do GEPAFO.<\/p>\n\n<h2 class=\"wp-block-heading\">Prazo de inscri\u00e7\u00e3o para a prova t\u00e9cnica em Les M\u00e9nuires<\/h2>\n\n<p>Apresentamos-te os prazos de inscri\u00e7\u00e3o para a Prova T\u00e9cnica de Les Menuires:<\/p>\n\n<ul class=\"wp-block-list\">\n<li>Prazo de inscri\u00e7\u00e3o: 13\/10\/2025<\/li>\n\n\n\n<li>Data-limite para a apresenta\u00e7\u00e3o de candidaturas: 21\/11\/2025<\/li>\n<\/ul>\n\n<p>Para os CTT, a data limite para as inscri\u00e7\u00f5es foi 21\/12\/2025.<\/p>\n","protected":false},"excerpt":{"rendered":"<p>Prova t\u00e9cnica de esqui alpino em Les Menuires (73) Todos os anos, Les Menuires organiza uma ou mais sess\u00f5es da Prova T\u00e9cnica de Esqui Alpino no \u00e2mbito do programa de forma\u00e7\u00e3o de Instrutores de Esqui Alpino. Datas da prova t\u00e9cnica de esqui alpino em Les Menuires Curso de forma\u00e7\u00e3o Teste T\u00e9cnico em Les Menuires A [&hellip;]<\/p>\n","protected":false},"author":1,"featured_media":0,"parent":0,"menu_order":0,"comment_status":"closed","ping_status":"closed","template":"","meta":{"footnotes":""},"class_list":["post-1903","page","type-page","status-publish","hentry"],"yoast_head":"<!-- This site is optimized with the Yoast SEO plugin v27.3 - https:\/\/yoast.com\/product\/yoast-seo-wordpress\/ -->\n<title>Prova t\u00e9cnica de esqui alpino em Les M\u00e9nuires - TEST TECHNIQUE SKI<\/title>\n<meta name=\"description\" content=\"Parte da prova t\u00e9cnica de esqui alpino tem lugar em Les Menuires. Participa no curso de prepara\u00e7\u00e3o em Les Menuires\" \/>\n<meta name=\"robots\" content=\"index, follow, max-snippet:-1, max-image-preview:large, max-video-preview:-1\" \/>\n<link rel=\"canonical\" href=\"https:\/\/test-technique-ski.fr\/pt-pt\/teste-tecnica-ski-alpin-menuires\/\" \/>\n<meta property=\"og:locale\" content=\"pt_PT\" \/>\n<meta property=\"og:type\" content=\"article\" \/>\n<meta property=\"og:title\" content=\"Prova t\u00e9cnica de esqui alpino em Les M\u00e9nuires - TEST TECHNIQUE SKI\" \/>\n<meta property=\"og:description\" content=\"Parte da prova t\u00e9cnica de esqui alpino tem lugar em Les Menuires. Participa no curso de prepara\u00e7\u00e3o em Les Menuires\" \/>\n<meta property=\"og:url\" content=\"https:\/\/test-technique-ski.fr\/pt-pt\/teste-tecnica-ski-alpin-menuires\/\" \/>\n<meta property=\"og:site_name\" content=\"TEST TECHNIQUE SKI\" \/>\n<meta property=\"article:modified_time\" content=\"2026-01-29T11:54:20+00:00\" \/>\n<meta name=\"twitter:card\" content=\"summary_large_image\" \/>\n<meta name=\"twitter:label1\" content=\"Tempo estimado de leitura\" \/>\n\t<meta name=\"twitter:data1\" content=\"1 minuto\" \/>\n<script type=\"application\/ld+json\" class=\"yoast-schema-graph\">{\"@context\":\"https:\\\/\\\/schema.org\",\"@graph\":[{\"@type\":\"WebPage\",\"@id\":\"https:\\\/\\\/test-technique-ski.fr\\\/pt-pt\\\/teste-tecnica-ski-alpin-menuires\\\/\",\"url\":\"https:\\\/\\\/test-technique-ski.fr\\\/pt-pt\\\/teste-tecnica-ski-alpin-menuires\\\/\",\"name\":\"Prova t\u00e9cnica de esqui alpino em Les M\u00e9nuires - TEST TECHNIQUE SKI\",\"isPartOf\":{\"@id\":\"https:\\\/\\\/test-technique-ski.fr\\\/pt-pt\\\/#website\"},\"datePublished\":\"2024-09-25T07:16:40+00:00\",\"dateModified\":\"2026-01-29T11:54:20+00:00\",\"description\":\"Parte da prova t\u00e9cnica de esqui alpino tem lugar em Les Menuires. Participa no curso de prepara\u00e7\u00e3o em Les Menuires\",\"inLanguage\":\"pt-PT\",\"potentialAction\":[{\"@type\":\"ReadAction\",\"target\":[\"https:\\\/\\\/test-technique-ski.fr\\\/pt-pt\\\/teste-tecnica-ski-alpin-menuires\\\/\"]}]},{\"@type\":\"WebSite\",\"@id\":\"https:\\\/\\\/test-technique-ski.fr\\\/pt-pt\\\/#website\",\"url\":\"https:\\\/\\\/test-technique-ski.fr\\\/pt-pt\\\/\",\"name\":\"TEST TECHNIQUE SKI\",\"description\":\"\",\"potentialAction\":[{\"@type\":\"SearchAction\",\"target\":{\"@type\":\"EntryPoint\",\"urlTemplate\":\"https:\\\/\\\/test-technique-ski.fr\\\/pt-pt\\\/?s={search_term_string}\"},\"query-input\":{\"@type\":\"PropertyValueSpecification\",\"valueRequired\":true,\"valueName\":\"search_term_string\"}}],\"inLanguage\":\"pt-PT\"}]}<\/script>\n<!-- \/ Yoast SEO plugin. -->","yoast_head_json":{"title":"Prova t\u00e9cnica de esqui alpino em Les M\u00e9nuires - TEST TECHNIQUE SKI","description":"Parte da prova t\u00e9cnica de esqui alpino tem lugar em Les Menuires. Participa no curso de prepara\u00e7\u00e3o em Les Menuires","robots":{"index":"index","follow":"follow","max-snippet":"max-snippet:-1","max-image-preview":"max-image-preview:large","max-video-preview":"max-video-preview:-1"},"canonical":"https:\/\/test-technique-ski.fr\/pt-pt\/teste-tecnica-ski-alpin-menuires\/","og_locale":"pt_PT","og_type":"article","og_title":"Prova t\u00e9cnica de esqui alpino em Les M\u00e9nuires - TEST TECHNIQUE SKI","og_description":"Parte da prova t\u00e9cnica de esqui alpino tem lugar em Les Menuires. Participa no curso de prepara\u00e7\u00e3o em Les Menuires","og_url":"https:\/\/test-technique-ski.fr\/pt-pt\/teste-tecnica-ski-alpin-menuires\/","og_site_name":"TEST TECHNIQUE SKI","article_modified_time":"2026-01-29T11:54:20+00:00","twitter_card":"summary_large_image","twitter_misc":{"Tempo estimado de leitura":"1 minuto"},"schema":{"@context":"https:\/\/schema.org","@graph":[{"@type":"WebPage","@id":"https:\/\/test-technique-ski.fr\/pt-pt\/teste-tecnica-ski-alpin-menuires\/","url":"https:\/\/test-technique-ski.fr\/pt-pt\/teste-tecnica-ski-alpin-menuires\/","name":"Prova t\u00e9cnica de esqui alpino em Les M\u00e9nuires - TEST TECHNIQUE SKI","isPartOf":{"@id":"https:\/\/test-technique-ski.fr\/pt-pt\/#website"},"datePublished":"2024-09-25T07:16:40+00:00","dateModified":"2026-01-29T11:54:20+00:00","description":"Parte da prova t\u00e9cnica de esqui alpino tem lugar em Les Menuires. Participa no curso de prepara\u00e7\u00e3o em Les Menuires","inLanguage":"pt-PT","potentialAction":[{"@type":"ReadAction","target":["https:\/\/test-technique-ski.fr\/pt-pt\/teste-tecnica-ski-alpin-menuires\/"]}]},{"@type":"WebSite","@id":"https:\/\/test-technique-ski.fr\/pt-pt\/#website","url":"https:\/\/test-technique-ski.fr\/pt-pt\/","name":"TEST TECHNIQUE SKI","description":"","potentialAction":[{"@type":"SearchAction","target":{"@type":"EntryPoint","urlTemplate":"https:\/\/test-technique-ski.fr\/pt-pt\/?s={search_term_string}"},"query-input":{"@type":"PropertyValueSpecification","valueRequired":true,"valueName":"search_term_string"}}],"inLanguage":"pt-PT"}]}},"_links":{"self":[{"href":"https:\/\/test-technique-ski.fr\/pt-pt\/wp-json\/wp\/v2\/pages\/1903","targetHints":{"allow":["GET"]}}],"collection":[{"href":"https:\/\/test-technique-ski.fr\/pt-pt\/wp-json\/wp\/v2\/pages"}],"about":[{"href":"https:\/\/test-technique-ski.fr\/pt-pt\/wp-json\/wp\/v2\/types\/page"}],"author":[{"embeddable":true,"href":"https:\/\/test-technique-ski.fr\/pt-pt\/wp-json\/wp\/v2\/users\/1"}],"replies":[{"embeddable":true,"href":"https:\/\/test-technique-ski.fr\/pt-pt\/wp-json\/wp\/v2\/comments?post=1903"}],"version-history":[{"count":7,"href":"https:\/\/test-technique-ski.fr\/pt-pt\/wp-json\/wp\/v2\/pages\/1903\/revisions"}],"predecessor-version":[{"id":3736,"href":"https:\/\/test-technique-ski.fr\/pt-pt\/wp-json\/wp\/v2\/pages\/1903\/revisions\/3736"}],"wp:attachment":[{"href":"https:\/\/test-technique-ski.fr\/pt-pt\/wp-json\/wp\/v2\/media?parent=1903"}],"curies":[{"name":"wp","href":"https:\/\/api.w.org\/{rel}","templated":true}]}}