{"id":2531,"date":"2025-03-31T14:35:08","date_gmt":"2025-03-31T13:35:08","guid":{"rendered":"https:\/\/test-technique-ski.fr\/stage-ski-slalom-automne\/"},"modified":"2026-01-12T09:31:55","modified_gmt":"2026-01-12T09:31:55","slug":"stage-ski-slalom-automne","status":"publish","type":"page","link":"https:\/\/test-technique-ski.fr\/pt-pt\/stage-ski-slalom-automne\/","title":{"rendered":"Curso de esqui slalom de outono"},"content":{"rendered":"\n<h1 class=\"wp-block-heading\">Curso de forma\u00e7\u00e3o em corridas de esqui no Dia de Todos os Santos<\/h1>\n\n<h2 class=\"wp-block-heading\">Percurso de esqui alpino de outono no SnowWorld d&#8217;Amn\u00e9ville<\/h2>\n\n<p>Participa nos nossos <a href=\"https:\/\/test-technique-ski.fr\/pt-pt\/stage-ski-slalom-amneville\/\">cursos de esqui slalom em Amn\u00e9ville<\/a>. Os nossos cursos intensivos de corrida de esqui s\u00e3o organizados no centro indoor SnowWorld em Amn\u00e9ville, Fran\u00e7a. Tal como os nossos percursos <a href=\"https:\/\/test-technique-ski.fr\/pt-pt\/stage-ski-slalom-ete\/\">de slalom de ver\u00e3o em Tignes<\/a>, estes percursos s\u00e3o uma excelente prepara\u00e7\u00e3o para a \u00e9poca de inverno. Permitem aos esquiadores trabalhar a sua t\u00e9cnica em condi\u00e7\u00f5es \u00f3ptimas em outubro, quando as est\u00e2ncias de esqui ainda n\u00e3o est\u00e3o abertas.<\/p>\n\n<h2 class=\"wp-block-heading\">Porqu\u00ea escolher um curso de esqui em Amn\u00e9ville no Dia de Todos os Santos?<\/h2>\n\n<p>A c\u00fapula interior <a href=\"https:\/\/www.snowworld.com\/amneville\/fr\">do SnowWorld em Amn\u00e9ville<\/a> oferece condi\u00e7\u00f5es perfeitas, com pistas cobertas de neve durante todo o ano. Reservamos e privatizamos pistas especialmente para as nossas sess\u00f5es de treino de slalom, garantindo um ambiente ideal para um progresso eficaz.<\/p>\n\n<p><strong>Contacto do curso de esqui do outono de 2026<\/strong>: Nicolas em <a href=\"tel:0033625690113\">06 25 69 01 13<\/a><\/p>\n\n<div style=\"height:30px\" aria-hidden=\"true\" class=\"wp-block-spacer\"><\/div>\n\n<figure class=\"wp-block-image size-large\"><img fetchpriority=\"high\" decoding=\"async\" width=\"1024\" height=\"865\" src=\"https:\/\/test-technique-ski.fr\/wp-content\/uploads\/2025\/03\/IMG_1992-1024x865.jpg\" alt=\"\" class=\"wp-image-2667\" srcset=\"https:\/\/test-technique-ski.fr\/wp-content\/uploads\/2025\/03\/IMG_1992-1024x865.jpg 1024w, https:\/\/test-technique-ski.fr\/wp-content\/uploads\/2025\/03\/IMG_1992-300x253.jpg 300w, https:\/\/test-technique-ski.fr\/wp-content\/uploads\/2025\/03\/IMG_1992-768x649.jpg 768w, https:\/\/test-technique-ski.fr\/wp-content\/uploads\/2025\/03\/IMG_1992.jpg 1290w\" sizes=\"(max-width: 1024px) 100vw, 1024px\" \/><figcaption class=\"wp-element-caption\">curso de esqui slalom indoor em outubro em Amn\u00e9ville<\/figcaption><\/figure>\n\n<h2 class=\"wp-block-heading\">Um programa intensivo e completo<\/h2>\n\n<p>Os nossos cursos incluem v\u00e1rias horas de esqui slalom todos os dias, seguidas de sess\u00f5es de prepara\u00e7\u00e3o f\u00edsica aprofundada para garantir o m\u00e1ximo progresso:<\/p>\n\n<ul class=\"wp-block-list\">\n<li><strong>Treino intensivo de slalom<\/strong>: trabalho t\u00e9cnico preciso em pistas privadas, exerc\u00edcios orientados e cronometrados.<\/li>\n\n\n\n<li><strong>Prepara\u00e7\u00e3o f\u00edsica<\/strong>: treino espec\u00edfico para a competi\u00e7\u00e3o, refor\u00e7o muscular, pliometria, trabalho de resist\u00eancia e exerc\u00edcios de coordena\u00e7\u00e3o.<\/li>\n\n\n\n<li><strong>An\u00e1lise de v\u00eddeo <\/strong>: an\u00e1lise personalizada para identificar rapidamente as \u00e1reas a melhorar.<\/li>\n<\/ul>\n\n<div style=\"height:20px\" aria-hidden=\"true\" class=\"wp-block-spacer\"><\/div>\n\n<h2 class=\"wp-block-heading\">Datas e pre\u00e7os dos nossos cursos de outono em Amn\u00e9ville<\/h2>\n\n<ul class=\"wp-block-list\">\n<li><strong>De 18 de outubro a 22 de outubro de 2026<\/strong>: 4 dias \/ 790 euros com tudo inclu\u00eddo (exceto transporte de autocarro*)<\/li>\n\n\n\n<li><strong>De 22 de outubro a 26 de outubro de 2026<\/strong>: 4 dias \/ 790 euros com tudo inclu\u00eddo (exceto transporte de autocarro*)<\/li>\n<\/ul>\n\n<div style=\"height:10px\" aria-hidden=\"true\" class=\"wp-block-spacer\"><\/div>\n\n<p><strong>Estes pre\u00e7os incluem alojamento, refei\u00e7\u00f5es, passes de esqui e acompanhamento profissional.<\/strong><\/p>\n\n<div style=\"height:20px\" aria-hidden=\"true\" class=\"wp-block-spacer\"><\/div>\n\n<h2 class=\"wp-block-heading\">Supervis\u00e3o por profissionais reconhecidos<\/h2>\n\n<p>A nossa equipa de treinadores profissionais, oriundos das competi\u00e7\u00f5es nacionais e <a href=\"https:\/\/www.esf-lesmenuires.fr\/les-menuires\/\">do FSE Menuires<\/a>, acompanhar-te-\u00e1 de forma personalizada durante todo o curso. Os seus conhecimentos e conselhos ajudar-te-\u00e3o a ganhar confian\u00e7a e a estar preparado para as competi\u00e7\u00f5es de inverno.<\/p>\n\n<h2 class=\"wp-block-heading\">Reserva j\u00e1 o teu curso de prepara\u00e7\u00e3o para o outono em Amn\u00e9ville!<\/h2>\n\n<p>Os lugares s\u00e3o limitados para garantir a qualidade do nosso treino, por isso n\u00e3o esperes mais para reservar o teu lugar e otimizar a tua prepara\u00e7\u00e3o para a \u00e9poca de competi\u00e7\u00e3o de inverno.<\/p>\n\n<p><strong>Contacto do curso de esqui do outono de 2026<\/strong>: Nicolas em <a href=\"tel:0033625690113\">06 25 69 01 13<\/a><\/p>\n","protected":false},"excerpt":{"rendered":"<p>Curso de forma\u00e7\u00e3o em corridas de esqui no Dia de Todos os Santos Percurso de esqui alpino de outono no SnowWorld d&#8217;Amn\u00e9ville Participa nos nossos cursos de esqui slalom em Amn\u00e9ville. Os nossos cursos intensivos de corrida de esqui s\u00e3o organizados no centro indoor SnowWorld em Amn\u00e9ville, Fran\u00e7a. Tal como os nossos percursos de slalom [&hellip;]<\/p>\n","protected":false},"author":1,"featured_media":0,"parent":0,"menu_order":0,"comment_status":"closed","ping_status":"closed","template":"","meta":{"footnotes":""},"class_list":["post-2531","page","type-page","status-publish","hentry"],"yoast_head":"<!-- This site is optimized with the Yoast SEO plugin v27.3 - https:\/\/yoast.com\/product\/yoast-seo-wordpress\/ -->\n<title>Curso de esqui slalom de outono - TEST TECHNIQUE SKI<\/title>\n<meta name=\"description\" content=\"Participa nas nossas competi\u00e7\u00f5es de esqui de outono em Amn\u00e9ville para te preparares para a \u00e9poca de inverno. Cursos de slalom para jovens e adultos\" \/>\n<meta name=\"robots\" content=\"index, follow, max-snippet:-1, max-image-preview:large, max-video-preview:-1\" \/>\n<link rel=\"canonical\" href=\"https:\/\/test-technique-ski.fr\/pt-pt\/stage-ski-slalom-automne\/\" \/>\n<meta property=\"og:locale\" content=\"pt_PT\" \/>\n<meta property=\"og:type\" content=\"article\" \/>\n<meta property=\"og:title\" content=\"Curso de esqui slalom de outono - TEST TECHNIQUE SKI\" \/>\n<meta property=\"og:description\" content=\"Participa nas nossas competi\u00e7\u00f5es de esqui de outono em Amn\u00e9ville para te preparares para a \u00e9poca de inverno. Cursos de slalom para jovens e adultos\" \/>\n<meta property=\"og:url\" content=\"https:\/\/test-technique-ski.fr\/pt-pt\/stage-ski-slalom-automne\/\" \/>\n<meta property=\"og:site_name\" content=\"TEST TECHNIQUE SKI\" \/>\n<meta property=\"article:modified_time\" content=\"2026-01-12T09:31:55+00:00\" \/>\n<meta property=\"og:image\" content=\"https:\/\/test-technique-ski.fr\/wp-content\/uploads\/2025\/03\/IMG_1992.jpg\" \/>\n\t<meta property=\"og:image:width\" content=\"1290\" \/>\n\t<meta property=\"og:image:height\" content=\"1090\" \/>\n\t<meta property=\"og:image:type\" content=\"image\/jpeg\" \/>\n<meta name=\"twitter:card\" content=\"summary_large_image\" \/>\n<meta name=\"twitter:label1\" content=\"Tempo estimado de leitura\" \/>\n\t<meta name=\"twitter:data1\" content=\"2 minutos\" \/>\n<script type=\"application\/ld+json\" class=\"yoast-schema-graph\">{\"@context\":\"https:\\\/\\\/schema.org\",\"@graph\":[{\"@type\":\"WebPage\",\"@id\":\"https:\\\/\\\/test-technique-ski.fr\\\/pt-pt\\\/stage-ski-slalom-automne\\\/\",\"url\":\"https:\\\/\\\/test-technique-ski.fr\\\/pt-pt\\\/stage-ski-slalom-automne\\\/\",\"name\":\"Curso de esqui slalom de outono - TEST TECHNIQUE SKI\",\"isPartOf\":{\"@id\":\"https:\\\/\\\/test-technique-ski.fr\\\/pt-pt\\\/#website\"},\"primaryImageOfPage\":{\"@id\":\"https:\\\/\\\/test-technique-ski.fr\\\/pt-pt\\\/stage-ski-slalom-automne\\\/#primaryimage\"},\"image\":{\"@id\":\"https:\\\/\\\/test-technique-ski.fr\\\/pt-pt\\\/stage-ski-slalom-automne\\\/#primaryimage\"},\"thumbnailUrl\":\"https:\\\/\\\/test-technique-ski.fr\\\/wp-content\\\/uploads\\\/2025\\\/03\\\/IMG_1992-1024x865.jpg\",\"datePublished\":\"2025-03-31T13:35:08+00:00\",\"dateModified\":\"2026-01-12T09:31:55+00:00\",\"description\":\"Participa nas nossas competi\u00e7\u00f5es de esqui de outono em Amn\u00e9ville para te preparares para a \u00e9poca de inverno. Cursos de slalom para jovens e adultos\",\"inLanguage\":\"pt-PT\",\"potentialAction\":[{\"@type\":\"ReadAction\",\"target\":[\"https:\\\/\\\/test-technique-ski.fr\\\/pt-pt\\\/stage-ski-slalom-automne\\\/\"]}]},{\"@type\":\"ImageObject\",\"inLanguage\":\"pt-PT\",\"@id\":\"https:\\\/\\\/test-technique-ski.fr\\\/pt-pt\\\/stage-ski-slalom-automne\\\/#primaryimage\",\"url\":\"https:\\\/\\\/test-technique-ski.fr\\\/wp-content\\\/uploads\\\/2025\\\/03\\\/IMG_1992-1024x865.jpg\",\"contentUrl\":\"https:\\\/\\\/test-technique-ski.fr\\\/wp-content\\\/uploads\\\/2025\\\/03\\\/IMG_1992-1024x865.jpg\"},{\"@type\":\"WebSite\",\"@id\":\"https:\\\/\\\/test-technique-ski.fr\\\/pt-pt\\\/#website\",\"url\":\"https:\\\/\\\/test-technique-ski.fr\\\/pt-pt\\\/\",\"name\":\"TEST TECHNIQUE SKI\",\"description\":\"\",\"potentialAction\":[{\"@type\":\"SearchAction\",\"target\":{\"@type\":\"EntryPoint\",\"urlTemplate\":\"https:\\\/\\\/test-technique-ski.fr\\\/pt-pt\\\/?s={search_term_string}\"},\"query-input\":{\"@type\":\"PropertyValueSpecification\",\"valueRequired\":true,\"valueName\":\"search_term_string\"}}],\"inLanguage\":\"pt-PT\"}]}<\/script>\n<!-- \/ Yoast SEO plugin. -->","yoast_head_json":{"title":"Curso de esqui slalom de outono - TEST TECHNIQUE SKI","description":"Participa nas nossas competi\u00e7\u00f5es de esqui de outono em Amn\u00e9ville para te preparares para a \u00e9poca de inverno. Cursos de slalom para jovens e adultos","robots":{"index":"index","follow":"follow","max-snippet":"max-snippet:-1","max-image-preview":"max-image-preview:large","max-video-preview":"max-video-preview:-1"},"canonical":"https:\/\/test-technique-ski.fr\/pt-pt\/stage-ski-slalom-automne\/","og_locale":"pt_PT","og_type":"article","og_title":"Curso de esqui slalom de outono - TEST TECHNIQUE SKI","og_description":"Participa nas nossas competi\u00e7\u00f5es de esqui de outono em Amn\u00e9ville para te preparares para a \u00e9poca de inverno. Cursos de slalom para jovens e adultos","og_url":"https:\/\/test-technique-ski.fr\/pt-pt\/stage-ski-slalom-automne\/","og_site_name":"TEST TECHNIQUE SKI","article_modified_time":"2026-01-12T09:31:55+00:00","og_image":[{"width":1290,"height":1090,"url":"https:\/\/test-technique-ski.fr\/wp-content\/uploads\/2025\/03\/IMG_1992.jpg","type":"image\/jpeg"}],"twitter_card":"summary_large_image","twitter_misc":{"Tempo estimado de leitura":"2 minutos"},"schema":{"@context":"https:\/\/schema.org","@graph":[{"@type":"WebPage","@id":"https:\/\/test-technique-ski.fr\/pt-pt\/stage-ski-slalom-automne\/","url":"https:\/\/test-technique-ski.fr\/pt-pt\/stage-ski-slalom-automne\/","name":"Curso de esqui slalom de outono - TEST TECHNIQUE SKI","isPartOf":{"@id":"https:\/\/test-technique-ski.fr\/pt-pt\/#website"},"primaryImageOfPage":{"@id":"https:\/\/test-technique-ski.fr\/pt-pt\/stage-ski-slalom-automne\/#primaryimage"},"image":{"@id":"https:\/\/test-technique-ski.fr\/pt-pt\/stage-ski-slalom-automne\/#primaryimage"},"thumbnailUrl":"https:\/\/test-technique-ski.fr\/wp-content\/uploads\/2025\/03\/IMG_1992-1024x865.jpg","datePublished":"2025-03-31T13:35:08+00:00","dateModified":"2026-01-12T09:31:55+00:00","description":"Participa nas nossas competi\u00e7\u00f5es de esqui de outono em Amn\u00e9ville para te preparares para a \u00e9poca de inverno. Cursos de slalom para jovens e adultos","inLanguage":"pt-PT","potentialAction":[{"@type":"ReadAction","target":["https:\/\/test-technique-ski.fr\/pt-pt\/stage-ski-slalom-automne\/"]}]},{"@type":"ImageObject","inLanguage":"pt-PT","@id":"https:\/\/test-technique-ski.fr\/pt-pt\/stage-ski-slalom-automne\/#primaryimage","url":"https:\/\/test-technique-ski.fr\/wp-content\/uploads\/2025\/03\/IMG_1992-1024x865.jpg","contentUrl":"https:\/\/test-technique-ski.fr\/wp-content\/uploads\/2025\/03\/IMG_1992-1024x865.jpg"},{"@type":"WebSite","@id":"https:\/\/test-technique-ski.fr\/pt-pt\/#website","url":"https:\/\/test-technique-ski.fr\/pt-pt\/","name":"TEST TECHNIQUE SKI","description":"","potentialAction":[{"@type":"SearchAction","target":{"@type":"EntryPoint","urlTemplate":"https:\/\/test-technique-ski.fr\/pt-pt\/?s={search_term_string}"},"query-input":{"@type":"PropertyValueSpecification","valueRequired":true,"valueName":"search_term_string"}}],"inLanguage":"pt-PT"}]}},"_links":{"self":[{"href":"https:\/\/test-technique-ski.fr\/pt-pt\/wp-json\/wp\/v2\/pages\/2531","targetHints":{"allow":["GET"]}}],"collection":[{"href":"https:\/\/test-technique-ski.fr\/pt-pt\/wp-json\/wp\/v2\/pages"}],"about":[{"href":"https:\/\/test-technique-ski.fr\/pt-pt\/wp-json\/wp\/v2\/types\/page"}],"author":[{"embeddable":true,"href":"https:\/\/test-technique-ski.fr\/pt-pt\/wp-json\/wp\/v2\/users\/1"}],"replies":[{"embeddable":true,"href":"https:\/\/test-technique-ski.fr\/pt-pt\/wp-json\/wp\/v2\/comments?post=2531"}],"version-history":[{"count":4,"href":"https:\/\/test-technique-ski.fr\/pt-pt\/wp-json\/wp\/v2\/pages\/2531\/revisions"}],"predecessor-version":[{"id":3620,"href":"https:\/\/test-technique-ski.fr\/pt-pt\/wp-json\/wp\/v2\/pages\/2531\/revisions\/3620"}],"wp:attachment":[{"href":"https:\/\/test-technique-ski.fr\/pt-pt\/wp-json\/wp\/v2\/media?parent=2531"}],"curies":[{"name":"wp","href":"https:\/\/api.w.org\/{rel}","templated":true}]}}