{"id":3830,"date":"2026-02-28T10:07:27","date_gmt":"2026-02-28T10:07:27","guid":{"rendered":"https:\/\/test-technique-ski.fr\/val-thorens\/"},"modified":"2026-03-04T09:21:22","modified_gmt":"2026-03-04T09:21:22","slug":"val-thorens","status":"publish","type":"page","link":"https:\/\/test-technique-ski.fr\/pt-pt\/val-thorens\/","title":{"rendered":"Prova t\u00e9cnica de esqui alpino em Val Thorens"},"content":{"rendered":"\n<h1 class=\"wp-block-heading\">Participa na prova t\u00e9cnica de esqui alpino em Val Thorens<\/h1>\n\n<p>Todos os anos, a est\u00e2ncia de esqui de Val Thorens organiza uma ou mais sess\u00f5es para a realiza\u00e7\u00e3o da prova t\u00e9cnica de esqui alpino no \u00e2mbito do programa <a href=\"https:\/\/test-technique-ski.fr\/pt-pt\/formation-moniteur-de-ski-alpin\/\">de forma\u00e7\u00e3o de monitores de esqui alpino<\/a>.<\/p>\n\n<h2 class=\"wp-block-heading\">Datas da Prova T\u00e9cnica de Esqui Alpino em Val Thorens<\/h2>\n\n<p>A 2\u00aa sess\u00e3o da Prova T\u00e9cnica em Val Thorens ter\u00e1 lugar de 20 a 22 de abril de 2026.<\/p>\n\n<h2 class=\"wp-block-heading\">Curso de forma\u00e7\u00e3o Teste T\u00e9cnico em Les Menuires<\/h2>\n\n<p><strong>De 9 a 27 de mar\u00e7o, vem preparar-se com a Academia ESF para a<\/strong> prova t\u00e9cnica de slalom de Val Thorens no est\u00e1dio de slalom de Les Menuires.<\/p>\n\n<p><strong>Pre\u00e7o: 55 euros por dia + passe para o est\u00e1dio  <\/strong><\/p>\n\n<p>Contacta <strong>Nicolas Flage<\/strong> atrav\u00e9s do <a href=\"tel:+33625690113\">n\u00famero 06 25 69 01 13<\/a>.<\/p>\n\n<div style=\"height:20px\" aria-hidden=\"true\" class=\"wp-block-spacer\"><\/div>\n\n<h2 class=\"wp-block-heading\">Como \u00e9 que me inscrevo para a prova t\u00e9cnica em Val Thorens?<\/h2>\n\n<p>Todo o <a href=\"https:\/\/test-technique-ski.fr\/pt-pt\/registo-tecnico-teste-ski\/\">processo de inscri\u00e7\u00e3o para a prova t\u00e9cnica de esqui<\/a> \u00e9 efectuado em linha no s\u00edtio Web oficial do GEPAFO.<\/p>\n\n<h2 class=\"wp-block-heading\">Prazo de inscri\u00e7\u00e3o para a prova t\u00e9cnica em Val Thorens<\/h2>\n\n<p>Consulta aqui os prazos de inscri\u00e7\u00e3o para a prova t\u00e9cnica de Val Thorens:<\/p>\n\n<ul class=\"wp-block-list\">\n<li>Prazo de inscri\u00e7\u00e3o: 09\/02\/2026<\/li>\n\n\n\n<li>Data-limite para as inscri\u00e7\u00f5es: 27\/02\/2026<\/li>\n<\/ul>\n\n<p><\/p>\n","protected":false},"excerpt":{"rendered":"<p>Participa na prova t\u00e9cnica de esqui alpino em Val Thorens Todos os anos, a est\u00e2ncia de esqui de Val Thorens organiza uma ou mais sess\u00f5es para a realiza\u00e7\u00e3o da prova t\u00e9cnica de esqui alpino no \u00e2mbito do programa de forma\u00e7\u00e3o de monitores de esqui alpino. Datas da Prova T\u00e9cnica de Esqui Alpino em Val Thorens [&hellip;]<\/p>\n","protected":false},"author":1,"featured_media":0,"parent":0,"menu_order":0,"comment_status":"closed","ping_status":"closed","template":"","meta":{"footnotes":""},"class_list":["post-3830","page","type-page","status-publish","hentry"],"yoast_head":"<!-- This site is optimized with the Yoast SEO plugin v27.3 - https:\/\/yoast.com\/product\/yoast-seo-wordpress\/ -->\n<title>Prova t\u00e9cnica de esqui alpino em Val Thorens - TEST TECHNIQUE SKI<\/title>\n<meta name=\"description\" content=\"Prepara-te para a prova t\u00e9cnica de esqui alpino, que se realiza em Val Thorens nas melhores condi\u00e7\u00f5es poss\u00edveis no est\u00e1dio de slalom de Les Menuires.\" \/>\n<meta name=\"robots\" content=\"index, follow, max-snippet:-1, max-image-preview:large, max-video-preview:-1\" \/>\n<link rel=\"canonical\" href=\"https:\/\/test-technique-ski.fr\/pt-pt\/val-thorens\/\" \/>\n<meta property=\"og:locale\" content=\"pt_PT\" \/>\n<meta property=\"og:type\" content=\"article\" \/>\n<meta property=\"og:title\" content=\"Prova t\u00e9cnica de esqui alpino em Val Thorens - TEST TECHNIQUE SKI\" \/>\n<meta property=\"og:description\" content=\"Prepara-te para a prova t\u00e9cnica de esqui alpino, que se realiza em Val Thorens nas melhores condi\u00e7\u00f5es poss\u00edveis no est\u00e1dio de slalom de Les Menuires.\" \/>\n<meta property=\"og:url\" content=\"https:\/\/test-technique-ski.fr\/pt-pt\/val-thorens\/\" \/>\n<meta property=\"og:site_name\" content=\"TEST TECHNIQUE SKI\" \/>\n<meta property=\"article:modified_time\" content=\"2026-03-04T09:21:22+00:00\" \/>\n<meta name=\"twitter:card\" content=\"summary_large_image\" \/>\n<meta name=\"twitter:label1\" content=\"Tempo estimado de leitura\" \/>\n\t<meta name=\"twitter:data1\" content=\"1 minuto\" \/>\n<script type=\"application\/ld+json\" class=\"yoast-schema-graph\">{\"@context\":\"https:\\\/\\\/schema.org\",\"@graph\":[{\"@type\":\"WebPage\",\"@id\":\"https:\\\/\\\/test-technique-ski.fr\\\/pt-pt\\\/val-thorens\\\/\",\"url\":\"https:\\\/\\\/test-technique-ski.fr\\\/pt-pt\\\/val-thorens\\\/\",\"name\":\"Prova t\u00e9cnica de esqui alpino em Val Thorens - TEST TECHNIQUE SKI\",\"isPartOf\":{\"@id\":\"https:\\\/\\\/test-technique-ski.fr\\\/pt-pt\\\/#website\"},\"datePublished\":\"2026-02-28T10:07:27+00:00\",\"dateModified\":\"2026-03-04T09:21:22+00:00\",\"description\":\"Prepara-te para a prova t\u00e9cnica de esqui alpino, que se realiza em Val Thorens nas melhores condi\u00e7\u00f5es poss\u00edveis no est\u00e1dio de slalom de Les Menuires.\",\"inLanguage\":\"pt-PT\",\"potentialAction\":[{\"@type\":\"ReadAction\",\"target\":[\"https:\\\/\\\/test-technique-ski.fr\\\/pt-pt\\\/val-thorens\\\/\"]}]},{\"@type\":\"WebSite\",\"@id\":\"https:\\\/\\\/test-technique-ski.fr\\\/pt-pt\\\/#website\",\"url\":\"https:\\\/\\\/test-technique-ski.fr\\\/pt-pt\\\/\",\"name\":\"TEST TECHNIQUE SKI\",\"description\":\"\",\"potentialAction\":[{\"@type\":\"SearchAction\",\"target\":{\"@type\":\"EntryPoint\",\"urlTemplate\":\"https:\\\/\\\/test-technique-ski.fr\\\/pt-pt\\\/?s={search_term_string}\"},\"query-input\":{\"@type\":\"PropertyValueSpecification\",\"valueRequired\":true,\"valueName\":\"search_term_string\"}}],\"inLanguage\":\"pt-PT\"}]}<\/script>\n<!-- \/ Yoast SEO plugin. -->","yoast_head_json":{"title":"Prova t\u00e9cnica de esqui alpino em Val Thorens - TEST TECHNIQUE SKI","description":"Prepara-te para a prova t\u00e9cnica de esqui alpino, que se realiza em Val Thorens nas melhores condi\u00e7\u00f5es poss\u00edveis no est\u00e1dio de slalom de Les Menuires.","robots":{"index":"index","follow":"follow","max-snippet":"max-snippet:-1","max-image-preview":"max-image-preview:large","max-video-preview":"max-video-preview:-1"},"canonical":"https:\/\/test-technique-ski.fr\/pt-pt\/val-thorens\/","og_locale":"pt_PT","og_type":"article","og_title":"Prova t\u00e9cnica de esqui alpino em Val Thorens - TEST TECHNIQUE SKI","og_description":"Prepara-te para a prova t\u00e9cnica de esqui alpino, que se realiza em Val Thorens nas melhores condi\u00e7\u00f5es poss\u00edveis no est\u00e1dio de slalom de Les Menuires.","og_url":"https:\/\/test-technique-ski.fr\/pt-pt\/val-thorens\/","og_site_name":"TEST TECHNIQUE SKI","article_modified_time":"2026-03-04T09:21:22+00:00","twitter_card":"summary_large_image","twitter_misc":{"Tempo estimado de leitura":"1 minuto"},"schema":{"@context":"https:\/\/schema.org","@graph":[{"@type":"WebPage","@id":"https:\/\/test-technique-ski.fr\/pt-pt\/val-thorens\/","url":"https:\/\/test-technique-ski.fr\/pt-pt\/val-thorens\/","name":"Prova t\u00e9cnica de esqui alpino em Val Thorens - TEST TECHNIQUE SKI","isPartOf":{"@id":"https:\/\/test-technique-ski.fr\/pt-pt\/#website"},"datePublished":"2026-02-28T10:07:27+00:00","dateModified":"2026-03-04T09:21:22+00:00","description":"Prepara-te para a prova t\u00e9cnica de esqui alpino, que se realiza em Val Thorens nas melhores condi\u00e7\u00f5es poss\u00edveis no est\u00e1dio de slalom de Les Menuires.","inLanguage":"pt-PT","potentialAction":[{"@type":"ReadAction","target":["https:\/\/test-technique-ski.fr\/pt-pt\/val-thorens\/"]}]},{"@type":"WebSite","@id":"https:\/\/test-technique-ski.fr\/pt-pt\/#website","url":"https:\/\/test-technique-ski.fr\/pt-pt\/","name":"TEST TECHNIQUE SKI","description":"","potentialAction":[{"@type":"SearchAction","target":{"@type":"EntryPoint","urlTemplate":"https:\/\/test-technique-ski.fr\/pt-pt\/?s={search_term_string}"},"query-input":{"@type":"PropertyValueSpecification","valueRequired":true,"valueName":"search_term_string"}}],"inLanguage":"pt-PT"}]}},"_links":{"self":[{"href":"https:\/\/test-technique-ski.fr\/pt-pt\/wp-json\/wp\/v2\/pages\/3830","targetHints":{"allow":["GET"]}}],"collection":[{"href":"https:\/\/test-technique-ski.fr\/pt-pt\/wp-json\/wp\/v2\/pages"}],"about":[{"href":"https:\/\/test-technique-ski.fr\/pt-pt\/wp-json\/wp\/v2\/types\/page"}],"author":[{"embeddable":true,"href":"https:\/\/test-technique-ski.fr\/pt-pt\/wp-json\/wp\/v2\/users\/1"}],"replies":[{"embeddable":true,"href":"https:\/\/test-technique-ski.fr\/pt-pt\/wp-json\/wp\/v2\/comments?post=3830"}],"version-history":[{"count":5,"href":"https:\/\/test-technique-ski.fr\/pt-pt\/wp-json\/wp\/v2\/pages\/3830\/revisions"}],"predecessor-version":[{"id":3908,"href":"https:\/\/test-technique-ski.fr\/pt-pt\/wp-json\/wp\/v2\/pages\/3830\/revisions\/3908"}],"wp:attachment":[{"href":"https:\/\/test-technique-ski.fr\/pt-pt\/wp-json\/wp\/v2\/media?parent=3830"}],"curies":[{"name":"wp","href":"https:\/\/api.w.org\/{rel}","templated":true}]}}