{"id":4065,"date":"2026-03-28T18:03:13","date_gmt":"2026-03-28T18:03:13","guid":{"rendered":"https:\/\/test-technique-ski.fr\/aviso-legal\/"},"modified":"2026-03-28T18:12:56","modified_gmt":"2026-03-28T18:12:56","slug":"aviso-legal","status":"publish","type":"page","link":"https:\/\/test-technique-ski.fr\/pt-pt\/aviso-legal\/","title":{"rendered":"Informa\u00e7\u00e3o jur\u00eddica"},"content":{"rendered":"\n<h1 class=\"wp-block-heading\">Informa\u00e7\u00e3o jur\u00eddica<\/h1>\n\n<p>O nosso s\u00edtio de informa\u00e7\u00e3o \u00e9 editado pela <a href=\"https:\/\/alma-consulting.org\/\">Alma Consulting<\/a>.<\/p>\n\n<p>Publicamos informa\u00e7\u00f5es sobre a prova t\u00e9cnica de esqui alpino em Fran\u00e7a. O nosso s\u00edtio \u00e9 totalmente gratuito e est\u00e1 traduzido em v\u00e1rias l\u00ednguas.  Somos independentes de qualquer administra\u00e7\u00e3o p\u00fablica.  <\/p>\n\n<p>O objetivo do nosso portal de informa\u00e7\u00f5es privadas \u00e9 informar os utilizadores da Internet e n\u00e3o oferecemos quaisquer servi\u00e7os adicionais. N\u00e3o dispomos de formul\u00e1rios no s\u00edtio e n\u00e3o registamos quaisquer dados pessoais.   <\/p>\n\n<p>O respons\u00e1vel pela publica\u00e7\u00e3o \u00e9 <a href=\"mailto:bastien.fauck@gmail.com\">Bastien Fauck<\/a>.<\/p>\n\n<p>Fazemos tudo o que est\u00e1 ao nosso alcance para o manter o mais atualizado poss\u00edvel. Para mais informa\u00e7\u00f5es, visita o s\u00edtio Web <a href=\"http:\/\/gepafom.fr\">do GEPAFO<\/a>. <\/p>\n","protected":false},"excerpt":{"rendered":"<p>Informa\u00e7\u00e3o jur\u00eddica O nosso s\u00edtio de informa\u00e7\u00e3o \u00e9 editado pela Alma Consulting. Publicamos informa\u00e7\u00f5es sobre a prova t\u00e9cnica de esqui alpino em Fran\u00e7a. O nosso s\u00edtio \u00e9 totalmente gratuito e est\u00e1 traduzido em v\u00e1rias l\u00ednguas. Somos independentes de qualquer administra\u00e7\u00e3o p\u00fablica. O objetivo do nosso portal de informa\u00e7\u00f5es privadas \u00e9 informar os utilizadores da Internet [&hellip;]<\/p>\n","protected":false},"author":1,"featured_media":0,"parent":0,"menu_order":0,"comment_status":"closed","ping_status":"closed","template":"","meta":{"footnotes":""},"class_list":["post-4065","page","type-page","status-publish","hentry"],"yoast_head":"<!-- This site is optimized with the Yoast SEO plugin v27.3 - https:\/\/yoast.com\/product\/yoast-seo-wordpress\/ -->\n<title>Informa\u00e7\u00e3o jur\u00eddica - TEST TECHNIQUE SKI<\/title>\n<meta name=\"description\" content=\"Advert\u00eancia jur\u00eddica e respons\u00e1vel pela publica\u00e7\u00e3o do s\u00edtio Web de informa\u00e7\u00e3o sobre a prova t\u00e9cnica de esqui alpino franc\u00eas\" \/>\n<meta name=\"robots\" content=\"noindex, nofollow\" \/>\n<meta property=\"og:locale\" content=\"pt_PT\" \/>\n<meta property=\"og:type\" content=\"article\" \/>\n<meta property=\"og:title\" content=\"Informa\u00e7\u00e3o jur\u00eddica - TEST TECHNIQUE SKI\" \/>\n<meta property=\"og:description\" content=\"Advert\u00eancia jur\u00eddica e respons\u00e1vel pela publica\u00e7\u00e3o do s\u00edtio Web de informa\u00e7\u00e3o sobre a prova t\u00e9cnica de esqui alpino franc\u00eas\" \/>\n<meta property=\"og:url\" content=\"https:\/\/test-technique-ski.fr\/pt-pt\/aviso-legal\/\" \/>\n<meta property=\"og:site_name\" content=\"TEST TECHNIQUE SKI\" \/>\n<meta property=\"article:modified_time\" content=\"2026-03-28T18:12:56+00:00\" \/>\n<meta name=\"twitter:card\" content=\"summary_large_image\" \/>\n<meta name=\"twitter:label1\" content=\"Tempo estimado de leitura\" \/>\n\t<meta name=\"twitter:data1\" content=\"1 minuto\" \/>\n<script type=\"application\/ld+json\" class=\"yoast-schema-graph\">{\"@context\":\"https:\\\/\\\/schema.org\",\"@graph\":[{\"@type\":\"WebPage\",\"@id\":\"https:\\\/\\\/test-technique-ski.fr\\\/pt-pt\\\/aviso-legal\\\/\",\"url\":\"https:\\\/\\\/test-technique-ski.fr\\\/pt-pt\\\/aviso-legal\\\/\",\"name\":\"Informa\u00e7\u00e3o jur\u00eddica - TEST TECHNIQUE SKI\",\"isPartOf\":{\"@id\":\"https:\\\/\\\/test-technique-ski.fr\\\/pt-pt\\\/#website\"},\"datePublished\":\"2026-03-28T18:03:13+00:00\",\"dateModified\":\"2026-03-28T18:12:56+00:00\",\"description\":\"Advert\u00eancia jur\u00eddica e respons\u00e1vel pela publica\u00e7\u00e3o do s\u00edtio Web de informa\u00e7\u00e3o sobre a prova t\u00e9cnica de esqui alpino franc\u00eas\",\"inLanguage\":\"pt-PT\",\"potentialAction\":[{\"@type\":\"ReadAction\",\"target\":[\"https:\\\/\\\/test-technique-ski.fr\\\/pt-pt\\\/aviso-legal\\\/\"]}]},{\"@type\":\"WebSite\",\"@id\":\"https:\\\/\\\/test-technique-ski.fr\\\/pt-pt\\\/#website\",\"url\":\"https:\\\/\\\/test-technique-ski.fr\\\/pt-pt\\\/\",\"name\":\"TEST TECHNIQUE SKI\",\"description\":\"\",\"potentialAction\":[{\"@type\":\"SearchAction\",\"target\":{\"@type\":\"EntryPoint\",\"urlTemplate\":\"https:\\\/\\\/test-technique-ski.fr\\\/pt-pt\\\/?s={search_term_string}\"},\"query-input\":{\"@type\":\"PropertyValueSpecification\",\"valueRequired\":true,\"valueName\":\"search_term_string\"}}],\"inLanguage\":\"pt-PT\"}]}<\/script>\n<!-- \/ Yoast SEO plugin. -->","yoast_head_json":{"title":"Informa\u00e7\u00e3o jur\u00eddica - TEST TECHNIQUE SKI","description":"Advert\u00eancia jur\u00eddica e respons\u00e1vel pela publica\u00e7\u00e3o do s\u00edtio Web de informa\u00e7\u00e3o sobre a prova t\u00e9cnica de esqui alpino franc\u00eas","robots":{"index":"noindex","follow":"nofollow"},"og_locale":"pt_PT","og_type":"article","og_title":"Informa\u00e7\u00e3o jur\u00eddica - TEST TECHNIQUE SKI","og_description":"Advert\u00eancia jur\u00eddica e respons\u00e1vel pela publica\u00e7\u00e3o do s\u00edtio Web de informa\u00e7\u00e3o sobre a prova t\u00e9cnica de esqui alpino franc\u00eas","og_url":"https:\/\/test-technique-ski.fr\/pt-pt\/aviso-legal\/","og_site_name":"TEST TECHNIQUE SKI","article_modified_time":"2026-03-28T18:12:56+00:00","twitter_card":"summary_large_image","twitter_misc":{"Tempo estimado de leitura":"1 minuto"},"schema":{"@context":"https:\/\/schema.org","@graph":[{"@type":"WebPage","@id":"https:\/\/test-technique-ski.fr\/pt-pt\/aviso-legal\/","url":"https:\/\/test-technique-ski.fr\/pt-pt\/aviso-legal\/","name":"Informa\u00e7\u00e3o jur\u00eddica - TEST TECHNIQUE SKI","isPartOf":{"@id":"https:\/\/test-technique-ski.fr\/pt-pt\/#website"},"datePublished":"2026-03-28T18:03:13+00:00","dateModified":"2026-03-28T18:12:56+00:00","description":"Advert\u00eancia jur\u00eddica e respons\u00e1vel pela publica\u00e7\u00e3o do s\u00edtio Web de informa\u00e7\u00e3o sobre a prova t\u00e9cnica de esqui alpino franc\u00eas","inLanguage":"pt-PT","potentialAction":[{"@type":"ReadAction","target":["https:\/\/test-technique-ski.fr\/pt-pt\/aviso-legal\/"]}]},{"@type":"WebSite","@id":"https:\/\/test-technique-ski.fr\/pt-pt\/#website","url":"https:\/\/test-technique-ski.fr\/pt-pt\/","name":"TEST TECHNIQUE SKI","description":"","potentialAction":[{"@type":"SearchAction","target":{"@type":"EntryPoint","urlTemplate":"https:\/\/test-technique-ski.fr\/pt-pt\/?s={search_term_string}"},"query-input":{"@type":"PropertyValueSpecification","valueRequired":true,"valueName":"search_term_string"}}],"inLanguage":"pt-PT"}]}},"_links":{"self":[{"href":"https:\/\/test-technique-ski.fr\/pt-pt\/wp-json\/wp\/v2\/pages\/4065","targetHints":{"allow":["GET"]}}],"collection":[{"href":"https:\/\/test-technique-ski.fr\/pt-pt\/wp-json\/wp\/v2\/pages"}],"about":[{"href":"https:\/\/test-technique-ski.fr\/pt-pt\/wp-json\/wp\/v2\/types\/page"}],"author":[{"embeddable":true,"href":"https:\/\/test-technique-ski.fr\/pt-pt\/wp-json\/wp\/v2\/users\/1"}],"replies":[{"embeddable":true,"href":"https:\/\/test-technique-ski.fr\/pt-pt\/wp-json\/wp\/v2\/comments?post=4065"}],"version-history":[{"count":2,"href":"https:\/\/test-technique-ski.fr\/pt-pt\/wp-json\/wp\/v2\/pages\/4065\/revisions"}],"predecessor-version":[{"id":4081,"href":"https:\/\/test-technique-ski.fr\/pt-pt\/wp-json\/wp\/v2\/pages\/4065\/revisions\/4081"}],"wp:attachment":[{"href":"https:\/\/test-technique-ski.fr\/pt-pt\/wp-json\/wp\/v2\/media?parent=4065"}],"curies":[{"name":"wp","href":"https:\/\/api.w.org\/{rel}","templated":true}]}}