{"id":522,"date":"2023-01-05T13:51:44","date_gmt":"2023-01-05T13:51:44","guid":{"rendered":"https:\/\/test-technique-ski.fr\/registo-tecnico-teste-ski\/"},"modified":"2026-02-12T11:38:23","modified_gmt":"2026-02-12T11:38:23","slug":"registo-tecnico-teste-ski","status":"publish","type":"page","link":"https:\/\/test-technique-ski.fr\/pt-pt\/registo-tecnico-teste-ski\/","title":{"rendered":"Inscri\u00e7\u00e3o para o Teste T\u00e9cnico de Esqui Alpino"},"content":{"rendered":"\n<h1 class=\"wp-block-heading\">Inscri\u00e7\u00e3o para a Prova T\u00e9cnica de Esqui de 2026<\/h1>\n\n<p>Todo o processo de inscri\u00e7\u00e3o para a Prova T\u00e9cnica de Esqui \u00e9 feito em linha.<\/p>\n\n<h2 class=\"wp-block-heading\">Datas de inscri\u00e7\u00e3o para a prova t\u00e9cnica de esqui alpino<\/h2>\n\n<p>As datas de inscri\u00e7\u00e3o s\u00e3o diferentes para as duas sess\u00f5es de provas t\u00e9cnicas organizadas em Fran\u00e7a:<\/p>\n\n<ul class=\"wp-block-list\">\n<li>Datas de inscri\u00e7\u00e3o para a 1\u00aa sess\u00e3o: de <strong>13\/10\/2025 a 21\/11\/2025<\/strong><\/li>\n\n\n\n<li>Datas de inscri\u00e7\u00e3o para a 2\u00aa sess\u00e3o de mar\u00e7o e abril: de <strong>09 a 27 de fevereiro de 2026<\/strong><\/li>\n<\/ul>\n\n<div style=\"height:25px\" aria-hidden=\"true\" class=\"wp-block-spacer\"><\/div>\n\n<h2 class=\"wp-block-heading\">Como se registar para o Teste T\u00e9cnico de Esqui?<\/h2>\n\n<p>Para se registar para o <a href=\"https:\/\/test-technique-ski.fr\/pt-pt\/\">Teste T\u00e9cnico de Esqui<\/a> \u00e9 necess\u00e1rio criar uma conta na plataforma de Gest\u00e3o de Percursos de Forma\u00e7\u00e3o do Minist\u00e9rio do Desporto franc\u00eas. O website da GEPAFO Montagne pode ser encontrado em <a href=\"https:\/\/gepafom.fr\/\">gepafom.fr<\/a>.<\/p>\n\n<figure class=\"wp-block-image size-full\"><img fetchpriority=\"high\" decoding=\"async\" width=\"962\" height=\"508\" src=\"https:\/\/test-technique-ski.fr\/wp-content\/uploads\/2023\/01\/Inscription-test-technique-gepafom.jpg\" alt=\"P&#xE1;gina de registo de testes t&#xE9;cnicos\" class=\"wp-image-340\" title=\"Inscri&#xE7;&#xE3;o para o Teste T&#xE9;cnico no website da GEPAFO\" srcset=\"https:\/\/test-technique-ski.fr\/wp-content\/uploads\/2023\/01\/Inscription-test-technique-gepafom.jpg 962w, https:\/\/test-technique-ski.fr\/wp-content\/uploads\/2023\/01\/Inscription-test-technique-gepafom-300x158.jpg 300w, https:\/\/test-technique-ski.fr\/wp-content\/uploads\/2023\/01\/Inscription-test-technique-gepafom-768x406.jpg 768w\" sizes=\"(max-width: 962px) 100vw, 962px\" \/><figcaption class=\"wp-element-caption\">P\u00e1gina de registo para o Teste T\u00e9cnico no website da GEPAFO Montagne<\/figcaption><\/figure>\n\n<p>O <strong>website de registo do Instrutor de Esqui Alpino Um exame<\/strong> requer que crie uma conta para aceder \u00e0 sua \u00e1rea de candidato. Deve preencher o formul\u00e1rio de inscri\u00e7\u00e3o online para validar o seu perfil de candidato ao exame.<\/p>\n\n<p>Esta conta no website do Minist\u00e9rio dos Desportos permitir-lhe-\u00e1 seguir todas as etapas da sua candidatura ao exame A do Instrutor de Esqui Alpino.<\/p>\n\n<h2 class=\"wp-block-heading\">Formul\u00e1rio de inscri\u00e7\u00e3o para o Teste T\u00e9cnico de Esqui Alpino<\/h2>\n\n<p>Ao clicar em <strong>criar uma conta<\/strong> no website de <strong>registo do gepafom.frTechnical Ski Test<\/strong>, ser\u00e1 levado para o formul\u00e1rio de registo a ser preenchido em linha. <\/p>\n\n<p>Aqui est\u00e1 um screenshot do formul\u00e1rio de registo:<\/p>\n\n<figure class=\"wp-block-image size-full\"><img decoding=\"async\" width=\"843\" height=\"886\" src=\"https:\/\/test-technique-ski.fr\/wp-content\/uploads\/2023\/01\/formulaire-inscription-test-technique-ski-gepafom.jpg\" alt=\"Formul&#xE1;rio de inscri&#xE7;&#xE3;o para o Teste de T&#xE9;cnica de Esqui na Internet\" class=\"wp-image-343\" title=\"Formul&#xE1;rio de inscri&#xE7;&#xE3;o para o Teste T&#xE9;cnico de Esqui\" srcset=\"https:\/\/test-technique-ski.fr\/wp-content\/uploads\/2023\/01\/formulaire-inscription-test-technique-ski-gepafom.jpg 843w, https:\/\/test-technique-ski.fr\/wp-content\/uploads\/2023\/01\/formulaire-inscription-test-technique-ski-gepafom-285x300.jpg 285w, https:\/\/test-technique-ski.fr\/wp-content\/uploads\/2023\/01\/formulaire-inscription-test-technique-ski-gepafom-768x807.jpg 768w\" sizes=\"(max-width: 843px) 100vw, 843px\" \/><figcaption class=\"wp-element-caption\">Formul\u00e1rio de inscri\u00e7\u00e3o para o Teste T\u00e9cnico de Esqui no website gepafom.fr do Minist\u00e9rio dos Desportos<\/figcaption><\/figure>\n","protected":false},"excerpt":{"rendered":"<p>Inscri\u00e7\u00e3o para a Prova T\u00e9cnica de Esqui de 2026 Todo o processo de inscri\u00e7\u00e3o para a Prova T\u00e9cnica de Esqui \u00e9 feito em linha. Datas de inscri\u00e7\u00e3o para a prova t\u00e9cnica de esqui alpino As datas de inscri\u00e7\u00e3o s\u00e3o diferentes para as duas sess\u00f5es de provas t\u00e9cnicas organizadas em Fran\u00e7a: Como se registar para o [&hellip;]<\/p>\n","protected":false},"author":1,"featured_media":0,"parent":0,"menu_order":0,"comment_status":"closed","ping_status":"closed","template":"","meta":{"footnotes":""},"class_list":["post-522","page","type-page","status-publish","hentry"],"yoast_head":"<!-- This site is optimized with the Yoast SEO plugin v27.3 - https:\/\/yoast.com\/product\/yoast-seo-wordpress\/ -->\n<title>Inscri\u00e7\u00e3o para o Teste T\u00e9cnico de Esqui Alpino<\/title>\n<meta name=\"description\" content=\"Toda a informa\u00e7\u00e3o necess\u00e1ria para se inscrever no teste t\u00e9cnico de esqui alpino franc\u00eas. Todos os passos para um registo bem sucedido\" \/>\n<meta name=\"robots\" content=\"index, follow, max-snippet:-1, max-image-preview:large, max-video-preview:-1\" \/>\n<link rel=\"canonical\" href=\"https:\/\/test-technique-ski.fr\/pt-pt\/registo-tecnico-teste-ski\/\" \/>\n<meta property=\"og:locale\" content=\"pt_PT\" \/>\n<meta property=\"og:type\" content=\"article\" \/>\n<meta property=\"og:title\" content=\"Inscri\u00e7\u00e3o para o Teste T\u00e9cnico de Esqui Alpino\" \/>\n<meta property=\"og:description\" content=\"Toda a informa\u00e7\u00e3o necess\u00e1ria para se inscrever no teste t\u00e9cnico de esqui alpino franc\u00eas. Todos os passos para um registo bem sucedido\" \/>\n<meta property=\"og:url\" content=\"https:\/\/test-technique-ski.fr\/pt-pt\/registo-tecnico-teste-ski\/\" \/>\n<meta property=\"og:site_name\" content=\"TEST TECHNIQUE SKI\" \/>\n<meta property=\"article:modified_time\" content=\"2026-02-12T11:38:23+00:00\" \/>\n<meta property=\"og:image\" content=\"https:\/\/test-technique-ski.fr\/wp-content\/uploads\/2023\/01\/Inscription-test-technique-gepafom.jpg\" \/>\n\t<meta property=\"og:image:width\" content=\"962\" \/>\n\t<meta property=\"og:image:height\" content=\"508\" \/>\n\t<meta property=\"og:image:type\" content=\"image\/jpeg\" \/>\n<meta name=\"twitter:card\" content=\"summary_large_image\" \/>\n<meta name=\"twitter:label1\" content=\"Tempo estimado de leitura\" \/>\n\t<meta name=\"twitter:data1\" content=\"1 minuto\" \/>\n<script type=\"application\/ld+json\" class=\"yoast-schema-graph\">{\"@context\":\"https:\\\/\\\/schema.org\",\"@graph\":[{\"@type\":\"WebPage\",\"@id\":\"https:\\\/\\\/test-technique-ski.fr\\\/pt-pt\\\/registo-tecnico-teste-ski\\\/\",\"url\":\"https:\\\/\\\/test-technique-ski.fr\\\/pt-pt\\\/registo-tecnico-teste-ski\\\/\",\"name\":\"Inscri\u00e7\u00e3o para o Teste T\u00e9cnico de Esqui Alpino\",\"isPartOf\":{\"@id\":\"https:\\\/\\\/test-technique-ski.fr\\\/pt-pt\\\/#website\"},\"primaryImageOfPage\":{\"@id\":\"https:\\\/\\\/test-technique-ski.fr\\\/pt-pt\\\/registo-tecnico-teste-ski\\\/#primaryimage\"},\"image\":{\"@id\":\"https:\\\/\\\/test-technique-ski.fr\\\/pt-pt\\\/registo-tecnico-teste-ski\\\/#primaryimage\"},\"thumbnailUrl\":\"https:\\\/\\\/test-technique-ski.fr\\\/wp-content\\\/uploads\\\/2023\\\/01\\\/Inscription-test-technique-gepafom.jpg\",\"datePublished\":\"2023-01-05T13:51:44+00:00\",\"dateModified\":\"2026-02-12T11:38:23+00:00\",\"description\":\"Toda a informa\u00e7\u00e3o necess\u00e1ria para se inscrever no teste t\u00e9cnico de esqui alpino franc\u00eas. Todos os passos para um registo bem sucedido\",\"inLanguage\":\"pt-PT\",\"potentialAction\":[{\"@type\":\"ReadAction\",\"target\":[\"https:\\\/\\\/test-technique-ski.fr\\\/pt-pt\\\/registo-tecnico-teste-ski\\\/\"]}]},{\"@type\":\"ImageObject\",\"inLanguage\":\"pt-PT\",\"@id\":\"https:\\\/\\\/test-technique-ski.fr\\\/pt-pt\\\/registo-tecnico-teste-ski\\\/#primaryimage\",\"url\":\"https:\\\/\\\/test-technique-ski.fr\\\/wp-content\\\/uploads\\\/2023\\\/01\\\/Inscription-test-technique-gepafom.jpg\",\"contentUrl\":\"https:\\\/\\\/test-technique-ski.fr\\\/wp-content\\\/uploads\\\/2023\\\/01\\\/Inscription-test-technique-gepafom.jpg\"},{\"@type\":\"WebSite\",\"@id\":\"https:\\\/\\\/test-technique-ski.fr\\\/pt-pt\\\/#website\",\"url\":\"https:\\\/\\\/test-technique-ski.fr\\\/pt-pt\\\/\",\"name\":\"TEST TECHNIQUE SKI\",\"description\":\"\",\"potentialAction\":[{\"@type\":\"SearchAction\",\"target\":{\"@type\":\"EntryPoint\",\"urlTemplate\":\"https:\\\/\\\/test-technique-ski.fr\\\/pt-pt\\\/?s={search_term_string}\"},\"query-input\":{\"@type\":\"PropertyValueSpecification\",\"valueRequired\":true,\"valueName\":\"search_term_string\"}}],\"inLanguage\":\"pt-PT\"}]}<\/script>\n<!-- \/ Yoast SEO plugin. -->","yoast_head_json":{"title":"Inscri\u00e7\u00e3o para o Teste T\u00e9cnico de Esqui Alpino","description":"Toda a informa\u00e7\u00e3o necess\u00e1ria para se inscrever no teste t\u00e9cnico de esqui alpino franc\u00eas. Todos os passos para um registo bem sucedido","robots":{"index":"index","follow":"follow","max-snippet":"max-snippet:-1","max-image-preview":"max-image-preview:large","max-video-preview":"max-video-preview:-1"},"canonical":"https:\/\/test-technique-ski.fr\/pt-pt\/registo-tecnico-teste-ski\/","og_locale":"pt_PT","og_type":"article","og_title":"Inscri\u00e7\u00e3o para o Teste T\u00e9cnico de Esqui Alpino","og_description":"Toda a informa\u00e7\u00e3o necess\u00e1ria para se inscrever no teste t\u00e9cnico de esqui alpino franc\u00eas. Todos os passos para um registo bem sucedido","og_url":"https:\/\/test-technique-ski.fr\/pt-pt\/registo-tecnico-teste-ski\/","og_site_name":"TEST TECHNIQUE SKI","article_modified_time":"2026-02-12T11:38:23+00:00","og_image":[{"width":962,"height":508,"url":"https:\/\/test-technique-ski.fr\/wp-content\/uploads\/2023\/01\/Inscription-test-technique-gepafom.jpg","type":"image\/jpeg"}],"twitter_card":"summary_large_image","twitter_misc":{"Tempo estimado de leitura":"1 minuto"},"schema":{"@context":"https:\/\/schema.org","@graph":[{"@type":"WebPage","@id":"https:\/\/test-technique-ski.fr\/pt-pt\/registo-tecnico-teste-ski\/","url":"https:\/\/test-technique-ski.fr\/pt-pt\/registo-tecnico-teste-ski\/","name":"Inscri\u00e7\u00e3o para o Teste T\u00e9cnico de Esqui Alpino","isPartOf":{"@id":"https:\/\/test-technique-ski.fr\/pt-pt\/#website"},"primaryImageOfPage":{"@id":"https:\/\/test-technique-ski.fr\/pt-pt\/registo-tecnico-teste-ski\/#primaryimage"},"image":{"@id":"https:\/\/test-technique-ski.fr\/pt-pt\/registo-tecnico-teste-ski\/#primaryimage"},"thumbnailUrl":"https:\/\/test-technique-ski.fr\/wp-content\/uploads\/2023\/01\/Inscription-test-technique-gepafom.jpg","datePublished":"2023-01-05T13:51:44+00:00","dateModified":"2026-02-12T11:38:23+00:00","description":"Toda a informa\u00e7\u00e3o necess\u00e1ria para se inscrever no teste t\u00e9cnico de esqui alpino franc\u00eas. Todos os passos para um registo bem sucedido","inLanguage":"pt-PT","potentialAction":[{"@type":"ReadAction","target":["https:\/\/test-technique-ski.fr\/pt-pt\/registo-tecnico-teste-ski\/"]}]},{"@type":"ImageObject","inLanguage":"pt-PT","@id":"https:\/\/test-technique-ski.fr\/pt-pt\/registo-tecnico-teste-ski\/#primaryimage","url":"https:\/\/test-technique-ski.fr\/wp-content\/uploads\/2023\/01\/Inscription-test-technique-gepafom.jpg","contentUrl":"https:\/\/test-technique-ski.fr\/wp-content\/uploads\/2023\/01\/Inscription-test-technique-gepafom.jpg"},{"@type":"WebSite","@id":"https:\/\/test-technique-ski.fr\/pt-pt\/#website","url":"https:\/\/test-technique-ski.fr\/pt-pt\/","name":"TEST TECHNIQUE SKI","description":"","potentialAction":[{"@type":"SearchAction","target":{"@type":"EntryPoint","urlTemplate":"https:\/\/test-technique-ski.fr\/pt-pt\/?s={search_term_string}"},"query-input":{"@type":"PropertyValueSpecification","valueRequired":true,"valueName":"search_term_string"}}],"inLanguage":"pt-PT"}]}},"_links":{"self":[{"href":"https:\/\/test-technique-ski.fr\/pt-pt\/wp-json\/wp\/v2\/pages\/522","targetHints":{"allow":["GET"]}}],"collection":[{"href":"https:\/\/test-technique-ski.fr\/pt-pt\/wp-json\/wp\/v2\/pages"}],"about":[{"href":"https:\/\/test-technique-ski.fr\/pt-pt\/wp-json\/wp\/v2\/types\/page"}],"author":[{"embeddable":true,"href":"https:\/\/test-technique-ski.fr\/pt-pt\/wp-json\/wp\/v2\/users\/1"}],"replies":[{"embeddable":true,"href":"https:\/\/test-technique-ski.fr\/pt-pt\/wp-json\/wp\/v2\/comments?post=522"}],"version-history":[{"count":3,"href":"https:\/\/test-technique-ski.fr\/pt-pt\/wp-json\/wp\/v2\/pages\/522\/revisions"}],"predecessor-version":[{"id":3797,"href":"https:\/\/test-technique-ski.fr\/pt-pt\/wp-json\/wp\/v2\/pages\/522\/revisions\/3797"}],"wp:attachment":[{"href":"https:\/\/test-technique-ski.fr\/pt-pt\/wp-json\/wp\/v2\/media?parent=522"}],"curies":[{"name":"wp","href":"https:\/\/api.w.org\/{rel}","templated":true}]}}