{"id":554,"date":"2023-01-07T08:50:20","date_gmt":"2023-01-07T08:50:20","guid":{"rendered":"https:\/\/test-technique-ski.fr\/tornar-se-um-instrutor-de-esqui-alpino\/"},"modified":"2025-08-29T13:15:51","modified_gmt":"2025-08-29T12:15:51","slug":"tornar-se-um-instrutor-de-esqui-alpino","status":"publish","type":"page","link":"https:\/\/test-technique-ski.fr\/pt-pt\/tornar-se-um-instrutor-de-esqui-alpino\/","title":{"rendered":"Tornar-se um instrutor de esqui"},"content":{"rendered":"\n<h1 class=\"wp-block-heading\">Como tornar-se um instrutor de esqui?<\/h1>\n\n<p>Aqui est\u00e3o os passos gerais a seguir para se tornar um instrutor de esqui em Fran\u00e7a:<\/p>\n\n<ol class=\"wp-block-list\">\n<li>Certifique-se de que cumpre os requisitos b\u00e1sicos: para ser instrutor de esqui tem de ter pelo menos 18 anos de idade e ter carta de condu\u00e7\u00e3o. Tamb\u00e9m deve estar em boas condi\u00e7\u00f5es f\u00edsicas e ser capaz de esquiar a um n\u00edvel avan\u00e7ado.<\/li>\n\n\n\n<li>Faz um curso: h\u00e1 v\u00e1rias escolas de esqui em Fran\u00e7a que oferecem <a href=\"https:\/\/test-technique-ski.fr\/pt-pt\/formation-moniteur-de-ski-alpin\/\">cursos de forma\u00e7\u00e3o para te tornares instrutor de esqui<\/a>. Pode escolher um curso em sandu\u00edche, que lhe permite trabalhar e estudar ao mesmo tempo, ou um curso em bloco, que tem lugar durante um per\u00edodo de tempo concentrado. A forma\u00e7\u00e3o inclui cursos te\u00f3ricos e pr\u00e1ticos sobre t\u00e9cnica de esqui, ensino de esqui, seguran\u00e7a na montanha e muito mais.<\/li>\n\n\n\n<li>Obter um diploma: para te tornares um instrutor de esqui qualificado, tens de passar um exame final organizado pela <a href=\"http:\/\/ensm.sports.gouv.fr\">\u00c9cole Nationale de Ski et d&#8217;Alpinisme<\/a> (ENSA). Este exame inclui um teste pr\u00e1tico de esqui e um teste te\u00f3rico sobre os conhecimentos necess\u00e1rios para ser um instrutor de esqui.<\/li>\n<\/ol>\n\n<div style=\"height:10px\" aria-hidden=\"true\" class=\"wp-block-spacer\"><\/div>\n\n<p><strong>Para te tornares um instrutor<\/strong> de esqui: \u00e9 importante ter um bom n\u00edvel de esqui, mas h\u00e1 tamb\u00e9m outras qualidades e compet\u00eancias importantes a adquirir:<\/p>\n\n<ul class=\"wp-block-list\">\n<li>Excelentes capacidades de comunica\u00e7\u00e3o: dever\u00e1 ser capaz de transmitir claramente as suas instru\u00e7\u00f5es e comunicar com os seus alunos de forma eficaz.<\/li>\n\n\n\n<li>Bom estado f\u00edsico: como instrutor de esqui estar\u00e1 frequentemente na montanha o dia todo, por isso \u00e9 importante estar em boas condi\u00e7\u00f5es f\u00edsicas para acompanhar o ritmo.<\/li>\n\n\n\n<li>Aptid\u00f5es de organiza\u00e7\u00e3o: ser\u00e1 respons\u00e1vel pela organiza\u00e7\u00e3o de aulas e viagens de esqui para os seus alunos, por isso \u00e9 importante ter boas aptid\u00f5es de organiza\u00e7\u00e3o.<\/li>\n\n\n\n<li>Boa apresenta\u00e7\u00e3o: como representante da sua escola ou est\u00e2ncia de esqui, \u00e9 importante ter uma boa apresenta\u00e7\u00e3o pessoal e representar bem a sua empresa.<\/li>\n\n\n\n<li>Sentido de responsabilidade: como instrutor de esqui, ser\u00e1 respons\u00e1vel pela seguran\u00e7a dos seus alunos durante as aulas e viagens de esqui. \u00c9 importante ter um elevado sentido de responsabilidade e tomar as decis\u00f5es necess\u00e1rias para garantir a seguran\u00e7a de todos.<\/li>\n<\/ul>\n\n<p><\/p>\n","protected":false},"excerpt":{"rendered":"<p>Como tornar-se um instrutor de esqui? Aqui est\u00e3o os passos gerais a seguir para se tornar um instrutor de esqui em Fran\u00e7a: Para te tornares um instrutor de esqui: \u00e9 importante ter um bom n\u00edvel de esqui, mas h\u00e1 tamb\u00e9m outras qualidades e compet\u00eancias importantes a adquirir:<\/p>\n","protected":false},"author":1,"featured_media":0,"parent":0,"menu_order":0,"comment_status":"closed","ping_status":"closed","template":"","meta":{"footnotes":""},"class_list":["post-554","page","type-page","status-publish","hentry"],"yoast_head":"<!-- This site is optimized with the Yoast SEO plugin v27.3 - https:\/\/yoast.com\/product\/yoast-seo-wordpress\/ -->\n<title>Tornar-se um instrutor de esqui<\/title>\n<meta name=\"description\" content=\"Como tornar-se um instrutor de esqui em Fran\u00e7a. Quais s\u00e3o as qualidades e aptid\u00f5es necess\u00e1rias para ter sucesso como um A\" \/>\n<meta name=\"robots\" content=\"index, follow, max-snippet:-1, max-image-preview:large, max-video-preview:-1\" \/>\n<link rel=\"canonical\" href=\"https:\/\/test-technique-ski.fr\/pt-pt\/tornar-se-um-instrutor-de-esqui-alpino\/\" \/>\n<meta property=\"og:locale\" content=\"pt_PT\" \/>\n<meta property=\"og:type\" content=\"article\" \/>\n<meta property=\"og:title\" content=\"Tornar-se um instrutor de esqui\" \/>\n<meta property=\"og:description\" content=\"Como tornar-se um instrutor de esqui em Fran\u00e7a. Quais s\u00e3o as qualidades e aptid\u00f5es necess\u00e1rias para ter sucesso como um A\" \/>\n<meta property=\"og:url\" content=\"https:\/\/test-technique-ski.fr\/pt-pt\/tornar-se-um-instrutor-de-esqui-alpino\/\" \/>\n<meta property=\"og:site_name\" content=\"TEST TECHNIQUE SKI\" \/>\n<meta property=\"article:modified_time\" content=\"2025-08-29T12:15:51+00:00\" \/>\n<meta name=\"twitter:card\" content=\"summary_large_image\" \/>\n<meta name=\"twitter:label1\" content=\"Tempo estimado de leitura\" \/>\n\t<meta name=\"twitter:data1\" content=\"2 minutos\" \/>\n<script type=\"application\/ld+json\" class=\"yoast-schema-graph\">{\"@context\":\"https:\\\/\\\/schema.org\",\"@graph\":[{\"@type\":\"WebPage\",\"@id\":\"https:\\\/\\\/test-technique-ski.fr\\\/pt-pt\\\/tornar-se-um-instrutor-de-esqui-alpino\\\/\",\"url\":\"https:\\\/\\\/test-technique-ski.fr\\\/pt-pt\\\/tornar-se-um-instrutor-de-esqui-alpino\\\/\",\"name\":\"Tornar-se um instrutor de esqui\",\"isPartOf\":{\"@id\":\"https:\\\/\\\/test-technique-ski.fr\\\/pt-pt\\\/#website\"},\"datePublished\":\"2023-01-07T08:50:20+00:00\",\"dateModified\":\"2025-08-29T12:15:51+00:00\",\"description\":\"Como tornar-se um instrutor de esqui em Fran\u00e7a. Quais s\u00e3o as qualidades e aptid\u00f5es necess\u00e1rias para ter sucesso como um A\",\"inLanguage\":\"pt-PT\",\"potentialAction\":[{\"@type\":\"ReadAction\",\"target\":[\"https:\\\/\\\/test-technique-ski.fr\\\/pt-pt\\\/tornar-se-um-instrutor-de-esqui-alpino\\\/\"]}]},{\"@type\":\"WebSite\",\"@id\":\"https:\\\/\\\/test-technique-ski.fr\\\/pt-pt\\\/#website\",\"url\":\"https:\\\/\\\/test-technique-ski.fr\\\/pt-pt\\\/\",\"name\":\"TEST TECHNIQUE SKI\",\"description\":\"\",\"potentialAction\":[{\"@type\":\"SearchAction\",\"target\":{\"@type\":\"EntryPoint\",\"urlTemplate\":\"https:\\\/\\\/test-technique-ski.fr\\\/pt-pt\\\/?s={search_term_string}\"},\"query-input\":{\"@type\":\"PropertyValueSpecification\",\"valueRequired\":true,\"valueName\":\"search_term_string\"}}],\"inLanguage\":\"pt-PT\"}]}<\/script>\n<!-- \/ Yoast SEO plugin. -->","yoast_head_json":{"title":"Tornar-se um instrutor de esqui","description":"Como tornar-se um instrutor de esqui em Fran\u00e7a. Quais s\u00e3o as qualidades e aptid\u00f5es necess\u00e1rias para ter sucesso como um A","robots":{"index":"index","follow":"follow","max-snippet":"max-snippet:-1","max-image-preview":"max-image-preview:large","max-video-preview":"max-video-preview:-1"},"canonical":"https:\/\/test-technique-ski.fr\/pt-pt\/tornar-se-um-instrutor-de-esqui-alpino\/","og_locale":"pt_PT","og_type":"article","og_title":"Tornar-se um instrutor de esqui","og_description":"Como tornar-se um instrutor de esqui em Fran\u00e7a. Quais s\u00e3o as qualidades e aptid\u00f5es necess\u00e1rias para ter sucesso como um A","og_url":"https:\/\/test-technique-ski.fr\/pt-pt\/tornar-se-um-instrutor-de-esqui-alpino\/","og_site_name":"TEST TECHNIQUE SKI","article_modified_time":"2025-08-29T12:15:51+00:00","twitter_card":"summary_large_image","twitter_misc":{"Tempo estimado de leitura":"2 minutos"},"schema":{"@context":"https:\/\/schema.org","@graph":[{"@type":"WebPage","@id":"https:\/\/test-technique-ski.fr\/pt-pt\/tornar-se-um-instrutor-de-esqui-alpino\/","url":"https:\/\/test-technique-ski.fr\/pt-pt\/tornar-se-um-instrutor-de-esqui-alpino\/","name":"Tornar-se um instrutor de esqui","isPartOf":{"@id":"https:\/\/test-technique-ski.fr\/pt-pt\/#website"},"datePublished":"2023-01-07T08:50:20+00:00","dateModified":"2025-08-29T12:15:51+00:00","description":"Como tornar-se um instrutor de esqui em Fran\u00e7a. Quais s\u00e3o as qualidades e aptid\u00f5es necess\u00e1rias para ter sucesso como um A","inLanguage":"pt-PT","potentialAction":[{"@type":"ReadAction","target":["https:\/\/test-technique-ski.fr\/pt-pt\/tornar-se-um-instrutor-de-esqui-alpino\/"]}]},{"@type":"WebSite","@id":"https:\/\/test-technique-ski.fr\/pt-pt\/#website","url":"https:\/\/test-technique-ski.fr\/pt-pt\/","name":"TEST TECHNIQUE SKI","description":"","potentialAction":[{"@type":"SearchAction","target":{"@type":"EntryPoint","urlTemplate":"https:\/\/test-technique-ski.fr\/pt-pt\/?s={search_term_string}"},"query-input":{"@type":"PropertyValueSpecification","valueRequired":true,"valueName":"search_term_string"}}],"inLanguage":"pt-PT"}]}},"_links":{"self":[{"href":"https:\/\/test-technique-ski.fr\/pt-pt\/wp-json\/wp\/v2\/pages\/554","targetHints":{"allow":["GET"]}}],"collection":[{"href":"https:\/\/test-technique-ski.fr\/pt-pt\/wp-json\/wp\/v2\/pages"}],"about":[{"href":"https:\/\/test-technique-ski.fr\/pt-pt\/wp-json\/wp\/v2\/types\/page"}],"author":[{"embeddable":true,"href":"https:\/\/test-technique-ski.fr\/pt-pt\/wp-json\/wp\/v2\/users\/1"}],"replies":[{"embeddable":true,"href":"https:\/\/test-technique-ski.fr\/pt-pt\/wp-json\/wp\/v2\/comments?post=554"}],"version-history":[{"count":0,"href":"https:\/\/test-technique-ski.fr\/pt-pt\/wp-json\/wp\/v2\/pages\/554\/revisions"}],"wp:attachment":[{"href":"https:\/\/test-technique-ski.fr\/pt-pt\/wp-json\/wp\/v2\/media?parent=554"}],"curies":[{"name":"wp","href":"https:\/\/api.w.org\/{rel}","templated":true}]}}