{"id":556,"date":"2023-01-06T08:40:08","date_gmt":"2023-01-06T08:40:08","guid":{"rendered":"https:\/\/test-technique-ski.fr\/resultados-teste-tecnica-esquis-alpin\/"},"modified":"2026-01-31T09:21:24","modified_gmt":"2026-01-31T09:21:24","slug":"resultados-teste-tecnica-esqui","status":"publish","type":"page","link":"https:\/\/test-technique-ski.fr\/pt-pt\/resultados-teste-tecnica-esqui\/","title":{"rendered":"Resultados do Teste T\u00e9cnico de Esqui Alpino"},"content":{"rendered":"\n<h1 class=\"wp-block-heading\">Resultados do teste de t\u00e9cnica de esqui<\/h1>\n\n<p>Os resultados do <a href=\"https:\/\/test-technique-ski.fr\/pt-pt\/\">Teste T\u00e9cnico de Esqui Alpino<\/a> est\u00e3o dispon\u00edveis na Internet na plataforma de Gest\u00e3o de Percursos de Forma\u00e7\u00e3o do Minist\u00e9rio do Desporto franc\u00eas.<\/p>\n\n<h2 class=\"wp-block-heading\">Como posso obter os resultados do Teste T\u00e9cnico de Esqui?<\/h2>\n\n<p>Para consultar os resultados, tens de aceder a <a href=\"https:\/\/www.gepafom.fr\/jsra\/login\">gepafom.fr<\/a>.  <\/p>\n\n<p>Se n\u00e3o tens uma conta no site do GEPAFO Montagne, basta criar uma conta para <a href=\"https:\/\/test-technique-ski.fr\/pt-pt\/registo-tecnico-teste-ski\/\">te inscreveres na Prova T\u00e9cnica de Esqui<\/a>.<\/p>\n\n<p>Uma vez que esteja logado na sua conta GEPAFO, deve clicar em RESULTADO como mostra a figura abaixo:<\/p>\n\n<figure class=\"wp-block-image size-full\"><img fetchpriority=\"high\" decoding=\"async\" width=\"944\" height=\"448\" src=\"https:\/\/test-technique-ski.fr\/wp-content\/uploads\/2023\/01\/resultats-test-technique-ski.jpg\" alt=\"Resultados do Teste T&#xE9;cnico de Esqui Alpino\" class=\"wp-image-350\" title=\"Resultados do Teste T&#xE9;cnico de Esqui Alpino\" srcset=\"https:\/\/test-technique-ski.fr\/wp-content\/uploads\/2023\/01\/resultats-test-technique-ski.jpg 944w, https:\/\/test-technique-ski.fr\/wp-content\/uploads\/2023\/01\/resultats-test-technique-ski-300x142.jpg 300w, https:\/\/test-technique-ski.fr\/wp-content\/uploads\/2023\/01\/resultats-test-technique-ski-768x364.jpg 768w\" sizes=\"(max-width: 944px) 100vw, 944px\" \/><figcaption class=\"wp-element-caption\">Resultados do teste t\u00e9cnico do Ski 2026<\/figcaption><\/figure>\n\n<p>Os resultados do Teste T\u00e9cnico de Esqui Alpino est\u00e3o dispon\u00edveis ap\u00f3s cada uma das duas sess\u00f5es anuais do Teste T\u00e9cnico. Clica aqui para veres as <a href=\"https:\/\/test-technique-ski.fr\/pt-pt\/data-do-teste-tecnico-de-esqui-alpino\/\">datas da Prova T\u00e9cnica de Esqui de 2026<\/a>.<\/p>\n","protected":false},"excerpt":{"rendered":"<p>Resultados do teste de t\u00e9cnica de esqui Os resultados do Teste T\u00e9cnico de Esqui Alpino est\u00e3o dispon\u00edveis na Internet na plataforma de Gest\u00e3o de Percursos de Forma\u00e7\u00e3o do Minist\u00e9rio do Desporto franc\u00eas. Como posso obter os resultados do Teste T\u00e9cnico de Esqui? Para consultar os resultados, tens de aceder a gepafom.fr. Se n\u00e3o tens uma [&hellip;]<\/p>\n","protected":false},"author":1,"featured_media":0,"parent":0,"menu_order":0,"comment_status":"closed","ping_status":"closed","template":"","meta":{"footnotes":""},"class_list":["post-556","page","type-page","status-publish","hentry"],"yoast_head":"<!-- This site is optimized with the Yoast SEO plugin v27.3 - https:\/\/yoast.com\/product\/yoast-seo-wordpress\/ -->\n<title>Resultados do Teste T\u00e9cnico de Esqui Alpino<\/title>\n<meta name=\"description\" content=\"Os resultados do Teste T\u00e9cnico de Esqui Alpino podem ser encontrados directamente na Internet. Estes resultados est\u00e3o dispon\u00edveis online.\" \/>\n<meta name=\"robots\" content=\"index, follow, max-snippet:-1, max-image-preview:large, max-video-preview:-1\" \/>\n<link rel=\"canonical\" href=\"https:\/\/test-technique-ski.fr\/pt-pt\/resultados-teste-tecnica-esqui\/\" \/>\n<meta property=\"og:locale\" content=\"pt_PT\" \/>\n<meta property=\"og:type\" content=\"article\" \/>\n<meta property=\"og:title\" content=\"Resultados do Teste T\u00e9cnico de Esqui Alpino\" \/>\n<meta property=\"og:description\" content=\"Os resultados do Teste T\u00e9cnico de Esqui Alpino podem ser encontrados directamente na Internet. Estes resultados est\u00e3o dispon\u00edveis online.\" \/>\n<meta property=\"og:url\" content=\"https:\/\/test-technique-ski.fr\/pt-pt\/resultados-teste-tecnica-esqui\/\" \/>\n<meta property=\"og:site_name\" content=\"TEST TECHNIQUE SKI\" \/>\n<meta property=\"article:modified_time\" content=\"2026-01-31T09:21:24+00:00\" \/>\n<meta property=\"og:image\" content=\"https:\/\/test-technique-ski.fr\/wp-content\/uploads\/2023\/01\/resultats-test-technique-ski.jpg\" \/>\n\t<meta property=\"og:image:width\" content=\"944\" \/>\n\t<meta property=\"og:image:height\" content=\"448\" \/>\n\t<meta property=\"og:image:type\" content=\"image\/jpeg\" \/>\n<meta name=\"twitter:card\" content=\"summary_large_image\" \/>\n<meta name=\"twitter:label1\" content=\"Tempo estimado de leitura\" \/>\n\t<meta name=\"twitter:data1\" content=\"1 minuto\" \/>\n<script type=\"application\/ld+json\" class=\"yoast-schema-graph\">{\"@context\":\"https:\\\/\\\/schema.org\",\"@graph\":[{\"@type\":\"WebPage\",\"@id\":\"https:\\\/\\\/test-technique-ski.fr\\\/pt-pt\\\/resultados-teste-tecnica-esqui\\\/\",\"url\":\"https:\\\/\\\/test-technique-ski.fr\\\/pt-pt\\\/resultados-teste-tecnica-esqui\\\/\",\"name\":\"Resultados do Teste T\u00e9cnico de Esqui Alpino\",\"isPartOf\":{\"@id\":\"https:\\\/\\\/test-technique-ski.fr\\\/pt-pt\\\/#website\"},\"primaryImageOfPage\":{\"@id\":\"https:\\\/\\\/test-technique-ski.fr\\\/pt-pt\\\/resultados-teste-tecnica-esqui\\\/#primaryimage\"},\"image\":{\"@id\":\"https:\\\/\\\/test-technique-ski.fr\\\/pt-pt\\\/resultados-teste-tecnica-esqui\\\/#primaryimage\"},\"thumbnailUrl\":\"https:\\\/\\\/test-technique-ski.fr\\\/wp-content\\\/uploads\\\/2023\\\/01\\\/resultats-test-technique-ski.jpg\",\"datePublished\":\"2023-01-06T08:40:08+00:00\",\"dateModified\":\"2026-01-31T09:21:24+00:00\",\"description\":\"Os resultados do Teste T\u00e9cnico de Esqui Alpino podem ser encontrados directamente na Internet. Estes resultados est\u00e3o dispon\u00edveis online.\",\"inLanguage\":\"pt-PT\",\"potentialAction\":[{\"@type\":\"ReadAction\",\"target\":[\"https:\\\/\\\/test-technique-ski.fr\\\/pt-pt\\\/resultados-teste-tecnica-esqui\\\/\"]}]},{\"@type\":\"ImageObject\",\"inLanguage\":\"pt-PT\",\"@id\":\"https:\\\/\\\/test-technique-ski.fr\\\/pt-pt\\\/resultados-teste-tecnica-esqui\\\/#primaryimage\",\"url\":\"https:\\\/\\\/test-technique-ski.fr\\\/wp-content\\\/uploads\\\/2023\\\/01\\\/resultats-test-technique-ski.jpg\",\"contentUrl\":\"https:\\\/\\\/test-technique-ski.fr\\\/wp-content\\\/uploads\\\/2023\\\/01\\\/resultats-test-technique-ski.jpg\"},{\"@type\":\"WebSite\",\"@id\":\"https:\\\/\\\/test-technique-ski.fr\\\/pt-pt\\\/#website\",\"url\":\"https:\\\/\\\/test-technique-ski.fr\\\/pt-pt\\\/\",\"name\":\"TEST TECHNIQUE SKI\",\"description\":\"\",\"potentialAction\":[{\"@type\":\"SearchAction\",\"target\":{\"@type\":\"EntryPoint\",\"urlTemplate\":\"https:\\\/\\\/test-technique-ski.fr\\\/pt-pt\\\/?s={search_term_string}\"},\"query-input\":{\"@type\":\"PropertyValueSpecification\",\"valueRequired\":true,\"valueName\":\"search_term_string\"}}],\"inLanguage\":\"pt-PT\"}]}<\/script>\n<!-- \/ Yoast SEO plugin. -->","yoast_head_json":{"title":"Resultados do Teste T\u00e9cnico de Esqui Alpino","description":"Os resultados do Teste T\u00e9cnico de Esqui Alpino podem ser encontrados directamente na Internet. Estes resultados est\u00e3o dispon\u00edveis online.","robots":{"index":"index","follow":"follow","max-snippet":"max-snippet:-1","max-image-preview":"max-image-preview:large","max-video-preview":"max-video-preview:-1"},"canonical":"https:\/\/test-technique-ski.fr\/pt-pt\/resultados-teste-tecnica-esqui\/","og_locale":"pt_PT","og_type":"article","og_title":"Resultados do Teste T\u00e9cnico de Esqui Alpino","og_description":"Os resultados do Teste T\u00e9cnico de Esqui Alpino podem ser encontrados directamente na Internet. Estes resultados est\u00e3o dispon\u00edveis online.","og_url":"https:\/\/test-technique-ski.fr\/pt-pt\/resultados-teste-tecnica-esqui\/","og_site_name":"TEST TECHNIQUE SKI","article_modified_time":"2026-01-31T09:21:24+00:00","og_image":[{"width":944,"height":448,"url":"https:\/\/test-technique-ski.fr\/wp-content\/uploads\/2023\/01\/resultats-test-technique-ski.jpg","type":"image\/jpeg"}],"twitter_card":"summary_large_image","twitter_misc":{"Tempo estimado de leitura":"1 minuto"},"schema":{"@context":"https:\/\/schema.org","@graph":[{"@type":"WebPage","@id":"https:\/\/test-technique-ski.fr\/pt-pt\/resultados-teste-tecnica-esqui\/","url":"https:\/\/test-technique-ski.fr\/pt-pt\/resultados-teste-tecnica-esqui\/","name":"Resultados do Teste T\u00e9cnico de Esqui Alpino","isPartOf":{"@id":"https:\/\/test-technique-ski.fr\/pt-pt\/#website"},"primaryImageOfPage":{"@id":"https:\/\/test-technique-ski.fr\/pt-pt\/resultados-teste-tecnica-esqui\/#primaryimage"},"image":{"@id":"https:\/\/test-technique-ski.fr\/pt-pt\/resultados-teste-tecnica-esqui\/#primaryimage"},"thumbnailUrl":"https:\/\/test-technique-ski.fr\/wp-content\/uploads\/2023\/01\/resultats-test-technique-ski.jpg","datePublished":"2023-01-06T08:40:08+00:00","dateModified":"2026-01-31T09:21:24+00:00","description":"Os resultados do Teste T\u00e9cnico de Esqui Alpino podem ser encontrados directamente na Internet. Estes resultados est\u00e3o dispon\u00edveis online.","inLanguage":"pt-PT","potentialAction":[{"@type":"ReadAction","target":["https:\/\/test-technique-ski.fr\/pt-pt\/resultados-teste-tecnica-esqui\/"]}]},{"@type":"ImageObject","inLanguage":"pt-PT","@id":"https:\/\/test-technique-ski.fr\/pt-pt\/resultados-teste-tecnica-esqui\/#primaryimage","url":"https:\/\/test-technique-ski.fr\/wp-content\/uploads\/2023\/01\/resultats-test-technique-ski.jpg","contentUrl":"https:\/\/test-technique-ski.fr\/wp-content\/uploads\/2023\/01\/resultats-test-technique-ski.jpg"},{"@type":"WebSite","@id":"https:\/\/test-technique-ski.fr\/pt-pt\/#website","url":"https:\/\/test-technique-ski.fr\/pt-pt\/","name":"TEST TECHNIQUE SKI","description":"","potentialAction":[{"@type":"SearchAction","target":{"@type":"EntryPoint","urlTemplate":"https:\/\/test-technique-ski.fr\/pt-pt\/?s={search_term_string}"},"query-input":{"@type":"PropertyValueSpecification","valueRequired":true,"valueName":"search_term_string"}}],"inLanguage":"pt-PT"}]}},"_links":{"self":[{"href":"https:\/\/test-technique-ski.fr\/pt-pt\/wp-json\/wp\/v2\/pages\/556","targetHints":{"allow":["GET"]}}],"collection":[{"href":"https:\/\/test-technique-ski.fr\/pt-pt\/wp-json\/wp\/v2\/pages"}],"about":[{"href":"https:\/\/test-technique-ski.fr\/pt-pt\/wp-json\/wp\/v2\/types\/page"}],"author":[{"embeddable":true,"href":"https:\/\/test-technique-ski.fr\/pt-pt\/wp-json\/wp\/v2\/users\/1"}],"replies":[{"embeddable":true,"href":"https:\/\/test-technique-ski.fr\/pt-pt\/wp-json\/wp\/v2\/comments?post=556"}],"version-history":[{"count":5,"href":"https:\/\/test-technique-ski.fr\/pt-pt\/wp-json\/wp\/v2\/pages\/556\/revisions"}],"predecessor-version":[{"id":3776,"href":"https:\/\/test-technique-ski.fr\/pt-pt\/wp-json\/wp\/v2\/pages\/556\/revisions\/3776"}],"wp:attachment":[{"href":"https:\/\/test-technique-ski.fr\/pt-pt\/wp-json\/wp\/v2\/media?parent=556"}],"curies":[{"name":"wp","href":"https:\/\/api.w.org\/{rel}","templated":true}]}}