{"id":771,"date":"2023-01-13T12:41:48","date_gmt":"2023-01-13T12:41:48","guid":{"rendered":"https:\/\/test-technique-ski.fr\/gepafo-montagne\/"},"modified":"2023-01-13T12:57:04","modified_gmt":"2023-01-13T12:57:04","slug":"gepafo-montagne","status":"publish","type":"page","link":"https:\/\/test-technique-ski.fr\/pt-pt\/gepafo-montagne\/","title":{"rendered":"GEPAFO Montagne | monitorize a forma\u00e7\u00e3o A"},"content":{"rendered":"\n<h1 class=\"wp-block-heading\">GEPAFO Montagne para forma\u00e7\u00e3o de instrutores de esqui<\/h1>\n\n<h2 class=\"wp-block-heading\">O que \u00e9 a GEPAFO?<\/h2>\n\n<p><strong>GEPAFO significa GEstion des PArcours de FOrmation<\/strong>. Trata-se de uma plataforma online que permite que a gest\u00e3o dos cursos de forma\u00e7\u00e3o seja controlada pelo Minist\u00e9rio do Desporto franc\u00eas.<\/p>\n\n<h2 class=\"wp-block-heading\">Como se registar no s\u00edtio Web da GEPAFO?<\/h2>\n\n<p>A plataforma GEPAFO Montagne est\u00e1 acess\u00edvel em www.gepafom.fr.  <\/p>\n\n<h2 class=\"wp-block-heading\">Qual \u00e9 a finalidade da plataforma online GEPAFO?<\/h2>\n\n<p>A plataforma GEPAFO permite a cada candidato ao diploma de instrutor de esqui inscrever-se para as provas e seguir a sua forma\u00e7\u00e3o ao longo do processo de aprendizagem da profiss\u00e3o de instrutor de esqui.<\/p>\n\n<p>A primeira fase da forma\u00e7\u00e3o \u00e9 o <a href=\"https:\/\/test-technique-ski.fr\/pt-pt\/\">teste t\u00e9cnico de esqui<\/a>. Este primeiro teste valida o n\u00edvel de esqui do candidato. A<a href=\"https:\/\/test-technique-ski.fr\/pt-pt\/registo-tecnico-teste-ski\/\">inscri\u00e7\u00e3o para o teste t\u00e9cnico de esqui<\/a> est\u00e1 inteiramente online na plataforma gepafom.fr<\/p>\n\n<p> <\/p>\n","protected":false},"excerpt":{"rendered":"<p>GEPAFO Montagne para forma\u00e7\u00e3o de instrutores de esqui O que \u00e9 a GEPAFO? GEPAFO significa GEstion des PArcours de FOrmation. Trata-se de uma plataforma online que permite que a gest\u00e3o dos cursos de forma\u00e7\u00e3o seja controlada pelo Minist\u00e9rio do Desporto franc\u00eas. Como se registar no s\u00edtio Web da GEPAFO? A plataforma GEPAFO Montagne est\u00e1 acess\u00edvel [&hellip;]<\/p>\n","protected":false},"author":1,"featured_media":0,"parent":0,"menu_order":0,"comment_status":"closed","ping_status":"closed","template":"","meta":{"footnotes":""},"class_list":["post-771","page","type-page","status-publish","hentry"],"yoast_head":"<!-- This site is optimized with the Yoast SEO plugin v27.3 - https:\/\/yoast.com\/product\/yoast-seo-wordpress\/ -->\n<title>GEPAFO Montagne | monitorize a forma\u00e7\u00e3o A<\/title>\n<meta name=\"description\" content=\"GEPAFO Montagne, a plataforma de Gest\u00e3o de Percursos de Forma\u00e7\u00e3o do Minist\u00e9rio do Desporto franc\u00eas\" \/>\n<meta name=\"robots\" content=\"index, follow, max-snippet:-1, max-image-preview:large, max-video-preview:-1\" \/>\n<link rel=\"canonical\" href=\"https:\/\/test-technique-ski.fr\/pt-pt\/gepafo-montagne\/\" \/>\n<meta property=\"og:locale\" content=\"pt_PT\" \/>\n<meta property=\"og:type\" content=\"article\" \/>\n<meta property=\"og:title\" content=\"GEPAFO Montagne | monitorize a forma\u00e7\u00e3o A\" \/>\n<meta property=\"og:description\" content=\"GEPAFO Montagne, a plataforma de Gest\u00e3o de Percursos de Forma\u00e7\u00e3o do Minist\u00e9rio do Desporto franc\u00eas\" \/>\n<meta property=\"og:url\" content=\"https:\/\/test-technique-ski.fr\/pt-pt\/gepafo-montagne\/\" \/>\n<meta property=\"og:site_name\" content=\"TEST TECHNIQUE SKI\" \/>\n<meta property=\"article:modified_time\" content=\"2023-01-13T12:57:04+00:00\" \/>\n<meta name=\"twitter:card\" content=\"summary_large_image\" \/>\n<meta name=\"twitter:label1\" content=\"Tempo estimado de leitura\" \/>\n\t<meta name=\"twitter:data1\" content=\"1 minuto\" \/>\n<script type=\"application\/ld+json\" class=\"yoast-schema-graph\">{\"@context\":\"https:\\\/\\\/schema.org\",\"@graph\":[{\"@type\":\"WebPage\",\"@id\":\"https:\\\/\\\/test-technique-ski.fr\\\/pt-pt\\\/gepafo-montagne\\\/\",\"url\":\"https:\\\/\\\/test-technique-ski.fr\\\/pt-pt\\\/gepafo-montagne\\\/\",\"name\":\"GEPAFO Montagne | monitorize a forma\u00e7\u00e3o A\",\"isPartOf\":{\"@id\":\"https:\\\/\\\/test-technique-ski.fr\\\/pt-pt\\\/#website\"},\"datePublished\":\"2023-01-13T12:41:48+00:00\",\"dateModified\":\"2023-01-13T12:57:04+00:00\",\"description\":\"GEPAFO Montagne, a plataforma de Gest\u00e3o de Percursos de Forma\u00e7\u00e3o do Minist\u00e9rio do Desporto franc\u00eas\",\"inLanguage\":\"pt-PT\",\"potentialAction\":[{\"@type\":\"ReadAction\",\"target\":[\"https:\\\/\\\/test-technique-ski.fr\\\/pt-pt\\\/gepafo-montagne\\\/\"]}]},{\"@type\":\"WebSite\",\"@id\":\"https:\\\/\\\/test-technique-ski.fr\\\/pt-pt\\\/#website\",\"url\":\"https:\\\/\\\/test-technique-ski.fr\\\/pt-pt\\\/\",\"name\":\"TEST TECHNIQUE SKI\",\"description\":\"\",\"potentialAction\":[{\"@type\":\"SearchAction\",\"target\":{\"@type\":\"EntryPoint\",\"urlTemplate\":\"https:\\\/\\\/test-technique-ski.fr\\\/pt-pt\\\/?s={search_term_string}\"},\"query-input\":{\"@type\":\"PropertyValueSpecification\",\"valueRequired\":true,\"valueName\":\"search_term_string\"}}],\"inLanguage\":\"pt-PT\"}]}<\/script>\n<!-- \/ Yoast SEO plugin. -->","yoast_head_json":{"title":"GEPAFO Montagne | monitorize a forma\u00e7\u00e3o A","description":"GEPAFO Montagne, a plataforma de Gest\u00e3o de Percursos de Forma\u00e7\u00e3o do Minist\u00e9rio do Desporto franc\u00eas","robots":{"index":"index","follow":"follow","max-snippet":"max-snippet:-1","max-image-preview":"max-image-preview:large","max-video-preview":"max-video-preview:-1"},"canonical":"https:\/\/test-technique-ski.fr\/pt-pt\/gepafo-montagne\/","og_locale":"pt_PT","og_type":"article","og_title":"GEPAFO Montagne | monitorize a forma\u00e7\u00e3o A","og_description":"GEPAFO Montagne, a plataforma de Gest\u00e3o de Percursos de Forma\u00e7\u00e3o do Minist\u00e9rio do Desporto franc\u00eas","og_url":"https:\/\/test-technique-ski.fr\/pt-pt\/gepafo-montagne\/","og_site_name":"TEST TECHNIQUE SKI","article_modified_time":"2023-01-13T12:57:04+00:00","twitter_card":"summary_large_image","twitter_misc":{"Tempo estimado de leitura":"1 minuto"},"schema":{"@context":"https:\/\/schema.org","@graph":[{"@type":"WebPage","@id":"https:\/\/test-technique-ski.fr\/pt-pt\/gepafo-montagne\/","url":"https:\/\/test-technique-ski.fr\/pt-pt\/gepafo-montagne\/","name":"GEPAFO Montagne | monitorize a forma\u00e7\u00e3o A","isPartOf":{"@id":"https:\/\/test-technique-ski.fr\/pt-pt\/#website"},"datePublished":"2023-01-13T12:41:48+00:00","dateModified":"2023-01-13T12:57:04+00:00","description":"GEPAFO Montagne, a plataforma de Gest\u00e3o de Percursos de Forma\u00e7\u00e3o do Minist\u00e9rio do Desporto franc\u00eas","inLanguage":"pt-PT","potentialAction":[{"@type":"ReadAction","target":["https:\/\/test-technique-ski.fr\/pt-pt\/gepafo-montagne\/"]}]},{"@type":"WebSite","@id":"https:\/\/test-technique-ski.fr\/pt-pt\/#website","url":"https:\/\/test-technique-ski.fr\/pt-pt\/","name":"TEST TECHNIQUE SKI","description":"","potentialAction":[{"@type":"SearchAction","target":{"@type":"EntryPoint","urlTemplate":"https:\/\/test-technique-ski.fr\/pt-pt\/?s={search_term_string}"},"query-input":{"@type":"PropertyValueSpecification","valueRequired":true,"valueName":"search_term_string"}}],"inLanguage":"pt-PT"}]}},"_links":{"self":[{"href":"https:\/\/test-technique-ski.fr\/pt-pt\/wp-json\/wp\/v2\/pages\/771","targetHints":{"allow":["GET"]}}],"collection":[{"href":"https:\/\/test-technique-ski.fr\/pt-pt\/wp-json\/wp\/v2\/pages"}],"about":[{"href":"https:\/\/test-technique-ski.fr\/pt-pt\/wp-json\/wp\/v2\/types\/page"}],"author":[{"embeddable":true,"href":"https:\/\/test-technique-ski.fr\/pt-pt\/wp-json\/wp\/v2\/users\/1"}],"replies":[{"embeddable":true,"href":"https:\/\/test-technique-ski.fr\/pt-pt\/wp-json\/wp\/v2\/comments?post=771"}],"version-history":[{"count":0,"href":"https:\/\/test-technique-ski.fr\/pt-pt\/wp-json\/wp\/v2\/pages\/771\/revisions"}],"wp:attachment":[{"href":"https:\/\/test-technique-ski.fr\/pt-pt\/wp-json\/wp\/v2\/media?parent=771"}],"curies":[{"name":"wp","href":"https:\/\/api.w.org\/{rel}","templated":true}]}}