{"id":1896,"date":"2024-09-25T08:16:40","date_gmt":"2024-09-25T07:16:40","guid":{"rendered":"https:\/\/test-technique-ski.fr\/test-teknik-ski-alpin-menuires\/"},"modified":"2026-01-29T11:54:41","modified_gmt":"2026-01-29T11:54:41","slug":"test-teknik-ski-alpin-menuires","status":"publish","type":"page","link":"https:\/\/test-technique-ski.fr\/sv\/test-teknik-ski-alpin-menuires\/","title":{"rendered":"Tekniskt test av utf\u00f6rs\u00e5kning i Les M\u00e9nuires"},"content":{"rendered":"\n<h1 class=\"wp-block-heading\">Tekniskt test av alpin skid\u00e5kning i Les Menuires (73)<\/h1>\n\n<p>Varje \u00e5r anordnar Les Menuires en eller flera sessioner f\u00f6r det tekniska testet f\u00f6r alpin skid\u00e5kning som en del av <a href=\"https:\/\/test-technique-ski.fr\/sv\/formation-moniteur-de-ski-alpin\/\">utbildningsprogrammet f\u00f6r alpina skidinstrukt\u00f6rer<\/a>.<\/p>\n\n<h2 class=\"wp-block-heading\">Datum f\u00f6r det tekniska provet i alpin skid\u00e5kning i Les Menuires<\/h2>\n\n<ul class=\"wp-block-list\">\n<li>Proven i Les Menuires f\u00f6r den f\u00f6rsta omg\u00e5ngen av det tekniska provet \u00e4gde rum den 5-9 januari 2026;<\/li>\n\n\n\n<li>Proven i Les Menuires f\u00f6r den 1:a omg\u00e5ngen av CTT:s tekniska prov \u00e4gde rum den 22-24 januari 2026.<\/li>\n<\/ul>\n\n<div style=\"height:10px\" aria-hidden=\"true\" class=\"wp-block-spacer\"><\/div>\n\n<h2 class=\"wp-block-heading\">Utbildning i tekniskt test i Les Menuires<\/h2>\n\n<p>ESF Academy i Les Menuires kommer att anordna flera <a href=\"https:\/\/test-technique-ski.fr\/sv\/teknisk-provforberedelsekurs-for-alpin-skidakning\/\">utbildningskurser f\u00f6r tekniska tester<\/a> p\u00e5 slalomstadion i Les M\u00e9nuires:<\/p>\n\n<ul class=\"wp-block-list\">\n<li>Kurs i tekniskt test f\u00f6re det tekniska testet i Les Menuires ;<\/li>\n\n\n\n<li>F\u00f6rberedande kurs f\u00f6r CTT:s tekniska test.<\/li>\n<\/ul>\n\n<div style=\"height:10px\" aria-hidden=\"true\" class=\"wp-block-spacer\"><\/div>\n\n<p>F\u00f6r att delta i de f\u00f6rberedande kurserna, <strong>kontakta Nicolas Flage<\/strong> p\u00e5 <a href=\"tel:+33625690113\">06 25 69 01 13.<\/a><\/p>\n\n<div style=\"height:20px\" aria-hidden=\"true\" class=\"wp-block-spacer\"><\/div>\n\n<h2 class=\"wp-block-heading\">Hur anm\u00e4ler jag mig till Les Menuires Technical Test?<\/h2>\n\n<p>Hela <a href=\"https:\/\/test-technique-ski.fr\/sv\/skidteknisk-testregistrering\/\">registreringsf\u00f6rfarandet f\u00f6r det tekniska skidprovet<\/a> genomf\u00f6rs online p\u00e5 GEPAFO:s officiella webbplats.<\/p>\n\n<h2 class=\"wp-block-heading\">Sista anm\u00e4lningsdag f\u00f6r det tekniska provet i Les M\u00e9nuires<\/h2>\n\n<p>H\u00e4r \u00e4r registreringsfristerna f\u00f6r det tekniska testet som h\u00e5lls i Les Menuires:<\/p>\n\n<ul class=\"wp-block-list\">\n<li>Sista anm\u00e4lningsdag: 13\/10\/2025<\/li>\n\n\n\n<li>Sista ans\u00f6kningsdag: 21\/11\/2025<\/li>\n<\/ul>\n\n<p>F\u00f6r CTT var sista dagen f\u00f6r registrering den 21\/12\/2025.<\/p>\n","protected":false},"excerpt":{"rendered":"<p>Tekniskt test av alpin skid\u00e5kning i Les Menuires (73) Varje \u00e5r anordnar Les Menuires en eller flera sessioner f\u00f6r det tekniska testet f\u00f6r alpin skid\u00e5kning som en del av utbildningsprogrammet f\u00f6r alpina skidinstrukt\u00f6rer. Datum f\u00f6r det tekniska provet i alpin skid\u00e5kning i Les Menuires Utbildning i tekniskt test i Les Menuires ESF Academy i Les [&hellip;]<\/p>\n","protected":false},"author":1,"featured_media":0,"parent":0,"menu_order":0,"comment_status":"closed","ping_status":"closed","template":"","meta":{"footnotes":""},"class_list":["post-1896","page","type-page","status-publish","hentry"],"yoast_head":"<!-- This site is optimized with the Yoast SEO plugin v27.3 - https:\/\/yoast.com\/product\/yoast-seo-wordpress\/ -->\n<title>Tekniskt test av utf\u00f6rs\u00e5kning i Les M\u00e9nuires - TEST TECHNIQUE SKI<\/title>\n<meta name=\"description\" content=\"En del av det tekniska testet f\u00f6r alpin skid\u00e5kning \u00e4ger rum i Les Menuires. Delta i den f\u00f6rberedande kursen i Les Menuires\" \/>\n<meta name=\"robots\" content=\"index, follow, max-snippet:-1, max-image-preview:large, max-video-preview:-1\" \/>\n<link rel=\"canonical\" href=\"https:\/\/test-technique-ski.fr\/sv\/test-teknik-ski-alpin-menuires\/\" \/>\n<meta property=\"og:locale\" content=\"sv_SE\" \/>\n<meta property=\"og:type\" content=\"article\" \/>\n<meta property=\"og:title\" content=\"Tekniskt test av utf\u00f6rs\u00e5kning i Les M\u00e9nuires - TEST TECHNIQUE SKI\" \/>\n<meta property=\"og:description\" content=\"En del av det tekniska testet f\u00f6r alpin skid\u00e5kning \u00e4ger rum i Les Menuires. Delta i den f\u00f6rberedande kursen i Les Menuires\" \/>\n<meta property=\"og:url\" content=\"https:\/\/test-technique-ski.fr\/sv\/test-teknik-ski-alpin-menuires\/\" \/>\n<meta property=\"og:site_name\" content=\"TEST TECHNIQUE SKI\" \/>\n<meta property=\"article:modified_time\" content=\"2026-01-29T11:54:41+00:00\" \/>\n<meta name=\"twitter:card\" content=\"summary_large_image\" \/>\n<meta name=\"twitter:label1\" content=\"Ber\u00e4knad l\u00e4stid\" \/>\n\t<meta name=\"twitter:data1\" content=\"1 minut\" \/>\n<script type=\"application\/ld+json\" class=\"yoast-schema-graph\">{\"@context\":\"https:\\\/\\\/schema.org\",\"@graph\":[{\"@type\":\"WebPage\",\"@id\":\"https:\\\/\\\/test-technique-ski.fr\\\/sv\\\/test-teknik-ski-alpin-menuires\\\/\",\"url\":\"https:\\\/\\\/test-technique-ski.fr\\\/sv\\\/test-teknik-ski-alpin-menuires\\\/\",\"name\":\"Tekniskt test av utf\u00f6rs\u00e5kning i Les M\u00e9nuires - TEST TECHNIQUE SKI\",\"isPartOf\":{\"@id\":\"https:\\\/\\\/test-technique-ski.fr\\\/sv\\\/#website\"},\"datePublished\":\"2024-09-25T07:16:40+00:00\",\"dateModified\":\"2026-01-29T11:54:41+00:00\",\"description\":\"En del av det tekniska testet f\u00f6r alpin skid\u00e5kning \u00e4ger rum i Les Menuires. Delta i den f\u00f6rberedande kursen i Les Menuires\",\"inLanguage\":\"sv-SE\",\"potentialAction\":[{\"@type\":\"ReadAction\",\"target\":[\"https:\\\/\\\/test-technique-ski.fr\\\/sv\\\/test-teknik-ski-alpin-menuires\\\/\"]}]},{\"@type\":\"WebSite\",\"@id\":\"https:\\\/\\\/test-technique-ski.fr\\\/sv\\\/#website\",\"url\":\"https:\\\/\\\/test-technique-ski.fr\\\/sv\\\/\",\"name\":\"TEST TECHNIQUE SKI\",\"description\":\"\",\"potentialAction\":[{\"@type\":\"SearchAction\",\"target\":{\"@type\":\"EntryPoint\",\"urlTemplate\":\"https:\\\/\\\/test-technique-ski.fr\\\/sv\\\/?s={search_term_string}\"},\"query-input\":{\"@type\":\"PropertyValueSpecification\",\"valueRequired\":true,\"valueName\":\"search_term_string\"}}],\"inLanguage\":\"sv-SE\"}]}<\/script>\n<!-- \/ Yoast SEO plugin. -->","yoast_head_json":{"title":"Tekniskt test av utf\u00f6rs\u00e5kning i Les M\u00e9nuires - TEST TECHNIQUE SKI","description":"En del av det tekniska testet f\u00f6r alpin skid\u00e5kning \u00e4ger rum i Les Menuires. Delta i den f\u00f6rberedande kursen i Les Menuires","robots":{"index":"index","follow":"follow","max-snippet":"max-snippet:-1","max-image-preview":"max-image-preview:large","max-video-preview":"max-video-preview:-1"},"canonical":"https:\/\/test-technique-ski.fr\/sv\/test-teknik-ski-alpin-menuires\/","og_locale":"sv_SE","og_type":"article","og_title":"Tekniskt test av utf\u00f6rs\u00e5kning i Les M\u00e9nuires - TEST TECHNIQUE SKI","og_description":"En del av det tekniska testet f\u00f6r alpin skid\u00e5kning \u00e4ger rum i Les Menuires. Delta i den f\u00f6rberedande kursen i Les Menuires","og_url":"https:\/\/test-technique-ski.fr\/sv\/test-teknik-ski-alpin-menuires\/","og_site_name":"TEST TECHNIQUE SKI","article_modified_time":"2026-01-29T11:54:41+00:00","twitter_card":"summary_large_image","twitter_misc":{"Ber\u00e4knad l\u00e4stid":"1 minut"},"schema":{"@context":"https:\/\/schema.org","@graph":[{"@type":"WebPage","@id":"https:\/\/test-technique-ski.fr\/sv\/test-teknik-ski-alpin-menuires\/","url":"https:\/\/test-technique-ski.fr\/sv\/test-teknik-ski-alpin-menuires\/","name":"Tekniskt test av utf\u00f6rs\u00e5kning i Les M\u00e9nuires - TEST TECHNIQUE SKI","isPartOf":{"@id":"https:\/\/test-technique-ski.fr\/sv\/#website"},"datePublished":"2024-09-25T07:16:40+00:00","dateModified":"2026-01-29T11:54:41+00:00","description":"En del av det tekniska testet f\u00f6r alpin skid\u00e5kning \u00e4ger rum i Les Menuires. Delta i den f\u00f6rberedande kursen i Les Menuires","inLanguage":"sv-SE","potentialAction":[{"@type":"ReadAction","target":["https:\/\/test-technique-ski.fr\/sv\/test-teknik-ski-alpin-menuires\/"]}]},{"@type":"WebSite","@id":"https:\/\/test-technique-ski.fr\/sv\/#website","url":"https:\/\/test-technique-ski.fr\/sv\/","name":"TEST TECHNIQUE SKI","description":"","potentialAction":[{"@type":"SearchAction","target":{"@type":"EntryPoint","urlTemplate":"https:\/\/test-technique-ski.fr\/sv\/?s={search_term_string}"},"query-input":{"@type":"PropertyValueSpecification","valueRequired":true,"valueName":"search_term_string"}}],"inLanguage":"sv-SE"}]}},"_links":{"self":[{"href":"https:\/\/test-technique-ski.fr\/sv\/wp-json\/wp\/v2\/pages\/1896","targetHints":{"allow":["GET"]}}],"collection":[{"href":"https:\/\/test-technique-ski.fr\/sv\/wp-json\/wp\/v2\/pages"}],"about":[{"href":"https:\/\/test-technique-ski.fr\/sv\/wp-json\/wp\/v2\/types\/page"}],"author":[{"embeddable":true,"href":"https:\/\/test-technique-ski.fr\/sv\/wp-json\/wp\/v2\/users\/1"}],"replies":[{"embeddable":true,"href":"https:\/\/test-technique-ski.fr\/sv\/wp-json\/wp\/v2\/comments?post=1896"}],"version-history":[{"count":11,"href":"https:\/\/test-technique-ski.fr\/sv\/wp-json\/wp\/v2\/pages\/1896\/revisions"}],"predecessor-version":[{"id":3756,"href":"https:\/\/test-technique-ski.fr\/sv\/wp-json\/wp\/v2\/pages\/1896\/revisions\/3756"}],"wp:attachment":[{"href":"https:\/\/test-technique-ski.fr\/sv\/wp-json\/wp\/v2\/media?parent=1896"}],"curies":[{"name":"wp","href":"https:\/\/api.w.org\/{rel}","templated":true}]}}