{"id":2415,"date":"2025-03-31T12:53:37","date_gmt":"2025-03-31T11:53:37","guid":{"rendered":"https:\/\/test-technique-ski.fr\/stage-ski-ete\/"},"modified":"2026-02-28T10:02:03","modified_gmt":"2026-02-28T10:02:03","slug":"stage-ski-slalom-ete","status":"publish","type":"page","link":"https:\/\/test-technique-ski.fr\/sv\/stage-ski-slalom-ete\/","title":{"rendered":"Kurs i skidt\u00e4vlingar sommartid"},"content":{"rendered":"\n<h1 class=\"wp-block-heading\">Slalomkurs i sommar i Tignes<\/h1>\n\n<h2 class=\"wp-block-heading\">Uppt\u00e4ck den unika upplevelsen av en sommarkurs p\u00e5 Tignes-glaci\u00e4ren<\/h2>\n\n<p>Delta i v\u00e5ra specialiserade slalomkurser som anordnas varje sommar p\u00e5 Tignes-glaci\u00e4ren i Frankrike. Dessa kurser riktar sig till t\u00e4vlingsinriktade skid\u00e5kare som vill finslipa sin teknik under optimala f\u00f6rh\u00e5llanden under l\u00e5gs\u00e4songen.  Bland deltagarna finns unga t\u00e4vlande mellan 12 och 18 \u00e5r och vuxna som f\u00f6rbereder sig f\u00f6r tekniska prov f\u00f6r att bli skidl\u00e4rare.<\/p>\n\n<p><strong>Kontaktperson f\u00f6r kursen Tignes sommaren 2026<\/strong>: Nicolas p\u00e5 <a href=\"tel:0033625690113\">06 25 69 01 13<\/a><\/p>\n\n<div style=\"height:30px\" aria-hidden=\"true\" class=\"wp-block-spacer\"><\/div>\n\n<h2 class=\"wp-block-heading\">Varf\u00f6r v\u00e4lja en slalomkurs i Tignes p\u00e5 sommaren?<\/h2>\n\n<p>Tignes glaci\u00e4r, som ligger p\u00e5 \u00f6ver 3000 meters h\u00f6jd, erbjuder exceptionella f\u00f6rh\u00e5llanden under hela sommaren, vilket garanterar kvalitetssn\u00f6 och en makal\u00f6s upplevelse. V\u00e5ra professionella tr\u00e4nare arbetar med varje deltagare f\u00f6r att utveckla deras tekniska och fysiska f\u00e4rdigheter som \u00e4r specifika f\u00f6r slalom. <\/p>\n\n<h2 class=\"wp-block-heading\">Datum f\u00f6r slalomkurserna i Tignes under sommaren 2026<\/h2>\n\n<ul class=\"wp-block-list\">\n<li>Kurs fr\u00e5n <strong>29 juni (kl. 16.30) till 4 juli 2026 i Tignes<\/strong>: 5 dagar \/ 870 \u20ac allt inklusive<\/li>\n\n\n\n<li>Kurs fr\u00e5n <strong>4 till 9 juli 2026 i Tignes<\/strong>: 5 dagar \/ 870 \u20ac all inclusive<\/li>\n<\/ul>\n\n<div style=\"height:20px\" aria-hidden=\"true\" class=\"wp-block-spacer\"><\/div>\n\n<p>Vi erbjuder ocks\u00e5 <a href=\"https:\/\/test-technique-ski.fr\/sv\/stage-ski-slalom-automne\/\">kurser i slalomskid\u00e5kning p\u00e5 h\u00f6sten<\/a> i Amn\u00e9ville innan de alpina skidorterna \u00f6ppnar.<\/p>\n\n<h2 class=\"wp-block-heading\">Intensivt, personligt anpassat program<\/h2>\n\n<p>V\u00e5ra sommarkurser erbjuder intensiv utbildning med fokus p\u00e5 :<\/p>\n\n<ul class=\"wp-block-list\">\n<li><strong>Slalomteknik<\/strong>: f\u00f6rb\u00e4ttra banan, hantera portar, accelerera i kurvor.<\/li>\n\n\n\n<li><strong>Videoanalys<\/strong>: personliga dagliga genomg\u00e5ngar f\u00f6r att identifiera omr\u00e5den d\u00e4r f\u00f6rb\u00e4ttringar kan g\u00f6ras.<\/li>\n\n\n\n<li><strong>Fysisk f\u00f6rberedelse<\/strong>: specifika \u00f6vningar f\u00f6r att st\u00e4rka dina muskler och f\u00f6rb\u00e4ttra din allm\u00e4nna kondition.<\/li>\n\n\n\n<li><strong>Mental coaching<\/strong>: utveckla koncentrationen, hantera stress i t\u00e4vlingssituationer och f\u00f6rb\u00e4ttra sj\u00e4lvf\u00f6rtroendet.<\/li>\n<\/ul>\n\n<div style=\"height:20px\" aria-hidden=\"true\" class=\"wp-block-spacer\"><\/div>\n\n<figure class=\"wp-block-image size-large\"><img fetchpriority=\"high\" decoding=\"async\" width=\"1024\" height=\"771\" src=\"https:\/\/test-technique-ski.fr\/wp-content\/uploads\/2025\/03\/ski-tignes-1024x771.jpeg\" alt=\"\" class=\"wp-image-2437\" srcset=\"https:\/\/test-technique-ski.fr\/wp-content\/uploads\/2025\/03\/ski-tignes-1024x771.jpeg 1024w, https:\/\/test-technique-ski.fr\/wp-content\/uploads\/2025\/03\/ski-tignes-300x226.jpeg 300w, https:\/\/test-technique-ski.fr\/wp-content\/uploads\/2025\/03\/ski-tignes-768x578.jpeg 768w, https:\/\/test-technique-ski.fr\/wp-content\/uploads\/2025\/03\/ski-tignes.jpeg 1108w\" sizes=\"(max-width: 1024px) 100vw, 1024px\" \/><figcaption class=\"wp-element-caption\">Utf\u00f6rs\u00e5kning p\u00e5 sommaren p\u00e5 Tignes-glaci\u00e4ren<\/figcaption><\/figure>\n\n<h2 class=\"wp-block-heading\">Utbildningsprogram i en exceptionell milj\u00f6 i Tignes<\/h2>\n\n<p>Tignes \u00e4r ett internationellt riktm\u00e4rke f\u00f6r sommarskid\u00e5kning, med hisnande panoramautsikt och toppmoderna anl\u00e4ggningar.  <\/p>\n\n<ul class=\"wp-block-list\">\n<li><strong>Skid\u00e5kning p\u00e5 Tignes-glaci\u00e4ren<\/strong> p\u00e5 morgonen: Grande Motte-glaci\u00e4ren g\u00f6r det m\u00f6jligt f\u00f6r idrottare att \u00e5ka skidor tidigt p\u00e5 morgonen under optimala sn\u00f6f\u00f6rh\u00e5llanden.<\/li>\n\n\n\n<li><strong>Fysiska f\u00f6rberedelser p\u00e5 eftermiddagen<\/strong>: specifika pass med muskelst\u00e4rkande \u00f6vningar, balans- och koordinations\u00f6vningar, plyometriska \u00f6vningar f\u00f6r explosivitet och konditionstr\u00e4ning f\u00f6r att f\u00f6rb\u00e4ttra den uth\u00e5llighet som kr\u00e4vs f\u00f6r slalomt\u00e4vlingar.<\/li>\n<\/ul>\n\n<div style=\"height:20px\" aria-hidden=\"true\" class=\"wp-block-spacer\"><\/div>\n\n<h2 class=\"wp-block-heading\">Ett team av erfarna tr\u00e4nare<\/h2>\n\n<p>V\u00e5ra tr\u00e4nare \u00e4r alla erfarna t\u00e4vlingstr\u00e4nare vid <a href=\"https:\/\/www.esf-lesmenuires.fr\/les-menuires\/\">ESF des Menuires<\/a> under vinters\u00e4songen. De \u00e4r passionerade och professionella och tar med sig sin expertis och erk\u00e4nda pedagogiska f\u00e4rdigheter f\u00f6r att v\u00e4gleda varje idrottare mot framg\u00e5ng och personlig prestation. <\/p>\n\n<h2 class=\"wp-block-heading\">Vem v\u00e4nder sig v\u00e5ra kurser till?<\/h2>\n\n<p>V\u00e5ra kurser riktar sig till juniorer och vuxna t\u00e4vlings\u00e5kare som vill optimera sin l\u00e5gs\u00e4song s\u00e5 att de kan prestera bra i vinterns t\u00e4vlingar. Vi v\u00e4lkomnar ocks\u00e5 skid\u00e5kare med dokumenterad slalomerfarenhet som vill ta sina t\u00e4vlingsf\u00e4rdigheter till n\u00e4sta niv\u00e5. <\/p>\n\n<ul class=\"wp-block-list\">\n<li>Ungdomar i \u00e5ldern 10 till 20 \u00e5r p\u00e5 t\u00e4vlingsbanor eller i en vintersportklubb.<\/li>\n\n\n\n<li>Vuxna \u00f6ver 18 \u00e5r som f\u00f6rbereder sig f\u00f6r det <a href=\"https:\/\/test-technique-ski.fr\/sv\/\">tekniska provet i alpin skid\u00e5kning<\/a> eller <a href=\"https:\/\/test-technique-ski.fr\/sv\/ctt-common-training-test-eurotest\/\">Eurotest<\/a>.<\/li>\n<\/ul>\n\n<div style=\"height:20px\" aria-hidden=\"true\" class=\"wp-block-spacer\"><\/div>\n\n<h2 class=\"wp-block-heading\">Boka din kurs nu!<\/h2>\n\n<p>Platserna p\u00e5 v\u00e5ra sommarslalomkurser p\u00e5 Tignes-glaci\u00e4ren \u00e4r begr\u00e4nsade f\u00f6r att s\u00e4kerst\u00e4lla optimal \u00f6vervakning.  <\/p>\n\n<p><strong>Kontakta Nicolas<\/strong> p\u00e5 <a href=\"tel:0033625690113\">06 25 69 01 13<\/a> idag f\u00f6r att boka din kurs och dra nytta av denna unika m\u00f6jlighet att f\u00f6rb\u00e4ttra din prestanda i backarna.<\/p>\n","protected":false},"excerpt":{"rendered":"<p>Slalomkurs i sommar i Tignes Uppt\u00e4ck den unika upplevelsen av en sommarkurs p\u00e5 Tignes-glaci\u00e4ren Delta i v\u00e5ra specialiserade slalomkurser som anordnas varje sommar p\u00e5 Tignes-glaci\u00e4ren i Frankrike. Dessa kurser riktar sig till t\u00e4vlingsinriktade skid\u00e5kare som vill finslipa sin teknik under optimala f\u00f6rh\u00e5llanden under l\u00e5gs\u00e4songen. Bland deltagarna finns unga t\u00e4vlande mellan 12 och 18 \u00e5r och [&hellip;]<\/p>\n","protected":false},"author":1,"featured_media":0,"parent":0,"menu_order":0,"comment_status":"closed","ping_status":"closed","template":"","meta":{"footnotes":""},"class_list":["post-2415","page","type-page","status-publish","hentry"],"yoast_head":"<!-- This site is optimized with the Yoast SEO plugin v27.3 - https:\/\/yoast.com\/product\/yoast-seo-wordpress\/ -->\n<title>Kurs i skidt\u00e4vlingar sommartid - TEST TECHNIQUE SKI<\/title>\n<meta name=\"description\" content=\"Delta i v\u00e5ra t\u00e4vlingskurser i slalomskidor under sommaren f\u00f6r att f\u00f6rbereda dig inf\u00f6r vinters\u00e4songen. Skidt\u00e4vlingskurser f\u00f6r ungdomar och vuxna\" \/>\n<meta name=\"robots\" content=\"index, follow, max-snippet:-1, max-image-preview:large, max-video-preview:-1\" \/>\n<link rel=\"canonical\" href=\"https:\/\/test-technique-ski.fr\/sv\/stage-ski-slalom-ete\/\" \/>\n<meta property=\"og:locale\" content=\"sv_SE\" \/>\n<meta property=\"og:type\" content=\"article\" \/>\n<meta property=\"og:title\" content=\"Kurs i skidt\u00e4vlingar sommartid - TEST TECHNIQUE SKI\" \/>\n<meta property=\"og:description\" content=\"Delta i v\u00e5ra t\u00e4vlingskurser i slalomskidor under sommaren f\u00f6r att f\u00f6rbereda dig inf\u00f6r vinters\u00e4songen. Skidt\u00e4vlingskurser f\u00f6r ungdomar och vuxna\" \/>\n<meta property=\"og:url\" content=\"https:\/\/test-technique-ski.fr\/sv\/stage-ski-slalom-ete\/\" \/>\n<meta property=\"og:site_name\" content=\"TEST TECHNIQUE SKI\" \/>\n<meta property=\"article:modified_time\" content=\"2026-02-28T10:02:03+00:00\" \/>\n<meta property=\"og:image\" content=\"https:\/\/test-technique-ski.fr\/wp-content\/uploads\/2025\/03\/ski-tignes.jpeg\" \/>\n\t<meta property=\"og:image:width\" content=\"1108\" \/>\n\t<meta property=\"og:image:height\" content=\"834\" \/>\n\t<meta property=\"og:image:type\" content=\"image\/jpeg\" \/>\n<meta name=\"twitter:card\" content=\"summary_large_image\" \/>\n<meta name=\"twitter:label1\" content=\"Ber\u00e4knad l\u00e4stid\" \/>\n\t<meta name=\"twitter:data1\" content=\"3 minuter\" \/>\n<script type=\"application\/ld+json\" class=\"yoast-schema-graph\">{\"@context\":\"https:\\\/\\\/schema.org\",\"@graph\":[{\"@type\":\"WebPage\",\"@id\":\"https:\\\/\\\/test-technique-ski.fr\\\/sv\\\/stage-ski-slalom-ete\\\/\",\"url\":\"https:\\\/\\\/test-technique-ski.fr\\\/sv\\\/stage-ski-slalom-ete\\\/\",\"name\":\"Kurs i skidt\u00e4vlingar sommartid - TEST TECHNIQUE SKI\",\"isPartOf\":{\"@id\":\"https:\\\/\\\/test-technique-ski.fr\\\/sv\\\/#website\"},\"primaryImageOfPage\":{\"@id\":\"https:\\\/\\\/test-technique-ski.fr\\\/sv\\\/stage-ski-slalom-ete\\\/#primaryimage\"},\"image\":{\"@id\":\"https:\\\/\\\/test-technique-ski.fr\\\/sv\\\/stage-ski-slalom-ete\\\/#primaryimage\"},\"thumbnailUrl\":\"https:\\\/\\\/test-technique-ski.fr\\\/wp-content\\\/uploads\\\/2025\\\/03\\\/ski-tignes-1024x771.jpeg\",\"datePublished\":\"2025-03-31T11:53:37+00:00\",\"dateModified\":\"2026-02-28T10:02:03+00:00\",\"description\":\"Delta i v\u00e5ra t\u00e4vlingskurser i slalomskidor under sommaren f\u00f6r att f\u00f6rbereda dig inf\u00f6r vinters\u00e4songen. Skidt\u00e4vlingskurser f\u00f6r ungdomar och vuxna\",\"inLanguage\":\"sv-SE\",\"potentialAction\":[{\"@type\":\"ReadAction\",\"target\":[\"https:\\\/\\\/test-technique-ski.fr\\\/sv\\\/stage-ski-slalom-ete\\\/\"]}]},{\"@type\":\"ImageObject\",\"inLanguage\":\"sv-SE\",\"@id\":\"https:\\\/\\\/test-technique-ski.fr\\\/sv\\\/stage-ski-slalom-ete\\\/#primaryimage\",\"url\":\"https:\\\/\\\/test-technique-ski.fr\\\/wp-content\\\/uploads\\\/2025\\\/03\\\/ski-tignes-1024x771.jpeg\",\"contentUrl\":\"https:\\\/\\\/test-technique-ski.fr\\\/wp-content\\\/uploads\\\/2025\\\/03\\\/ski-tignes-1024x771.jpeg\"},{\"@type\":\"WebSite\",\"@id\":\"https:\\\/\\\/test-technique-ski.fr\\\/sv\\\/#website\",\"url\":\"https:\\\/\\\/test-technique-ski.fr\\\/sv\\\/\",\"name\":\"TEST TECHNIQUE SKI\",\"description\":\"\",\"potentialAction\":[{\"@type\":\"SearchAction\",\"target\":{\"@type\":\"EntryPoint\",\"urlTemplate\":\"https:\\\/\\\/test-technique-ski.fr\\\/sv\\\/?s={search_term_string}\"},\"query-input\":{\"@type\":\"PropertyValueSpecification\",\"valueRequired\":true,\"valueName\":\"search_term_string\"}}],\"inLanguage\":\"sv-SE\"}]}<\/script>\n<!-- \/ Yoast SEO plugin. -->","yoast_head_json":{"title":"Kurs i skidt\u00e4vlingar sommartid - TEST TECHNIQUE SKI","description":"Delta i v\u00e5ra t\u00e4vlingskurser i slalomskidor under sommaren f\u00f6r att f\u00f6rbereda dig inf\u00f6r vinters\u00e4songen. Skidt\u00e4vlingskurser f\u00f6r ungdomar och vuxna","robots":{"index":"index","follow":"follow","max-snippet":"max-snippet:-1","max-image-preview":"max-image-preview:large","max-video-preview":"max-video-preview:-1"},"canonical":"https:\/\/test-technique-ski.fr\/sv\/stage-ski-slalom-ete\/","og_locale":"sv_SE","og_type":"article","og_title":"Kurs i skidt\u00e4vlingar sommartid - TEST TECHNIQUE SKI","og_description":"Delta i v\u00e5ra t\u00e4vlingskurser i slalomskidor under sommaren f\u00f6r att f\u00f6rbereda dig inf\u00f6r vinters\u00e4songen. Skidt\u00e4vlingskurser f\u00f6r ungdomar och vuxna","og_url":"https:\/\/test-technique-ski.fr\/sv\/stage-ski-slalom-ete\/","og_site_name":"TEST TECHNIQUE SKI","article_modified_time":"2026-02-28T10:02:03+00:00","og_image":[{"width":1108,"height":834,"url":"https:\/\/test-technique-ski.fr\/wp-content\/uploads\/2025\/03\/ski-tignes.jpeg","type":"image\/jpeg"}],"twitter_card":"summary_large_image","twitter_misc":{"Ber\u00e4knad l\u00e4stid":"3 minuter"},"schema":{"@context":"https:\/\/schema.org","@graph":[{"@type":"WebPage","@id":"https:\/\/test-technique-ski.fr\/sv\/stage-ski-slalom-ete\/","url":"https:\/\/test-technique-ski.fr\/sv\/stage-ski-slalom-ete\/","name":"Kurs i skidt\u00e4vlingar sommartid - TEST TECHNIQUE SKI","isPartOf":{"@id":"https:\/\/test-technique-ski.fr\/sv\/#website"},"primaryImageOfPage":{"@id":"https:\/\/test-technique-ski.fr\/sv\/stage-ski-slalom-ete\/#primaryimage"},"image":{"@id":"https:\/\/test-technique-ski.fr\/sv\/stage-ski-slalom-ete\/#primaryimage"},"thumbnailUrl":"https:\/\/test-technique-ski.fr\/wp-content\/uploads\/2025\/03\/ski-tignes-1024x771.jpeg","datePublished":"2025-03-31T11:53:37+00:00","dateModified":"2026-02-28T10:02:03+00:00","description":"Delta i v\u00e5ra t\u00e4vlingskurser i slalomskidor under sommaren f\u00f6r att f\u00f6rbereda dig inf\u00f6r vinters\u00e4songen. Skidt\u00e4vlingskurser f\u00f6r ungdomar och vuxna","inLanguage":"sv-SE","potentialAction":[{"@type":"ReadAction","target":["https:\/\/test-technique-ski.fr\/sv\/stage-ski-slalom-ete\/"]}]},{"@type":"ImageObject","inLanguage":"sv-SE","@id":"https:\/\/test-technique-ski.fr\/sv\/stage-ski-slalom-ete\/#primaryimage","url":"https:\/\/test-technique-ski.fr\/wp-content\/uploads\/2025\/03\/ski-tignes-1024x771.jpeg","contentUrl":"https:\/\/test-technique-ski.fr\/wp-content\/uploads\/2025\/03\/ski-tignes-1024x771.jpeg"},{"@type":"WebSite","@id":"https:\/\/test-technique-ski.fr\/sv\/#website","url":"https:\/\/test-technique-ski.fr\/sv\/","name":"TEST TECHNIQUE SKI","description":"","potentialAction":[{"@type":"SearchAction","target":{"@type":"EntryPoint","urlTemplate":"https:\/\/test-technique-ski.fr\/sv\/?s={search_term_string}"},"query-input":{"@type":"PropertyValueSpecification","valueRequired":true,"valueName":"search_term_string"}}],"inLanguage":"sv-SE"}]}},"_links":{"self":[{"href":"https:\/\/test-technique-ski.fr\/sv\/wp-json\/wp\/v2\/pages\/2415","targetHints":{"allow":["GET"]}}],"collection":[{"href":"https:\/\/test-technique-ski.fr\/sv\/wp-json\/wp\/v2\/pages"}],"about":[{"href":"https:\/\/test-technique-ski.fr\/sv\/wp-json\/wp\/v2\/types\/page"}],"author":[{"embeddable":true,"href":"https:\/\/test-technique-ski.fr\/sv\/wp-json\/wp\/v2\/users\/1"}],"replies":[{"embeddable":true,"href":"https:\/\/test-technique-ski.fr\/sv\/wp-json\/wp\/v2\/comments?post=2415"}],"version-history":[{"count":3,"href":"https:\/\/test-technique-ski.fr\/sv\/wp-json\/wp\/v2\/pages\/2415\/revisions"}],"predecessor-version":[{"id":3811,"href":"https:\/\/test-technique-ski.fr\/sv\/wp-json\/wp\/v2\/pages\/2415\/revisions\/3811"}],"wp:attachment":[{"href":"https:\/\/test-technique-ski.fr\/sv\/wp-json\/wp\/v2\/media?parent=2415"}],"curies":[{"name":"wp","href":"https:\/\/api.w.org\/{rel}","templated":true}]}}