{"id":2816,"date":"2025-08-29T12:49:59","date_gmt":"2025-08-29T11:49:59","guid":{"rendered":"https:\/\/test-technique-ski.fr\/formation-moniteur-de-ski-alpin\/"},"modified":"2025-08-29T13:10:50","modified_gmt":"2025-08-29T12:10:50","slug":"formation-moniteur-de-ski-alpin","status":"publish","type":"page","link":"https:\/\/test-technique-ski.fr\/sv\/formation-moniteur-de-ski-alpin\/","title":{"rendered":"Varvad utbildning f\u00f6r Dipl\u00f4me d&#8217;\u00c9tat Moniteur National de Ski Alpin (Nationellt diplom f\u00f6r skidinstrukt\u00f6rer)"},"content":{"rendered":"\n<h1 class=\"wp-block-heading\">Utbildning f\u00f6r att erh\u00e5lla Dipl\u00f4me d&#8217;Etat de moniteur de ski alpin i Frankrike<\/h1>\n\n<p>Varvad utbildning f\u00f6r att erh\u00e5lla <strong>Dipl\u00f4me d&#8217;Etat de Moniteur National de Ski Alpin (DE Ski Alpin)<\/strong> g\u00f6r det m\u00f6jligt f\u00f6r dig att f\u00f6rv\u00e4rva tekniska, pedagogiska och yrkesm\u00e4ssiga f\u00e4rdigheter samtidigt som du arbetar p\u00e5 f\u00e4ltet. F\u00f6r att lyckas med denna kr\u00e4vande kurs \u00e4r det viktigt att veta vilka <strong>organisationer och skidskolor man ska kontakta<\/strong> f\u00f6r att f\u00f6rbereda sig ordentligt inf\u00f6r proven, modulerna och arbetsperioderna. <\/p>\n\n<h2 class=\"wp-block-heading\">Varf\u00f6r v\u00e4lja en sandwichkurs f\u00f6r DE Ski Alpin?<\/h2>\n\n<ul class=\"wp-block-list\">\n<li>Omedelbar arbetslivserfarenhet: arbete i en skidskola parallellt med kursen.<\/li>\n\n\n\n<li>Finansiering och ers\u00e4ttning: En del av kostnaderna kan t\u00e4ckas, och utbildning i kombination med arbete ger en inkomst.<\/li>\n\n\n\n<li>Handledning av erfarna yrkesm\u00e4n: f\u00f6rdjupning i den dagliga driften av ett ESF, en klubb eller en godk\u00e4nd organisation.<\/li>\n\n\n\n<li>Direkt integration i n\u00e4tverket av franska och internationella skidl\u00e4rare.<\/li>\n<\/ul>\n\n<div style=\"height:10px\" aria-hidden=\"true\" class=\"wp-block-spacer\"><\/div>\n\n<h2 class=\"wp-block-heading\">F\u00f6retr\u00e4dd partner: ESF Les Menuires<\/h2>\n\n<p>Den franska skidskolan Les Menuires \u00e4r en viktig akt\u00f6r n\u00e4r det g\u00e4ller att st\u00f6dja framtida instrukt\u00f6rer som \u00e4r knutna till arbetslivet. Den erbjuder en idealisk milj\u00f6 f\u00f6r att kombinera praktik, undervisning och f\u00f6rberedelser inf\u00f6r DE:s utbildningsenheter f\u00f6r alpin skid\u00e5kning. <\/p>\n\n<p><strong>Huvudkontakt:<\/strong><br\/>\ud83d\udc64 Nicolas Flage<br\/>\ud83d\udcf1 Mobil: 06 25 69 01 13<br\/>\ud83d\udccd Les Menuires &#8211; Domaine skiable des 3 Vall\u00e9es<\/p>\n\n<p><a href=\"https:\/\/www.esf-lesmenuires.fr\/produits-saison\/devenir-moniteur\/\">ESF Les Menuires<\/a> v\u00e4lkomnar dig som en sandwichkurs och guidar dig genom de olika stadierna f\u00f6r att <a href=\"https:\/\/test-technique-ski.fr\/sv\/bli-alpinskidinstruktor\/\">bli en alpin skidinstrukt\u00f6r<\/a>.<\/p>\n\n<h2 class=\"wp-block-heading\">Hur fungerar en sandwichkurs?<\/h2>\n\n<p>Under utbildningen till Dipl\u00f4me d&#8217;Etat Moniteur National de Ski Alpin varvas perioder av teoretiska och praktiska lektioner vid <a href=\"http:\/\/ensm.sports.gouv.fr\">ENSA Chamonix<\/a> med perioder av undervisning i en skidskola, t.ex. ESF Les Menuires. Studenterna arbetar som anst\u00e4llda eller praktikanter i en partnerorganisation, vilket ger dem m\u00f6jlighet att omedelbart oms\u00e4tta de f\u00e4rdigheter de har f\u00f6rv\u00e4rvat under sina utbildningsenheter (UF) i praktiken. Sandwichkursen \u00e4r progressiv: fr\u00e5n b\u00f6rjan fokuserad p\u00e5 att f\u00f6rb\u00e4ttra teknik och grundl\u00e4ggande undervisningsf\u00e4rdigheter, utvecklas den mot total sj\u00e4lvst\u00e4ndighet i att handleda grupper p\u00e5 alla niv\u00e5er.  <\/p>\n\n<h2 class=\"wp-block-heading\">Hur l\u00e5ng tid tar kursen?<\/h2>\n\n<p>Tids\u00e5tg\u00e5ngen varierar beroende p\u00e5 kandidatens bakgrund och startniv\u00e5. I genomsnitt tar det mellan 4 och 7 \u00e5r att f\u00e5 ett fullst\u00e4ndigt examensbevis, med en lagstadgad maxtid p\u00e5 10 \u00e5r. Vissa idrottsm\u00e4n p\u00e5 h\u00f6g niv\u00e5 eller innehavare av relaterade examensbevis (BEES, DE inom andra discipliner) kan dra nytta av kortare perioder. Varvad utbildning p\u00e5skyndar ofta professionaliseringsprocessen, eftersom den kombinerar akademisk utbildning med betald arbetslivserfarenhet.   <\/p>\n\n<h2 class=\"wp-block-heading\">N\u00e4r \u00e4ger utbildningen rum?<\/h2>\n\n<p>Utbildningen \u00e4r f\u00f6rdelad \u00f6ver flera vinters\u00e4songer, i allm\u00e4nhet fr\u00e5n december till april, under vilken tid den blivande instrukt\u00f6ren arbetar i ett partner-ESF, till exempel <a href=\"https:\/\/www.esf-lesmenuires.fr\/\">ESF Les Menuires<\/a>. De utbildningsenheter som organiseras av ENSA \u00e4ger rum under sessioner som \u00e4r schemalagda under hela \u00e5ret, ofta mellan s\u00e4songerna (v\u00e5r och h\u00f6st), f\u00f6r att g\u00f6ra det m\u00f6jligt f\u00f6r praktikanterna att arbeta p\u00e5 f\u00e4ltet under vintern. Denna rytm m\u00f6jligg\u00f6r en fullst\u00e4ndig f\u00f6rdjupning i en skidl\u00e4rares yrkesliv, samtidigt som de f\u00f6reskrivna stadierna i examensbeviset valideras.  <\/p>\n\n<h2 class=\"wp-block-heading\">De viktigaste organisationerna att kontakta<\/h2>\n\n<h3 class=\"wp-block-heading\">Nationella skid- och bergskl\u00e4ttringsskolan (ENSA \/ ENSM)<\/h3>\n\n<ul class=\"wp-block-list\">\n<li>Adress: 35 route du Bouchet, 74400 Chamonix-Mont-Blanc<\/li>\n\n\n\n<li>Tel. reception: 04 50 55 30 30<\/li>\n\n\n\n<li>E-post: ensa.accueil@ensm.sports.gouv.fr<\/li>\n\n\n\n<li>Kontakter per utbildningsmodul (UF): UF1, UF2, Eurotest, repetitionskurser, SHN, etc.<\/li>\n\n\n\n<li>Officiell webbplats: <a href=\"http:\/\/ensm.sports.gouv.fr\">ensm.sports.gouv.fr<\/a><\/li>\n<\/ul>\n\n<div style=\"height:10px\" aria-hidden=\"true\" class=\"wp-block-spacer\"><\/div>\n\n<h3 class=\"wp-block-heading\">Franska skidf\u00f6rbundet (FFS)<\/h3>\n\n<p>FFS \u00f6vervakar t\u00e4vlingstr\u00e4ningsmoduler, s\u00e4rskilt f\u00f6r idrottare p\u00e5 toppniv\u00e5. Webbplats: <a href=\"https:\/\/ffs.fr\/\">ffs.fr<\/a> <\/p>\n\n<h3 class=\"wp-block-heading\">Nationella f\u00f6rbundet f\u00f6r franska skidl\u00e4rare (SNMSF)<\/h3>\n\n<p>Detta \u00e4r den fackliga strukturen f\u00f6r ESF-instrukt\u00f6rer och samordnar det nationella n\u00e4tverket. Dess webbplats \u00e4r <a href=\"https:\/\/www.esf.net\/\">esf<\/a>.net. <\/p>\n\n<h2 class=\"wp-block-heading\">B\u00f6rja din utbildning nu<\/h2>\n\n<p>Sandwichkursen \u00e4r det b\u00e4sta s\u00e4ttet att framg\u00e5ngsrikt slutf\u00f6ra <strong>National Alpine Ski Instructor Diploma<\/strong>: direkt f\u00f6rdjupning, \u00f6vervakad erfarenhet och fullst\u00e4ndig f\u00f6rberedelse.<\/p>\n\n<p>F\u00f6r praktiskt och personligt st\u00f6d, <strong>kontakta Les Menuires ESF och Nicolas Flage (06 25 69 01 13) direkt<\/strong> f\u00f6r att f\u00e5 b\u00e4sta m\u00f6jliga start p\u00e5 din kurs.<\/p>\n\n<p><\/p>\n","protected":false},"excerpt":{"rendered":"<p>Utbildning f\u00f6r att erh\u00e5lla Dipl\u00f4me d&#8217;Etat de moniteur de ski alpin i Frankrike Varvad utbildning f\u00f6r att erh\u00e5lla Dipl\u00f4me d&#8217;Etat de Moniteur National de Ski Alpin (DE Ski Alpin) g\u00f6r det m\u00f6jligt f\u00f6r dig att f\u00f6rv\u00e4rva tekniska, pedagogiska och yrkesm\u00e4ssiga f\u00e4rdigheter samtidigt som du arbetar p\u00e5 f\u00e4ltet. F\u00f6r att lyckas med denna kr\u00e4vande kurs \u00e4r [&hellip;]<\/p>\n","protected":false},"author":1,"featured_media":0,"parent":0,"menu_order":0,"comment_status":"closed","ping_status":"closed","template":"","meta":{"footnotes":""},"class_list":["post-2816","page","type-page","status-publish","hentry"],"yoast_head":"<!-- This site is optimized with the Yoast SEO plugin v27.3 - https:\/\/yoast.com\/product\/yoast-seo-wordpress\/ -->\n<title>Varvad utbildning f\u00f6r Dipl\u00f4me d&#039;\u00c9tat Moniteur National de Ski Alpin (Nationellt diplom f\u00f6r skidinstrukt\u00f6rer) - TEST TECHNIQUE SKI<\/title>\n<meta name=\"description\" content=\"Anv\u00e4ndbara kontakter f\u00f6r varvad utbildning f\u00f6r DE Moniteur National Ski Alpin: ENSA, ESF Les Menuires, SNMSF, FFS.\" \/>\n<meta name=\"robots\" content=\"index, follow, max-snippet:-1, max-image-preview:large, max-video-preview:-1\" \/>\n<link rel=\"canonical\" href=\"https:\/\/test-technique-ski.fr\/sv\/formation-moniteur-de-ski-alpin\/\" \/>\n<meta property=\"og:locale\" content=\"sv_SE\" \/>\n<meta property=\"og:type\" content=\"article\" \/>\n<meta property=\"og:title\" content=\"Varvad utbildning f\u00f6r Dipl\u00f4me d&#039;\u00c9tat Moniteur National de Ski Alpin (Nationellt diplom f\u00f6r skidinstrukt\u00f6rer) - TEST TECHNIQUE SKI\" \/>\n<meta property=\"og:description\" content=\"Anv\u00e4ndbara kontakter f\u00f6r varvad utbildning f\u00f6r DE Moniteur National Ski Alpin: ENSA, ESF Les Menuires, SNMSF, FFS.\" \/>\n<meta property=\"og:url\" content=\"https:\/\/test-technique-ski.fr\/sv\/formation-moniteur-de-ski-alpin\/\" \/>\n<meta property=\"og:site_name\" content=\"TEST TECHNIQUE SKI\" \/>\n<meta property=\"article:modified_time\" content=\"2025-08-29T12:10:50+00:00\" \/>\n<meta name=\"twitter:card\" content=\"summary_large_image\" \/>\n<meta name=\"twitter:label1\" content=\"Ber\u00e4knad l\u00e4stid\" \/>\n\t<meta name=\"twitter:data1\" content=\"3 minuter\" \/>\n<script type=\"application\/ld+json\" class=\"yoast-schema-graph\">{\"@context\":\"https:\\\/\\\/schema.org\",\"@graph\":[{\"@type\":\"WebPage\",\"@id\":\"https:\\\/\\\/test-technique-ski.fr\\\/sv\\\/formation-moniteur-de-ski-alpin\\\/\",\"url\":\"https:\\\/\\\/test-technique-ski.fr\\\/sv\\\/formation-moniteur-de-ski-alpin\\\/\",\"name\":\"Varvad utbildning f\u00f6r Dipl\u00f4me d'\u00c9tat Moniteur National de Ski Alpin (Nationellt diplom f\u00f6r skidinstrukt\u00f6rer) - TEST TECHNIQUE SKI\",\"isPartOf\":{\"@id\":\"https:\\\/\\\/test-technique-ski.fr\\\/sv\\\/#website\"},\"datePublished\":\"2025-08-29T11:49:59+00:00\",\"dateModified\":\"2025-08-29T12:10:50+00:00\",\"description\":\"Anv\u00e4ndbara kontakter f\u00f6r varvad utbildning f\u00f6r DE Moniteur National Ski Alpin: ENSA, ESF Les Menuires, SNMSF, FFS.\",\"inLanguage\":\"sv-SE\",\"potentialAction\":[{\"@type\":\"ReadAction\",\"target\":[\"https:\\\/\\\/test-technique-ski.fr\\\/sv\\\/formation-moniteur-de-ski-alpin\\\/\"]}]},{\"@type\":\"WebSite\",\"@id\":\"https:\\\/\\\/test-technique-ski.fr\\\/sv\\\/#website\",\"url\":\"https:\\\/\\\/test-technique-ski.fr\\\/sv\\\/\",\"name\":\"TEST TECHNIQUE SKI\",\"description\":\"\",\"potentialAction\":[{\"@type\":\"SearchAction\",\"target\":{\"@type\":\"EntryPoint\",\"urlTemplate\":\"https:\\\/\\\/test-technique-ski.fr\\\/sv\\\/?s={search_term_string}\"},\"query-input\":{\"@type\":\"PropertyValueSpecification\",\"valueRequired\":true,\"valueName\":\"search_term_string\"}}],\"inLanguage\":\"sv-SE\"}]}<\/script>\n<!-- \/ Yoast SEO plugin. -->","yoast_head_json":{"title":"Varvad utbildning f\u00f6r Dipl\u00f4me d'\u00c9tat Moniteur National de Ski Alpin (Nationellt diplom f\u00f6r skidinstrukt\u00f6rer) - TEST TECHNIQUE SKI","description":"Anv\u00e4ndbara kontakter f\u00f6r varvad utbildning f\u00f6r DE Moniteur National Ski Alpin: ENSA, ESF Les Menuires, SNMSF, FFS.","robots":{"index":"index","follow":"follow","max-snippet":"max-snippet:-1","max-image-preview":"max-image-preview:large","max-video-preview":"max-video-preview:-1"},"canonical":"https:\/\/test-technique-ski.fr\/sv\/formation-moniteur-de-ski-alpin\/","og_locale":"sv_SE","og_type":"article","og_title":"Varvad utbildning f\u00f6r Dipl\u00f4me d'\u00c9tat Moniteur National de Ski Alpin (Nationellt diplom f\u00f6r skidinstrukt\u00f6rer) - TEST TECHNIQUE SKI","og_description":"Anv\u00e4ndbara kontakter f\u00f6r varvad utbildning f\u00f6r DE Moniteur National Ski Alpin: ENSA, ESF Les Menuires, SNMSF, FFS.","og_url":"https:\/\/test-technique-ski.fr\/sv\/formation-moniteur-de-ski-alpin\/","og_site_name":"TEST TECHNIQUE SKI","article_modified_time":"2025-08-29T12:10:50+00:00","twitter_card":"summary_large_image","twitter_misc":{"Ber\u00e4knad l\u00e4stid":"3 minuter"},"schema":{"@context":"https:\/\/schema.org","@graph":[{"@type":"WebPage","@id":"https:\/\/test-technique-ski.fr\/sv\/formation-moniteur-de-ski-alpin\/","url":"https:\/\/test-technique-ski.fr\/sv\/formation-moniteur-de-ski-alpin\/","name":"Varvad utbildning f\u00f6r Dipl\u00f4me d'\u00c9tat Moniteur National de Ski Alpin (Nationellt diplom f\u00f6r skidinstrukt\u00f6rer) - TEST TECHNIQUE SKI","isPartOf":{"@id":"https:\/\/test-technique-ski.fr\/sv\/#website"},"datePublished":"2025-08-29T11:49:59+00:00","dateModified":"2025-08-29T12:10:50+00:00","description":"Anv\u00e4ndbara kontakter f\u00f6r varvad utbildning f\u00f6r DE Moniteur National Ski Alpin: ENSA, ESF Les Menuires, SNMSF, FFS.","inLanguage":"sv-SE","potentialAction":[{"@type":"ReadAction","target":["https:\/\/test-technique-ski.fr\/sv\/formation-moniteur-de-ski-alpin\/"]}]},{"@type":"WebSite","@id":"https:\/\/test-technique-ski.fr\/sv\/#website","url":"https:\/\/test-technique-ski.fr\/sv\/","name":"TEST TECHNIQUE SKI","description":"","potentialAction":[{"@type":"SearchAction","target":{"@type":"EntryPoint","urlTemplate":"https:\/\/test-technique-ski.fr\/sv\/?s={search_term_string}"},"query-input":{"@type":"PropertyValueSpecification","valueRequired":true,"valueName":"search_term_string"}}],"inLanguage":"sv-SE"}]}},"_links":{"self":[{"href":"https:\/\/test-technique-ski.fr\/sv\/wp-json\/wp\/v2\/pages\/2816","targetHints":{"allow":["GET"]}}],"collection":[{"href":"https:\/\/test-technique-ski.fr\/sv\/wp-json\/wp\/v2\/pages"}],"about":[{"href":"https:\/\/test-technique-ski.fr\/sv\/wp-json\/wp\/v2\/types\/page"}],"author":[{"embeddable":true,"href":"https:\/\/test-technique-ski.fr\/sv\/wp-json\/wp\/v2\/users\/1"}],"replies":[{"embeddable":true,"href":"https:\/\/test-technique-ski.fr\/sv\/wp-json\/wp\/v2\/comments?post=2816"}],"version-history":[{"count":0,"href":"https:\/\/test-technique-ski.fr\/sv\/wp-json\/wp\/v2\/pages\/2816\/revisions"}],"wp:attachment":[{"href":"https:\/\/test-technique-ski.fr\/sv\/wp-json\/wp\/v2\/media?parent=2816"}],"curies":[{"name":"wp","href":"https:\/\/api.w.org\/{rel}","templated":true}]}}