{"id":3828,"date":"2026-02-28T10:07:27","date_gmt":"2026-02-28T10:07:27","guid":{"rendered":"https:\/\/test-technique-ski.fr\/val-thorens\/"},"modified":"2026-03-04T09:21:31","modified_gmt":"2026-03-04T09:21:31","slug":"val-thorens","status":"publish","type":"page","link":"https:\/\/test-technique-ski.fr\/sv\/val-thorens\/","title":{"rendered":"Tekniskt test utf\u00f6rs\u00e5kning Val Thorens"},"content":{"rendered":"\n<h1 class=\"wp-block-heading\">Delta i det tekniska testet f\u00f6r utf\u00f6rs\u00e5kning i Val Thorens<\/h1>\n\n<p>Varje \u00e5r anordnar skidorten Val Thorens ett eller flera tillf\u00e4llen f\u00f6r att g\u00f6ra det tekniska provet i alpin skid\u00e5kning som en del av <a href=\"https:\/\/test-technique-ski.fr\/sv\/formation-moniteur-de-ski-alpin\/\">utbildningsprogrammet f\u00f6r alpina skidinstrukt\u00f6rer<\/a>.<\/p>\n\n<h2 class=\"wp-block-heading\">Datum f\u00f6r det tekniska provet i alpin skid\u00e5kning i Val Thorens<\/h2>\n\n<p>Den andra sessionen av det tekniska testet i Val Thorens kommer att \u00e4ga rum den 20-22 april 2026.<\/p>\n\n<h2 class=\"wp-block-heading\">Utbildning i tekniskt test i Les Menuires<\/h2>\n\n<p><strong>Fr\u00e5n 9 mars till 27 mars kan du komma och f\u00f6rbereda dig med ESF Academy f\u00f6r<\/strong> Val Thorens tekniska testslalom p\u00e5 Les Menuires slalomstadion.<\/p>\n\n<p><strong>Pris: 55 euro per dag + stadionpass  <\/strong><\/p>\n\n<p><strong>Kontakta Nicolas Flage<\/strong> p\u00e5 <a href=\"tel:+33625690113\">06 25 69 01 13.<\/a><\/p>\n\n<div style=\"height:20px\" aria-hidden=\"true\" class=\"wp-block-spacer\"><\/div>\n\n<h2 class=\"wp-block-heading\">Hur anm\u00e4ler jag mig till det tekniska provet i Val Thorens?<\/h2>\n\n<p>Hela <a href=\"https:\/\/test-technique-ski.fr\/sv\/skidteknisk-testregistrering\/\">registreringsf\u00f6rfarandet f\u00f6r det tekniska skidprovet<\/a> genomf\u00f6rs online p\u00e5 GEPAFO:s officiella webbplats.<\/p>\n\n<h2 class=\"wp-block-heading\">Sista anm\u00e4lningsdag f\u00f6r det tekniska testet i Val Thorens<\/h2>\n\n<p>H\u00e4r \u00e4r sista anm\u00e4lningsdagarna f\u00f6r det tekniska testet i Val Thorens:<\/p>\n\n<ul class=\"wp-block-list\">\n<li>Sista anm\u00e4lningsdag: 09\/02\/2026<\/li>\n\n\n\n<li>Sista anm\u00e4lningsdag: 27\/02\/2026<\/li>\n<\/ul>\n\n<p><\/p>\n","protected":false},"excerpt":{"rendered":"<p>Delta i det tekniska testet f\u00f6r utf\u00f6rs\u00e5kning i Val Thorens Varje \u00e5r anordnar skidorten Val Thorens ett eller flera tillf\u00e4llen f\u00f6r att g\u00f6ra det tekniska provet i alpin skid\u00e5kning som en del av utbildningsprogrammet f\u00f6r alpina skidinstrukt\u00f6rer. Datum f\u00f6r det tekniska provet i alpin skid\u00e5kning i Val Thorens Den andra sessionen av det tekniska testet [&hellip;]<\/p>\n","protected":false},"author":1,"featured_media":0,"parent":0,"menu_order":0,"comment_status":"closed","ping_status":"closed","template":"","meta":{"footnotes":""},"class_list":["post-3828","page","type-page","status-publish","hentry"],"yoast_head":"<!-- This site is optimized with the Yoast SEO plugin v27.3 - https:\/\/yoast.com\/product\/yoast-seo-wordpress\/ -->\n<title>Tekniskt test utf\u00f6rs\u00e5kning Val Thorens - TEST TECHNIQUE SKI<\/title>\n<meta name=\"description\" content=\"F\u00f6rbered dig f\u00f6r det tekniska testet i alpin skid\u00e5kning, som \u00e4ger rum i Val Thorens under b\u00e4sta m\u00f6jliga f\u00f6rh\u00e5llanden p\u00e5 Les Menuires slalomstadion.\" \/>\n<meta name=\"robots\" content=\"index, follow, max-snippet:-1, max-image-preview:large, max-video-preview:-1\" \/>\n<link rel=\"canonical\" href=\"https:\/\/test-technique-ski.fr\/sv\/val-thorens\/\" \/>\n<meta property=\"og:locale\" content=\"sv_SE\" \/>\n<meta property=\"og:type\" content=\"article\" \/>\n<meta property=\"og:title\" content=\"Tekniskt test utf\u00f6rs\u00e5kning Val Thorens - TEST TECHNIQUE SKI\" \/>\n<meta property=\"og:description\" content=\"F\u00f6rbered dig f\u00f6r det tekniska testet i alpin skid\u00e5kning, som \u00e4ger rum i Val Thorens under b\u00e4sta m\u00f6jliga f\u00f6rh\u00e5llanden p\u00e5 Les Menuires slalomstadion.\" \/>\n<meta property=\"og:url\" content=\"https:\/\/test-technique-ski.fr\/sv\/val-thorens\/\" \/>\n<meta property=\"og:site_name\" content=\"TEST TECHNIQUE SKI\" \/>\n<meta property=\"article:modified_time\" content=\"2026-03-04T09:21:31+00:00\" \/>\n<meta name=\"twitter:card\" content=\"summary_large_image\" \/>\n<meta name=\"twitter:label1\" content=\"Ber\u00e4knad l\u00e4stid\" \/>\n\t<meta name=\"twitter:data1\" content=\"1 minut\" \/>\n<script type=\"application\/ld+json\" class=\"yoast-schema-graph\">{\"@context\":\"https:\\\/\\\/schema.org\",\"@graph\":[{\"@type\":\"WebPage\",\"@id\":\"https:\\\/\\\/test-technique-ski.fr\\\/sv\\\/val-thorens\\\/\",\"url\":\"https:\\\/\\\/test-technique-ski.fr\\\/sv\\\/val-thorens\\\/\",\"name\":\"Tekniskt test utf\u00f6rs\u00e5kning Val Thorens - TEST TECHNIQUE SKI\",\"isPartOf\":{\"@id\":\"https:\\\/\\\/test-technique-ski.fr\\\/sv\\\/#website\"},\"datePublished\":\"2026-02-28T10:07:27+00:00\",\"dateModified\":\"2026-03-04T09:21:31+00:00\",\"description\":\"F\u00f6rbered dig f\u00f6r det tekniska testet i alpin skid\u00e5kning, som \u00e4ger rum i Val Thorens under b\u00e4sta m\u00f6jliga f\u00f6rh\u00e5llanden p\u00e5 Les Menuires slalomstadion.\",\"inLanguage\":\"sv-SE\",\"potentialAction\":[{\"@type\":\"ReadAction\",\"target\":[\"https:\\\/\\\/test-technique-ski.fr\\\/sv\\\/val-thorens\\\/\"]}]},{\"@type\":\"WebSite\",\"@id\":\"https:\\\/\\\/test-technique-ski.fr\\\/sv\\\/#website\",\"url\":\"https:\\\/\\\/test-technique-ski.fr\\\/sv\\\/\",\"name\":\"TEST TECHNIQUE SKI\",\"description\":\"\",\"potentialAction\":[{\"@type\":\"SearchAction\",\"target\":{\"@type\":\"EntryPoint\",\"urlTemplate\":\"https:\\\/\\\/test-technique-ski.fr\\\/sv\\\/?s={search_term_string}\"},\"query-input\":{\"@type\":\"PropertyValueSpecification\",\"valueRequired\":true,\"valueName\":\"search_term_string\"}}],\"inLanguage\":\"sv-SE\"}]}<\/script>\n<!-- \/ Yoast SEO plugin. -->","yoast_head_json":{"title":"Tekniskt test utf\u00f6rs\u00e5kning Val Thorens - TEST TECHNIQUE SKI","description":"F\u00f6rbered dig f\u00f6r det tekniska testet i alpin skid\u00e5kning, som \u00e4ger rum i Val Thorens under b\u00e4sta m\u00f6jliga f\u00f6rh\u00e5llanden p\u00e5 Les Menuires slalomstadion.","robots":{"index":"index","follow":"follow","max-snippet":"max-snippet:-1","max-image-preview":"max-image-preview:large","max-video-preview":"max-video-preview:-1"},"canonical":"https:\/\/test-technique-ski.fr\/sv\/val-thorens\/","og_locale":"sv_SE","og_type":"article","og_title":"Tekniskt test utf\u00f6rs\u00e5kning Val Thorens - TEST TECHNIQUE SKI","og_description":"F\u00f6rbered dig f\u00f6r det tekniska testet i alpin skid\u00e5kning, som \u00e4ger rum i Val Thorens under b\u00e4sta m\u00f6jliga f\u00f6rh\u00e5llanden p\u00e5 Les Menuires slalomstadion.","og_url":"https:\/\/test-technique-ski.fr\/sv\/val-thorens\/","og_site_name":"TEST TECHNIQUE SKI","article_modified_time":"2026-03-04T09:21:31+00:00","twitter_card":"summary_large_image","twitter_misc":{"Ber\u00e4knad l\u00e4stid":"1 minut"},"schema":{"@context":"https:\/\/schema.org","@graph":[{"@type":"WebPage","@id":"https:\/\/test-technique-ski.fr\/sv\/val-thorens\/","url":"https:\/\/test-technique-ski.fr\/sv\/val-thorens\/","name":"Tekniskt test utf\u00f6rs\u00e5kning Val Thorens - TEST TECHNIQUE SKI","isPartOf":{"@id":"https:\/\/test-technique-ski.fr\/sv\/#website"},"datePublished":"2026-02-28T10:07:27+00:00","dateModified":"2026-03-04T09:21:31+00:00","description":"F\u00f6rbered dig f\u00f6r det tekniska testet i alpin skid\u00e5kning, som \u00e4ger rum i Val Thorens under b\u00e4sta m\u00f6jliga f\u00f6rh\u00e5llanden p\u00e5 Les Menuires slalomstadion.","inLanguage":"sv-SE","potentialAction":[{"@type":"ReadAction","target":["https:\/\/test-technique-ski.fr\/sv\/val-thorens\/"]}]},{"@type":"WebSite","@id":"https:\/\/test-technique-ski.fr\/sv\/#website","url":"https:\/\/test-technique-ski.fr\/sv\/","name":"TEST TECHNIQUE SKI","description":"","potentialAction":[{"@type":"SearchAction","target":{"@type":"EntryPoint","urlTemplate":"https:\/\/test-technique-ski.fr\/sv\/?s={search_term_string}"},"query-input":{"@type":"PropertyValueSpecification","valueRequired":true,"valueName":"search_term_string"}}],"inLanguage":"sv-SE"}]}},"_links":{"self":[{"href":"https:\/\/test-technique-ski.fr\/sv\/wp-json\/wp\/v2\/pages\/3828","targetHints":{"allow":["GET"]}}],"collection":[{"href":"https:\/\/test-technique-ski.fr\/sv\/wp-json\/wp\/v2\/pages"}],"about":[{"href":"https:\/\/test-technique-ski.fr\/sv\/wp-json\/wp\/v2\/types\/page"}],"author":[{"embeddable":true,"href":"https:\/\/test-technique-ski.fr\/sv\/wp-json\/wp\/v2\/users\/1"}],"replies":[{"embeddable":true,"href":"https:\/\/test-technique-ski.fr\/sv\/wp-json\/wp\/v2\/comments?post=3828"}],"version-history":[{"count":3,"href":"https:\/\/test-technique-ski.fr\/sv\/wp-json\/wp\/v2\/pages\/3828\/revisions"}],"predecessor-version":[{"id":3910,"href":"https:\/\/test-technique-ski.fr\/sv\/wp-json\/wp\/v2\/pages\/3828\/revisions\/3910"}],"wp:attachment":[{"href":"https:\/\/test-technique-ski.fr\/sv\/wp-json\/wp\/v2\/media?parent=3828"}],"curies":[{"name":"wp","href":"https:\/\/api.w.org\/{rel}","templated":true}]}}