{"id":4070,"date":"2026-03-28T18:03:13","date_gmt":"2026-03-28T18:03:13","guid":{"rendered":"https:\/\/test-technique-ski.fr\/rattsligt-information\/"},"modified":"2026-03-28T18:13:01","modified_gmt":"2026-03-28T18:13:01","slug":"rattsligt-information","status":"publish","type":"page","link":"https:\/\/test-technique-ski.fr\/sv\/rattsligt-information\/","title":{"rendered":"Juridisk information"},"content":{"rendered":"\n<h1 class=\"wp-block-heading\">Juridisk information<\/h1>\n\n<p>V\u00e5r informationswebbplats publiceras av <a href=\"https:\/\/alma-consulting.org\/\">Alma Consulting<\/a>.<\/p>\n\n<p>Vi publicerar information om det tekniska testet av alpin skid\u00e5kning i Frankrike. V\u00e5r webbplats \u00e4r helt gratis och \u00f6versatt till flera spr\u00e5k. Vi \u00e4r oberoende av alla offentliga f\u00f6rvaltningar.    <\/p>\n\n<p>Syftet med v\u00e5r privata informationsportal \u00e4r att informera Internetanv\u00e4ndare och vi erbjuder inga ytterligare tj\u00e4nster. Vi har inga formul\u00e4r p\u00e5 webbplatsen och registrerar inga personuppgifter.   <\/p>\n\n<p>Ansvarig f\u00f6r publiceringen \u00e4r <a href=\"mailto:bastien.fauck@gmail.com\">Bastien Fauck<\/a>.<\/p>\n\n<p>Vi g\u00f6r v\u00e5rt yttersta f\u00f6r att h\u00e5lla den s\u00e5 aktuell som m\u00f6jligt. F\u00f6r mer information, bes\u00f6k <a href=\"http:\/\/gepafom.fr\">GEPAFO<\/a>:s webbplats. <\/p>\n","protected":false},"excerpt":{"rendered":"<p>Juridisk information V\u00e5r informationswebbplats publiceras av Alma Consulting. Vi publicerar information om det tekniska testet av alpin skid\u00e5kning i Frankrike. V\u00e5r webbplats \u00e4r helt gratis och \u00f6versatt till flera spr\u00e5k. Vi \u00e4r oberoende av alla offentliga f\u00f6rvaltningar. Syftet med v\u00e5r privata informationsportal \u00e4r att informera Internetanv\u00e4ndare och vi erbjuder inga ytterligare tj\u00e4nster. Vi har inga [&hellip;]<\/p>\n","protected":false},"author":1,"featured_media":0,"parent":0,"menu_order":0,"comment_status":"closed","ping_status":"closed","template":"","meta":{"footnotes":""},"class_list":["post-4070","page","type-page","status-publish","hentry"],"yoast_head":"<!-- This site is optimized with the Yoast SEO plugin v27.3 - https:\/\/yoast.com\/product\/yoast-seo-wordpress\/ -->\n<title>Juridisk information - TEST TECHNIQUE SKI<\/title>\n<meta name=\"description\" content=\"R\u00e4ttsligt meddelande och ansvarig f\u00f6r offentligg\u00f6randet av webbplatsen med information om det franska tekniska provet f\u00f6r alpin skid\u00e5kning\" \/>\n<meta name=\"robots\" content=\"noindex, nofollow\" \/>\n<meta property=\"og:locale\" content=\"sv_SE\" \/>\n<meta property=\"og:type\" content=\"article\" \/>\n<meta property=\"og:title\" content=\"Juridisk information - TEST TECHNIQUE SKI\" \/>\n<meta property=\"og:description\" content=\"R\u00e4ttsligt meddelande och ansvarig f\u00f6r offentligg\u00f6randet av webbplatsen med information om det franska tekniska provet f\u00f6r alpin skid\u00e5kning\" \/>\n<meta property=\"og:url\" content=\"https:\/\/test-technique-ski.fr\/sv\/rattsligt-information\/\" \/>\n<meta property=\"og:site_name\" content=\"TEST TECHNIQUE SKI\" \/>\n<meta property=\"article:modified_time\" content=\"2026-03-28T18:13:01+00:00\" \/>\n<meta name=\"twitter:card\" content=\"summary_large_image\" \/>\n<meta name=\"twitter:label1\" content=\"Ber\u00e4knad l\u00e4stid\" \/>\n\t<meta name=\"twitter:data1\" content=\"1 minut\" \/>\n<script type=\"application\/ld+json\" class=\"yoast-schema-graph\">{\"@context\":\"https:\\\/\\\/schema.org\",\"@graph\":[{\"@type\":\"WebPage\",\"@id\":\"https:\\\/\\\/test-technique-ski.fr\\\/sv\\\/rattsligt-information\\\/\",\"url\":\"https:\\\/\\\/test-technique-ski.fr\\\/sv\\\/rattsligt-information\\\/\",\"name\":\"Juridisk information - TEST TECHNIQUE SKI\",\"isPartOf\":{\"@id\":\"https:\\\/\\\/test-technique-ski.fr\\\/sv\\\/#website\"},\"datePublished\":\"2026-03-28T18:03:13+00:00\",\"dateModified\":\"2026-03-28T18:13:01+00:00\",\"description\":\"R\u00e4ttsligt meddelande och ansvarig f\u00f6r offentligg\u00f6randet av webbplatsen med information om det franska tekniska provet f\u00f6r alpin skid\u00e5kning\",\"inLanguage\":\"sv-SE\",\"potentialAction\":[{\"@type\":\"ReadAction\",\"target\":[\"https:\\\/\\\/test-technique-ski.fr\\\/sv\\\/rattsligt-information\\\/\"]}]},{\"@type\":\"WebSite\",\"@id\":\"https:\\\/\\\/test-technique-ski.fr\\\/sv\\\/#website\",\"url\":\"https:\\\/\\\/test-technique-ski.fr\\\/sv\\\/\",\"name\":\"TEST TECHNIQUE SKI\",\"description\":\"\",\"potentialAction\":[{\"@type\":\"SearchAction\",\"target\":{\"@type\":\"EntryPoint\",\"urlTemplate\":\"https:\\\/\\\/test-technique-ski.fr\\\/sv\\\/?s={search_term_string}\"},\"query-input\":{\"@type\":\"PropertyValueSpecification\",\"valueRequired\":true,\"valueName\":\"search_term_string\"}}],\"inLanguage\":\"sv-SE\"}]}<\/script>\n<!-- \/ Yoast SEO plugin. -->","yoast_head_json":{"title":"Juridisk information - TEST TECHNIQUE SKI","description":"R\u00e4ttsligt meddelande och ansvarig f\u00f6r offentligg\u00f6randet av webbplatsen med information om det franska tekniska provet f\u00f6r alpin skid\u00e5kning","robots":{"index":"noindex","follow":"nofollow"},"og_locale":"sv_SE","og_type":"article","og_title":"Juridisk information - TEST TECHNIQUE SKI","og_description":"R\u00e4ttsligt meddelande och ansvarig f\u00f6r offentligg\u00f6randet av webbplatsen med information om det franska tekniska provet f\u00f6r alpin skid\u00e5kning","og_url":"https:\/\/test-technique-ski.fr\/sv\/rattsligt-information\/","og_site_name":"TEST TECHNIQUE SKI","article_modified_time":"2026-03-28T18:13:01+00:00","twitter_card":"summary_large_image","twitter_misc":{"Ber\u00e4knad l\u00e4stid":"1 minut"},"schema":{"@context":"https:\/\/schema.org","@graph":[{"@type":"WebPage","@id":"https:\/\/test-technique-ski.fr\/sv\/rattsligt-information\/","url":"https:\/\/test-technique-ski.fr\/sv\/rattsligt-information\/","name":"Juridisk information - TEST TECHNIQUE SKI","isPartOf":{"@id":"https:\/\/test-technique-ski.fr\/sv\/#website"},"datePublished":"2026-03-28T18:03:13+00:00","dateModified":"2026-03-28T18:13:01+00:00","description":"R\u00e4ttsligt meddelande och ansvarig f\u00f6r offentligg\u00f6randet av webbplatsen med information om det franska tekniska provet f\u00f6r alpin skid\u00e5kning","inLanguage":"sv-SE","potentialAction":[{"@type":"ReadAction","target":["https:\/\/test-technique-ski.fr\/sv\/rattsligt-information\/"]}]},{"@type":"WebSite","@id":"https:\/\/test-technique-ski.fr\/sv\/#website","url":"https:\/\/test-technique-ski.fr\/sv\/","name":"TEST TECHNIQUE SKI","description":"","potentialAction":[{"@type":"SearchAction","target":{"@type":"EntryPoint","urlTemplate":"https:\/\/test-technique-ski.fr\/sv\/?s={search_term_string}"},"query-input":{"@type":"PropertyValueSpecification","valueRequired":true,"valueName":"search_term_string"}}],"inLanguage":"sv-SE"}]}},"_links":{"self":[{"href":"https:\/\/test-technique-ski.fr\/sv\/wp-json\/wp\/v2\/pages\/4070","targetHints":{"allow":["GET"]}}],"collection":[{"href":"https:\/\/test-technique-ski.fr\/sv\/wp-json\/wp\/v2\/pages"}],"about":[{"href":"https:\/\/test-technique-ski.fr\/sv\/wp-json\/wp\/v2\/types\/page"}],"author":[{"embeddable":true,"href":"https:\/\/test-technique-ski.fr\/sv\/wp-json\/wp\/v2\/users\/1"}],"replies":[{"embeddable":true,"href":"https:\/\/test-technique-ski.fr\/sv\/wp-json\/wp\/v2\/comments?post=4070"}],"version-history":[{"count":4,"href":"https:\/\/test-technique-ski.fr\/sv\/wp-json\/wp\/v2\/pages\/4070\/revisions"}],"predecessor-version":[{"id":4096,"href":"https:\/\/test-technique-ski.fr\/sv\/wp-json\/wp\/v2\/pages\/4070\/revisions\/4096"}],"wp:attachment":[{"href":"https:\/\/test-technique-ski.fr\/sv\/wp-json\/wp\/v2\/media?parent=4070"}],"curies":[{"name":"wp","href":"https:\/\/api.w.org\/{rel}","templated":true}]}}