{"id":512,"date":"2023-01-05T13:51:44","date_gmt":"2023-01-05T13:51:44","guid":{"rendered":"https:\/\/test-technique-ski.fr\/registrering-teknisk-test-ski\/"},"modified":"2026-02-12T11:38:29","modified_gmt":"2026-02-12T11:38:29","slug":"skidteknisk-testregistrering","status":"publish","type":"page","link":"https:\/\/test-technique-ski.fr\/sv\/skidteknisk-testregistrering\/","title":{"rendered":"Anm\u00e4lan till det tekniska testet i alpin skid\u00e5kning"},"content":{"rendered":"\n<h1 class=\"wp-block-heading\">Anm\u00e4lan till det tekniska skidprovet 2026<\/h1>\n\n<p>Hela registreringsprocessen f\u00f6r det tekniska skidprovet sker online.<\/p>\n\n<h2 class=\"wp-block-heading\">Registreringsdatum f\u00f6r det tekniska provet i alpin skid\u00e5kning<\/h2>\n\n<p>Registreringsdatumen \u00e4r olika f\u00f6r de tv\u00e5 tekniska prov som anordnas i Frankrike:<\/p>\n\n<ul class=\"wp-block-list\">\n<li>Registreringsdatum f\u00f6r den 1:a sessionen: fr\u00e5n <strong>13\/10\/2025 till 21\/11\/2025<\/strong><\/li>\n\n\n\n<li>Registreringsdatum f\u00f6r den andra sessionen i mars och april: fr\u00e5n <strong>09 till 27 februari 2026<\/strong><\/li>\n<\/ul>\n\n<div style=\"height:25px\" aria-hidden=\"true\" class=\"wp-block-spacer\"><\/div>\n\n<h2 class=\"wp-block-heading\">Hur anm\u00e4ler man sig till det tekniska skidtestet?<\/h2>\n\n<p>F\u00f6r att anm\u00e4la dig till det <a href=\"https:\/\/test-technique-ski.fr\/sv\/\">tekniska skidprovet<\/a> m\u00e5ste du skapa ett konto p\u00e5 det franska idrottsministeriets plattform f\u00f6r f\u00f6rvaltning av utbildningsv\u00e4gar. Webbplatsen f\u00f6r GEPAFO Montagne finns p\u00e5 adressen <a href=\"https:\/\/gepafom.fr\/\">gepafom.fr<\/a>.<\/p>\n\n<figure class=\"wp-block-image size-full\"><img fetchpriority=\"high\" decoding=\"async\" width=\"962\" height=\"508\" src=\"https:\/\/test-technique-ski.fr\/wp-content\/uploads\/2023\/01\/Inscription-test-technique-gepafom.jpg\" alt=\"Registreringssida f&#xF6;r tekniskt test\" class=\"wp-image-340\" title=\"Anm&#xE4;lan till det tekniska provet p&#xE5; GEPAFO:s webbplats\" srcset=\"https:\/\/test-technique-ski.fr\/wp-content\/uploads\/2023\/01\/Inscription-test-technique-gepafom.jpg 962w, https:\/\/test-technique-ski.fr\/wp-content\/uploads\/2023\/01\/Inscription-test-technique-gepafom-300x158.jpg 300w, https:\/\/test-technique-ski.fr\/wp-content\/uploads\/2023\/01\/Inscription-test-technique-gepafom-768x406.jpg 768w\" sizes=\"(max-width: 962px) 100vw, 962px\" \/><figcaption class=\"wp-element-caption\">Anm\u00e4lningssidan f\u00f6r det tekniska testet p\u00e5 GEPAFO Montagnes webbplats<\/figcaption><\/figure>\n\n<p>P\u00e5 <strong>registreringswebbplatsen f\u00f6r Alpin skidinstrukt\u00f6r A-examen<\/strong> m\u00e5ste du skapa ett konto f\u00f6r att f\u00e5 tillg\u00e5ng till ditt kandidatomr\u00e5de. Du m\u00e5ste fylla i registreringsformul\u00e4ret online f\u00f6r att validera din profil som provdeltagare.<\/p>\n\n<p>Med detta konto p\u00e5 idrottsministeriets webbplats kan du f\u00f6lja alla steg i din ans\u00f6kan till examen f\u00f6r alpina skidl\u00e4rare A.<\/p>\n\n<h2 class=\"wp-block-heading\">Anm\u00e4lningsblankett f\u00f6r det tekniska testet i alpin skid\u00e5kning<\/h2>\n\n<p>Genom att klicka p\u00e5 <strong>skapa ett konto<\/strong> p\u00e5 webbplatsen gepafom.fr f\u00f6r<strong>registrering av tekniska skidtester<\/strong> kommer du till registreringsformul\u00e4ret som ska fyllas i p\u00e5 Internet. <\/p>\n\n<p>H\u00e4r \u00e4r en sk\u00e4rmdump av registreringsformul\u00e4ret:<\/p>\n\n<figure class=\"wp-block-image size-full\"><img decoding=\"async\" width=\"843\" height=\"886\" src=\"https:\/\/test-technique-ski.fr\/wp-content\/uploads\/2023\/01\/formulaire-inscription-test-technique-ski-gepafom.jpg\" alt=\"Anm&#xE4;lningsblankett f&#xF6;r skidteknikprovet p&#xE5; Internet\" class=\"wp-image-343\" title=\"Anm&#xE4;lningsblankett f&#xF6;r det tekniska skidprovet\" srcset=\"https:\/\/test-technique-ski.fr\/wp-content\/uploads\/2023\/01\/formulaire-inscription-test-technique-ski-gepafom.jpg 843w, https:\/\/test-technique-ski.fr\/wp-content\/uploads\/2023\/01\/formulaire-inscription-test-technique-ski-gepafom-285x300.jpg 285w, https:\/\/test-technique-ski.fr\/wp-content\/uploads\/2023\/01\/formulaire-inscription-test-technique-ski-gepafom-768x807.jpg 768w\" sizes=\"(max-width: 843px) 100vw, 843px\" \/><figcaption class=\"wp-element-caption\">Anm\u00e4lningsblankett f\u00f6r det tekniska skidprovet p\u00e5 idrottsministeriets webbplats gepafom.fr<\/figcaption><\/figure>\n","protected":false},"excerpt":{"rendered":"<p>Anm\u00e4lan till det tekniska skidprovet 2026 Hela registreringsprocessen f\u00f6r det tekniska skidprovet sker online. Registreringsdatum f\u00f6r det tekniska provet i alpin skid\u00e5kning Registreringsdatumen \u00e4r olika f\u00f6r de tv\u00e5 tekniska prov som anordnas i Frankrike: Hur anm\u00e4ler man sig till det tekniska skidtestet? F\u00f6r att anm\u00e4la dig till det tekniska skidprovet m\u00e5ste du skapa ett konto [&hellip;]<\/p>\n","protected":false},"author":1,"featured_media":0,"parent":0,"menu_order":0,"comment_status":"closed","ping_status":"closed","template":"","meta":{"footnotes":""},"class_list":["post-512","page","type-page","status-publish","hentry"],"yoast_head":"<!-- This site is optimized with the Yoast SEO plugin v27.3 - https:\/\/yoast.com\/product\/yoast-seo-wordpress\/ -->\n<title>Anm\u00e4lan till det tekniska testet i alpin skid\u00e5kning<\/title>\n<meta name=\"description\" content=\"All information som du beh\u00f6ver f\u00f6r att registrera dig till det franska tekniska provet i alpin skid\u00e5kning. Alla steg f\u00f6r en lyckad registrering\" \/>\n<meta name=\"robots\" content=\"index, follow, max-snippet:-1, max-image-preview:large, max-video-preview:-1\" \/>\n<link rel=\"canonical\" href=\"https:\/\/test-technique-ski.fr\/sv\/skidteknisk-testregistrering\/\" \/>\n<meta property=\"og:locale\" content=\"sv_SE\" \/>\n<meta property=\"og:type\" content=\"article\" \/>\n<meta property=\"og:title\" content=\"Anm\u00e4lan till det tekniska testet i alpin skid\u00e5kning\" \/>\n<meta property=\"og:description\" content=\"All information som du beh\u00f6ver f\u00f6r att registrera dig till det franska tekniska provet i alpin skid\u00e5kning. Alla steg f\u00f6r en lyckad registrering\" \/>\n<meta property=\"og:url\" content=\"https:\/\/test-technique-ski.fr\/sv\/skidteknisk-testregistrering\/\" \/>\n<meta property=\"og:site_name\" content=\"TEST TECHNIQUE SKI\" \/>\n<meta property=\"article:modified_time\" content=\"2026-02-12T11:38:29+00:00\" \/>\n<meta property=\"og:image\" content=\"https:\/\/test-technique-ski.fr\/wp-content\/uploads\/2023\/01\/Inscription-test-technique-gepafom.jpg\" \/>\n\t<meta property=\"og:image:width\" content=\"962\" \/>\n\t<meta property=\"og:image:height\" content=\"508\" \/>\n\t<meta property=\"og:image:type\" content=\"image\/jpeg\" \/>\n<meta name=\"twitter:card\" content=\"summary_large_image\" \/>\n<meta name=\"twitter:label1\" content=\"Ber\u00e4knad l\u00e4stid\" \/>\n\t<meta name=\"twitter:data1\" content=\"1 minut\" \/>\n<script type=\"application\/ld+json\" class=\"yoast-schema-graph\">{\"@context\":\"https:\\\/\\\/schema.org\",\"@graph\":[{\"@type\":\"WebPage\",\"@id\":\"https:\\\/\\\/test-technique-ski.fr\\\/sv\\\/skidteknisk-testregistrering\\\/\",\"url\":\"https:\\\/\\\/test-technique-ski.fr\\\/sv\\\/skidteknisk-testregistrering\\\/\",\"name\":\"Anm\u00e4lan till det tekniska testet i alpin skid\u00e5kning\",\"isPartOf\":{\"@id\":\"https:\\\/\\\/test-technique-ski.fr\\\/sv\\\/#website\"},\"primaryImageOfPage\":{\"@id\":\"https:\\\/\\\/test-technique-ski.fr\\\/sv\\\/skidteknisk-testregistrering\\\/#primaryimage\"},\"image\":{\"@id\":\"https:\\\/\\\/test-technique-ski.fr\\\/sv\\\/skidteknisk-testregistrering\\\/#primaryimage\"},\"thumbnailUrl\":\"https:\\\/\\\/test-technique-ski.fr\\\/wp-content\\\/uploads\\\/2023\\\/01\\\/Inscription-test-technique-gepafom.jpg\",\"datePublished\":\"2023-01-05T13:51:44+00:00\",\"dateModified\":\"2026-02-12T11:38:29+00:00\",\"description\":\"All information som du beh\u00f6ver f\u00f6r att registrera dig till det franska tekniska provet i alpin skid\u00e5kning. Alla steg f\u00f6r en lyckad registrering\",\"inLanguage\":\"sv-SE\",\"potentialAction\":[{\"@type\":\"ReadAction\",\"target\":[\"https:\\\/\\\/test-technique-ski.fr\\\/sv\\\/skidteknisk-testregistrering\\\/\"]}]},{\"@type\":\"ImageObject\",\"inLanguage\":\"sv-SE\",\"@id\":\"https:\\\/\\\/test-technique-ski.fr\\\/sv\\\/skidteknisk-testregistrering\\\/#primaryimage\",\"url\":\"https:\\\/\\\/test-technique-ski.fr\\\/wp-content\\\/uploads\\\/2023\\\/01\\\/Inscription-test-technique-gepafom.jpg\",\"contentUrl\":\"https:\\\/\\\/test-technique-ski.fr\\\/wp-content\\\/uploads\\\/2023\\\/01\\\/Inscription-test-technique-gepafom.jpg\"},{\"@type\":\"WebSite\",\"@id\":\"https:\\\/\\\/test-technique-ski.fr\\\/sv\\\/#website\",\"url\":\"https:\\\/\\\/test-technique-ski.fr\\\/sv\\\/\",\"name\":\"TEST TECHNIQUE SKI\",\"description\":\"\",\"potentialAction\":[{\"@type\":\"SearchAction\",\"target\":{\"@type\":\"EntryPoint\",\"urlTemplate\":\"https:\\\/\\\/test-technique-ski.fr\\\/sv\\\/?s={search_term_string}\"},\"query-input\":{\"@type\":\"PropertyValueSpecification\",\"valueRequired\":true,\"valueName\":\"search_term_string\"}}],\"inLanguage\":\"sv-SE\"}]}<\/script>\n<!-- \/ Yoast SEO plugin. -->","yoast_head_json":{"title":"Anm\u00e4lan till det tekniska testet i alpin skid\u00e5kning","description":"All information som du beh\u00f6ver f\u00f6r att registrera dig till det franska tekniska provet i alpin skid\u00e5kning. Alla steg f\u00f6r en lyckad registrering","robots":{"index":"index","follow":"follow","max-snippet":"max-snippet:-1","max-image-preview":"max-image-preview:large","max-video-preview":"max-video-preview:-1"},"canonical":"https:\/\/test-technique-ski.fr\/sv\/skidteknisk-testregistrering\/","og_locale":"sv_SE","og_type":"article","og_title":"Anm\u00e4lan till det tekniska testet i alpin skid\u00e5kning","og_description":"All information som du beh\u00f6ver f\u00f6r att registrera dig till det franska tekniska provet i alpin skid\u00e5kning. Alla steg f\u00f6r en lyckad registrering","og_url":"https:\/\/test-technique-ski.fr\/sv\/skidteknisk-testregistrering\/","og_site_name":"TEST TECHNIQUE SKI","article_modified_time":"2026-02-12T11:38:29+00:00","og_image":[{"width":962,"height":508,"url":"https:\/\/test-technique-ski.fr\/wp-content\/uploads\/2023\/01\/Inscription-test-technique-gepafom.jpg","type":"image\/jpeg"}],"twitter_card":"summary_large_image","twitter_misc":{"Ber\u00e4knad l\u00e4stid":"1 minut"},"schema":{"@context":"https:\/\/schema.org","@graph":[{"@type":"WebPage","@id":"https:\/\/test-technique-ski.fr\/sv\/skidteknisk-testregistrering\/","url":"https:\/\/test-technique-ski.fr\/sv\/skidteknisk-testregistrering\/","name":"Anm\u00e4lan till det tekniska testet i alpin skid\u00e5kning","isPartOf":{"@id":"https:\/\/test-technique-ski.fr\/sv\/#website"},"primaryImageOfPage":{"@id":"https:\/\/test-technique-ski.fr\/sv\/skidteknisk-testregistrering\/#primaryimage"},"image":{"@id":"https:\/\/test-technique-ski.fr\/sv\/skidteknisk-testregistrering\/#primaryimage"},"thumbnailUrl":"https:\/\/test-technique-ski.fr\/wp-content\/uploads\/2023\/01\/Inscription-test-technique-gepafom.jpg","datePublished":"2023-01-05T13:51:44+00:00","dateModified":"2026-02-12T11:38:29+00:00","description":"All information som du beh\u00f6ver f\u00f6r att registrera dig till det franska tekniska provet i alpin skid\u00e5kning. Alla steg f\u00f6r en lyckad registrering","inLanguage":"sv-SE","potentialAction":[{"@type":"ReadAction","target":["https:\/\/test-technique-ski.fr\/sv\/skidteknisk-testregistrering\/"]}]},{"@type":"ImageObject","inLanguage":"sv-SE","@id":"https:\/\/test-technique-ski.fr\/sv\/skidteknisk-testregistrering\/#primaryimage","url":"https:\/\/test-technique-ski.fr\/wp-content\/uploads\/2023\/01\/Inscription-test-technique-gepafom.jpg","contentUrl":"https:\/\/test-technique-ski.fr\/wp-content\/uploads\/2023\/01\/Inscription-test-technique-gepafom.jpg"},{"@type":"WebSite","@id":"https:\/\/test-technique-ski.fr\/sv\/#website","url":"https:\/\/test-technique-ski.fr\/sv\/","name":"TEST TECHNIQUE SKI","description":"","potentialAction":[{"@type":"SearchAction","target":{"@type":"EntryPoint","urlTemplate":"https:\/\/test-technique-ski.fr\/sv\/?s={search_term_string}"},"query-input":{"@type":"PropertyValueSpecification","valueRequired":true,"valueName":"search_term_string"}}],"inLanguage":"sv-SE"}]}},"_links":{"self":[{"href":"https:\/\/test-technique-ski.fr\/sv\/wp-json\/wp\/v2\/pages\/512","targetHints":{"allow":["GET"]}}],"collection":[{"href":"https:\/\/test-technique-ski.fr\/sv\/wp-json\/wp\/v2\/pages"}],"about":[{"href":"https:\/\/test-technique-ski.fr\/sv\/wp-json\/wp\/v2\/types\/page"}],"author":[{"embeddable":true,"href":"https:\/\/test-technique-ski.fr\/sv\/wp-json\/wp\/v2\/users\/1"}],"replies":[{"embeddable":true,"href":"https:\/\/test-technique-ski.fr\/sv\/wp-json\/wp\/v2\/comments?post=512"}],"version-history":[{"count":3,"href":"https:\/\/test-technique-ski.fr\/sv\/wp-json\/wp\/v2\/pages\/512\/revisions"}],"predecessor-version":[{"id":3798,"href":"https:\/\/test-technique-ski.fr\/sv\/wp-json\/wp\/v2\/pages\/512\/revisions\/3798"}],"wp:attachment":[{"href":"https:\/\/test-technique-ski.fr\/sv\/wp-json\/wp\/v2\/media?parent=512"}],"curies":[{"name":"wp","href":"https:\/\/api.w.org\/{rel}","templated":true}]}}