{"id":525,"date":"2023-01-05T13:50:17","date_gmt":"2023-01-05T13:50:17","guid":{"rendered":"https:\/\/test-technique-ski.fr\/test-teknik-av-ski-alpin\/"},"modified":"2025-10-24T18:33:53","modified_gmt":"2025-10-24T17:33:53","slug":"test-teknik-av-ski-alpin","status":"publish","type":"page","link":"https:\/\/test-technique-ski.fr\/sv\/","title":{"rendered":"Tekniskt test i alpin skid\u00e5kning"},"content":{"rendered":"\n<h1 class=\"wp-block-heading\">Tekniskt skidprov f\u00f6r att bli instrukt\u00f6r<\/h1>\n\n<p>Ta reda p\u00e5 all information du beh\u00f6ver veta om det tekniska skidprovet f\u00f6r att b\u00f6rja <a href=\"https:\/\/test-technique-ski.fr\/sv\/formation-moniteur-de-ski-alpin\/\">utbilda dig till skidl\u00e4rare<\/a> i Frankrike.<\/p>\n\n<div style=\"height:10px\" aria-hidden=\"true\" class=\"wp-block-spacer\"><\/div>\n\n<h2 class=\"wp-block-heading\">Vad \u00e4r det tekniska testet f\u00f6r alpin skid\u00e5kning?<\/h2>\n\n<p>Det tekniska skidprovet \u00e4r det f\u00f6rsta steget i <a href=\"https:\/\/test-technique-ski.fr\/sv\/formation-moniteur-de-ski-alpin\/\">skidl\u00e4rarutbildningen i Frankrike.<\/a> Detta \u00e4r ett tidsbest\u00e4mt test i alpin skid\u00e5kning som bekr\u00e4ftar skidniv\u00e5n f\u00f6r en person som vill bli skidl\u00e4rare. Det tekniska testet \u00e4r en speciell slalom med en kvalificerande tid.<\/p>\n\n<p>Den kandidat som vill <a href=\"https:\/\/test-technique-ski.fr\/sv\/bli-alpinskidinstruktor\/\">bli skidl\u00e4rare<\/a> m\u00e5ste uppn\u00e5 en maximal tid f\u00f6r att klara det tekniska testet. Kvalifikationstiden f\u00f6r det tekniska testet ber\u00e4knas i f\u00f6rh\u00e5llande till starttiden enligt f\u00f6ljande:  <\/p>\n\n<ul class=\"wp-block-list\">\n<li>F\u00f6r manliga kandidater i det tekniska provet: Tiden i den tidsbest\u00e4mda slalomen m\u00e5ste vara l\u00e4gre \u00e4n den tid som \u00f6ppnaren uppn\u00e5dde + 20 %;<\/li>\n\n\n\n<li>F\u00f6r kvinnliga kandidater i det tekniska provet: Tiden i den tidsbest\u00e4mda slalomen m\u00e5ste vara l\u00e4gre \u00e4n den tid som \u00f6ppnaren uppn\u00e5dde + 25 %.<\/li>\n<\/ul>\n\n<p>N\u00e4r det tekniska provet \u00e4r godk\u00e4nt kan kandidaten p\u00e5b\u00f6rja sin skidl\u00e4rarutbildning vid National Ski and Mountaineering School.<\/p>\n\n<div style=\"height:10px\" aria-hidden=\"true\" class=\"wp-block-spacer\"><\/div>\n\n<h2 class=\"wp-block-heading\">Hur anm\u00e4ler man sig till det tekniska skidtestet?<\/h2>\n\n<p> <a href=\"https:\/\/test-technique-ski.fr\/sv\/skidteknisk-testregistrering\/\">Anm\u00e4lan till det tekniska testet f\u00f6r alpin skid\u00e5kning<\/a> sker i flera steg. F\u00f6r att registrera dig m\u00e5ste du skapa ett konto p\u00e5 det franska idrottsministeriets <a href=\"https:\/\/test-technique-ski.fr\/sv\/gepafo-montagne\/\">GEPAFO-plattform<\/a>. Vi f\u00f6rklarar f\u00f6rfarandet i detalj.  <\/p>\n\n<h2 class=\"wp-block-heading\">F\u00f6rberedelser inf\u00f6r det tekniska skidprovet utanf\u00f6r vinters\u00e4songen<\/h2>\n\n<p>Vinters\u00e4songen \u00e4r kort, s\u00e5 det \u00e4r viktigt att f\u00f6rbereda sig f\u00f6r det tekniska skidprovet utanf\u00f6r vinters\u00e4songen. F\u00f6r att underh\u00e5lla din slalomtr\u00e4ning och f\u00f6rb\u00e4ttra din skid\u00e5kning utanf\u00f6r vinters\u00e4songen erbjuder vi slalomkurser under hela \u00e5ret: <\/p>\n\n<ul class=\"wp-block-list\">\n<li><a href=\"https:\/\/test-technique-ski.fr\/sv\/stage-ski-slalom-ete\/\">Kurs i slalom\u00e5kning i juli i Tignes<\/a><\/li>\n\n\n\n<li><a href=\"https:\/\/test-technique-ski.fr\/sv\/stage-ski-slalom-automne\/\">Inomhusbana f\u00f6r slalom\u00e5kning i oktober<\/a><\/li>\n\n\n\n<li><a href=\"https:\/\/test-technique-ski.fr\/sv\/stage-ski-slalom-amneville\/\">Slalombana i Amn\u00e9ville<\/a><\/li>\n<\/ul>\n\n<div style=\"height:10px\" aria-hidden=\"true\" class=\"wp-block-spacer\"><\/div>\n\n<h2 class=\"wp-block-heading\">N\u00e4r kan jag g\u00f6ra det tekniska provet i alpin skid\u00e5kning 2025 &#8211; 2026?<\/h2>\n\n<p>Varje \u00e5r anordnas tv\u00e5 tekniska prov i Frankrike:<\/p>\n\n<ul class=\"wp-block-list\">\n<li>Den f\u00f6rsta testperioden p\u00e5g\u00e5r fr\u00e5n december till februari;<\/li>\n\n\n\n<li>Den andra testomg\u00e5ngen \u00e4ger rum i mars och april.<\/li>\n<\/ul>\n\n<div style=\"height:10px\" aria-hidden=\"true\" class=\"wp-block-spacer\"><\/div>\n\n<p>Klicka h\u00e4r f\u00f6r <a href=\"https:\/\/test-technique-ski.fr\/sv\/tekniskt-testdatum-for-alpina-skidor\/\">datum f\u00f6r det tekniska provet<\/a>. Var uppm\u00e4rksam p\u00e5 \u00f6ppnings- och st\u00e4ngningsdatum f\u00f6r registreringar.<\/p>\n\n<p><strong>Den f\u00f6rsta sessionen av 2026 \u00e5rs tekniska prov f\u00f6r alpin skid\u00e5kning kommer att \u00e4ga rum i december 2025.<\/strong> Anm\u00e4lan kommer att vara m\u00f6jlig fr\u00e5n och med den 13 oktober 2025. <\/p>\n\n<div style=\"height:10px\" aria-hidden=\"true\" class=\"wp-block-spacer\"><\/div>\n\n<h2 class=\"wp-block-heading\">Vem kan delta i det tekniska testet?<\/h2>\n\n<p>Det tekniska testet \u00e4r \u00f6ppet f\u00f6r alla \u00f6ver 17 \u00e5r. Varje kandidat f\u00e5r endast registrera sig en g\u00e5ng f\u00f6r varje session. D\u00e4rf\u00f6r f\u00e5r den s\u00f6kande endast g\u00f6ra det tekniska provet tv\u00e5 g\u00e5nger per \u00e5r.<\/p>\n\n<div style=\"height:10px\" aria-hidden=\"true\" class=\"wp-block-spacer\"><\/div>\n\n<h2 class=\"wp-block-heading\">Vad kostar det tekniska testet?<\/h2>\n\n<p>Anm\u00e4lningsavgiften f\u00f6r det tekniska testet \u00e4r 80 euro. I detta pris ing\u00e5r endast registrering f\u00f6r slalom med tidtagning. Alla rese- och boendekostnader betalas av den s\u00f6kande. Anm\u00e4lningsavgiften \u00e5terbetalas inte om den s\u00f6kande inte klarar det tekniska provet.<\/p>\n\n<div style=\"height:10px\" aria-hidden=\"true\" class=\"wp-block-spacer\"><\/div>\n\n<h2 class=\"wp-block-heading\">Foto av en tr\u00e4nare vid det tekniska skidtestet<\/h2>\n\n<figure class=\"wp-block-image size-large\" id=\"Slalom-chronom&#xE9;tr&#xE9;-du-test-technique\"><img fetchpriority=\"high\" decoding=\"async\" width=\"1024\" height=\"747\" src=\"https:\/\/test-technique-ski.fr\/wp-content\/uploads\/2023\/01\/Ski-Test-Technique-1-1024x747.jpg\" alt=\"Foto fr&#xE5;n det tekniska testet i alpin skid&#xE5;kning\" class=\"wp-image-297\" title=\"Teknisk test skidt&#xE4;vling\" srcset=\"https:\/\/test-technique-ski.fr\/wp-content\/uploads\/2023\/01\/Ski-Test-Technique-1-1024x747.jpg 1024w, https:\/\/test-technique-ski.fr\/wp-content\/uploads\/2023\/01\/Ski-Test-Technique-1-300x219.jpg 300w, https:\/\/test-technique-ski.fr\/wp-content\/uploads\/2023\/01\/Ski-Test-Technique-1-768x560.jpg 768w, https:\/\/test-technique-ski.fr\/wp-content\/uploads\/2023\/01\/Ski-Test-Technique-1-1536x1121.jpg 1536w, https:\/\/test-technique-ski.fr\/wp-content\/uploads\/2023\/01\/Ski-Test-Technique-1-2048x1494.jpg 2048w\" sizes=\"(max-width: 1024px) 100vw, 1024px\" \/><figcaption class=\"wp-element-caption\">Slalom p\u00e5 tid i det tekniska skidtestet f\u00f6r att bli instrukt\u00f6r  <\/figcaption><\/figure>\n\n<div style=\"height:10px\" aria-hidden=\"true\" class=\"wp-block-spacer\"><\/div>\n\n<h2 class=\"wp-block-heading\">Hur f\u00e5r jag resultatet av det tekniska skidtestet?<\/h2>\n\n<p>Resultaten finns tillg\u00e4ngliga direkt p\u00e5 Internet. Klicka p\u00e5 <a href=\"https:\/\/test-technique-ski.fr\/sv\/resultat-av-skidtekniktest\/\">Skidtestresultat<\/a> f\u00f6r att f\u00e5 reda p\u00e5 hur du f\u00e5r Skidtestresultat 2026.<\/p>\n\n<p><\/p>\n","protected":false},"excerpt":{"rendered":"<p>Tekniskt skidprov f\u00f6r att bli instrukt\u00f6r Ta reda p\u00e5 all information du beh\u00f6ver veta om det tekniska skidprovet f\u00f6r att b\u00f6rja utbilda dig till skidl\u00e4rare i Frankrike. Vad \u00e4r det tekniska testet f\u00f6r alpin skid\u00e5kning? Det tekniska skidprovet \u00e4r det f\u00f6rsta steget i skidl\u00e4rarutbildningen i Frankrike. Detta \u00e4r ett tidsbest\u00e4mt test i alpin skid\u00e5kning som [&hellip;]<\/p>\n","protected":false},"author":1,"featured_media":0,"parent":0,"menu_order":0,"comment_status":"closed","ping_status":"closed","template":"","meta":{"footnotes":""},"class_list":["post-525","page","type-page","status-publish","hentry"],"yoast_head":"<!-- This site is optimized with the Yoast SEO plugin v27.3 - https:\/\/yoast.com\/product\/yoast-seo-wordpress\/ -->\n<title>Tekniskt test i alpin skid\u00e5kning<\/title>\n<meta name=\"description\" content=\"Det tekniska testet f\u00f6r alpin skid\u00e5kning \u00e4r utg\u00e5ngspunkten f\u00f6r att bli skidl\u00e4rare i Frankrike. Online-registrering till det tekniska provet\" \/>\n<meta name=\"robots\" content=\"index, follow, max-snippet:-1, max-image-preview:large, max-video-preview:-1\" \/>\n<link rel=\"canonical\" href=\"https:\/\/test-technique-ski.fr\/sv\/\" \/>\n<meta property=\"og:locale\" content=\"sv_SE\" \/>\n<meta property=\"og:type\" content=\"article\" \/>\n<meta property=\"og:title\" content=\"Tekniskt test i alpin skid\u00e5kning\" \/>\n<meta property=\"og:description\" content=\"Det tekniska testet f\u00f6r alpin skid\u00e5kning \u00e4r utg\u00e5ngspunkten f\u00f6r att bli skidl\u00e4rare i Frankrike. Online-registrering till det tekniska provet\" \/>\n<meta property=\"og:url\" content=\"https:\/\/test-technique-ski.fr\/sv\/\" \/>\n<meta property=\"og:site_name\" content=\"TEST TECHNIQUE SKI\" \/>\n<meta property=\"article:modified_time\" content=\"2025-10-24T17:33:53+00:00\" \/>\n<meta property=\"og:image\" content=\"https:\/\/test-technique-ski.fr\/wp-content\/uploads\/2023\/01\/Ski-Test-Technique-1-scaled.jpg\" \/>\n\t<meta property=\"og:image:width\" content=\"2560\" \/>\n\t<meta property=\"og:image:height\" content=\"1868\" \/>\n\t<meta property=\"og:image:type\" content=\"image\/jpeg\" \/>\n<meta name=\"twitter:card\" content=\"summary_large_image\" \/>\n<meta name=\"twitter:label1\" content=\"Ber\u00e4knad l\u00e4stid\" \/>\n\t<meta name=\"twitter:data1\" content=\"3 minuter\" \/>\n<script type=\"application\/ld+json\" class=\"yoast-schema-graph\">{\"@context\":\"https:\\\/\\\/schema.org\",\"@graph\":[{\"@type\":\"WebPage\",\"@id\":\"https:\\\/\\\/test-technique-ski.fr\\\/sv\\\/\",\"url\":\"https:\\\/\\\/test-technique-ski.fr\\\/sv\\\/\",\"name\":\"Tekniskt test i alpin skid\u00e5kning\",\"isPartOf\":{\"@id\":\"https:\\\/\\\/test-technique-ski.fr\\\/sv\\\/#website\"},\"primaryImageOfPage\":{\"@id\":\"https:\\\/\\\/test-technique-ski.fr\\\/sv\\\/#primaryimage\"},\"image\":{\"@id\":\"https:\\\/\\\/test-technique-ski.fr\\\/sv\\\/#primaryimage\"},\"thumbnailUrl\":\"https:\\\/\\\/test-technique-ski.fr\\\/wp-content\\\/uploads\\\/2023\\\/01\\\/Ski-Test-Technique-1-1024x747.jpg\",\"datePublished\":\"2023-01-05T13:50:17+00:00\",\"dateModified\":\"2025-10-24T17:33:53+00:00\",\"description\":\"Det tekniska testet f\u00f6r alpin skid\u00e5kning \u00e4r utg\u00e5ngspunkten f\u00f6r att bli skidl\u00e4rare i Frankrike. Online-registrering till det tekniska provet\",\"inLanguage\":\"sv-SE\",\"potentialAction\":[{\"@type\":\"ReadAction\",\"target\":[\"https:\\\/\\\/test-technique-ski.fr\\\/sv\\\/\"]}]},{\"@type\":\"ImageObject\",\"inLanguage\":\"sv-SE\",\"@id\":\"https:\\\/\\\/test-technique-ski.fr\\\/sv\\\/#primaryimage\",\"url\":\"https:\\\/\\\/test-technique-ski.fr\\\/wp-content\\\/uploads\\\/2023\\\/01\\\/Ski-Test-Technique-1-1024x747.jpg\",\"contentUrl\":\"https:\\\/\\\/test-technique-ski.fr\\\/wp-content\\\/uploads\\\/2023\\\/01\\\/Ski-Test-Technique-1-1024x747.jpg\"},{\"@type\":\"WebSite\",\"@id\":\"https:\\\/\\\/test-technique-ski.fr\\\/sv\\\/#website\",\"url\":\"https:\\\/\\\/test-technique-ski.fr\\\/sv\\\/\",\"name\":\"TEST TECHNIQUE SKI\",\"description\":\"\",\"potentialAction\":[{\"@type\":\"SearchAction\",\"target\":{\"@type\":\"EntryPoint\",\"urlTemplate\":\"https:\\\/\\\/test-technique-ski.fr\\\/sv\\\/?s={search_term_string}\"},\"query-input\":{\"@type\":\"PropertyValueSpecification\",\"valueRequired\":true,\"valueName\":\"search_term_string\"}}],\"inLanguage\":\"sv-SE\"}]}<\/script>\n<!-- \/ Yoast SEO plugin. -->","yoast_head_json":{"title":"Tekniskt test i alpin skid\u00e5kning","description":"Det tekniska testet f\u00f6r alpin skid\u00e5kning \u00e4r utg\u00e5ngspunkten f\u00f6r att bli skidl\u00e4rare i Frankrike. Online-registrering till det tekniska provet","robots":{"index":"index","follow":"follow","max-snippet":"max-snippet:-1","max-image-preview":"max-image-preview:large","max-video-preview":"max-video-preview:-1"},"canonical":"https:\/\/test-technique-ski.fr\/sv\/","og_locale":"sv_SE","og_type":"article","og_title":"Tekniskt test i alpin skid\u00e5kning","og_description":"Det tekniska testet f\u00f6r alpin skid\u00e5kning \u00e4r utg\u00e5ngspunkten f\u00f6r att bli skidl\u00e4rare i Frankrike. Online-registrering till det tekniska provet","og_url":"https:\/\/test-technique-ski.fr\/sv\/","og_site_name":"TEST TECHNIQUE SKI","article_modified_time":"2025-10-24T17:33:53+00:00","og_image":[{"width":2560,"height":1868,"url":"https:\/\/test-technique-ski.fr\/wp-content\/uploads\/2023\/01\/Ski-Test-Technique-1-scaled.jpg","type":"image\/jpeg"}],"twitter_card":"summary_large_image","twitter_misc":{"Ber\u00e4knad l\u00e4stid":"3 minuter"},"schema":{"@context":"https:\/\/schema.org","@graph":[{"@type":"WebPage","@id":"https:\/\/test-technique-ski.fr\/sv\/","url":"https:\/\/test-technique-ski.fr\/sv\/","name":"Tekniskt test i alpin skid\u00e5kning","isPartOf":{"@id":"https:\/\/test-technique-ski.fr\/sv\/#website"},"primaryImageOfPage":{"@id":"https:\/\/test-technique-ski.fr\/sv\/#primaryimage"},"image":{"@id":"https:\/\/test-technique-ski.fr\/sv\/#primaryimage"},"thumbnailUrl":"https:\/\/test-technique-ski.fr\/wp-content\/uploads\/2023\/01\/Ski-Test-Technique-1-1024x747.jpg","datePublished":"2023-01-05T13:50:17+00:00","dateModified":"2025-10-24T17:33:53+00:00","description":"Det tekniska testet f\u00f6r alpin skid\u00e5kning \u00e4r utg\u00e5ngspunkten f\u00f6r att bli skidl\u00e4rare i Frankrike. Online-registrering till det tekniska provet","inLanguage":"sv-SE","potentialAction":[{"@type":"ReadAction","target":["https:\/\/test-technique-ski.fr\/sv\/"]}]},{"@type":"ImageObject","inLanguage":"sv-SE","@id":"https:\/\/test-technique-ski.fr\/sv\/#primaryimage","url":"https:\/\/test-technique-ski.fr\/wp-content\/uploads\/2023\/01\/Ski-Test-Technique-1-1024x747.jpg","contentUrl":"https:\/\/test-technique-ski.fr\/wp-content\/uploads\/2023\/01\/Ski-Test-Technique-1-1024x747.jpg"},{"@type":"WebSite","@id":"https:\/\/test-technique-ski.fr\/sv\/#website","url":"https:\/\/test-technique-ski.fr\/sv\/","name":"TEST TECHNIQUE SKI","description":"","potentialAction":[{"@type":"SearchAction","target":{"@type":"EntryPoint","urlTemplate":"https:\/\/test-technique-ski.fr\/sv\/?s={search_term_string}"},"query-input":{"@type":"PropertyValueSpecification","valueRequired":true,"valueName":"search_term_string"}}],"inLanguage":"sv-SE"}]}},"_links":{"self":[{"href":"https:\/\/test-technique-ski.fr\/sv\/wp-json\/wp\/v2\/pages\/525","targetHints":{"allow":["GET"]}}],"collection":[{"href":"https:\/\/test-technique-ski.fr\/sv\/wp-json\/wp\/v2\/pages"}],"about":[{"href":"https:\/\/test-technique-ski.fr\/sv\/wp-json\/wp\/v2\/types\/page"}],"author":[{"embeddable":true,"href":"https:\/\/test-technique-ski.fr\/sv\/wp-json\/wp\/v2\/users\/1"}],"replies":[{"embeddable":true,"href":"https:\/\/test-technique-ski.fr\/sv\/wp-json\/wp\/v2\/comments?post=525"}],"version-history":[{"count":3,"href":"https:\/\/test-technique-ski.fr\/sv\/wp-json\/wp\/v2\/pages\/525\/revisions"}],"predecessor-version":[{"id":3543,"href":"https:\/\/test-technique-ski.fr\/sv\/wp-json\/wp\/v2\/pages\/525\/revisions\/3543"}],"wp:attachment":[{"href":"https:\/\/test-technique-ski.fr\/sv\/wp-json\/wp\/v2\/media?parent=525"}],"curies":[{"name":"wp","href":"https:\/\/api.w.org\/{rel}","templated":true}]}}