{"id":564,"date":"2023-01-07T08:50:20","date_gmt":"2023-01-07T08:50:20","guid":{"rendered":"https:\/\/test-technique-ski.fr\/bli-alpinskidinstruktor\/"},"modified":"2025-08-29T13:15:51","modified_gmt":"2025-08-29T12:15:51","slug":"bli-alpinskidinstruktor","status":"publish","type":"page","link":"https:\/\/test-technique-ski.fr\/sv\/bli-alpinskidinstruktor\/","title":{"rendered":"Att bli skidl\u00e4rare"},"content":{"rendered":"\n<h1 class=\"wp-block-heading\">Hur blir man skidl\u00e4rare?<\/h1>\n\n<p>H\u00e4r \u00e4r de allm\u00e4nna stegen f\u00f6r att bli skidl\u00e4rare i Frankrike:<\/p>\n\n<ol class=\"wp-block-list\">\n<li>Se till att du uppfyller de grundl\u00e4ggande kraven: F\u00f6r att bli skidl\u00e4rare m\u00e5ste du vara minst 18 \u00e5r gammal och ha k\u00f6rkort. Du m\u00e5ste ocks\u00e5 vara i god fysisk kondition och kunna \u00e5ka skidor p\u00e5 en avancerad niv\u00e5.<\/li>\n\n\n\n<li>G\u00e5 en kurs: det finns flera skidskolor i Frankrike som erbjuder <a href=\"https:\/\/test-technique-ski.fr\/sv\/formation-moniteur-de-ski-alpin\/\">kurser f\u00f6r att bli skidl\u00e4rare<\/a>. Du kan v\u00e4lja en sandwichkurs, d\u00e4r du kan arbeta och studera samtidigt, eller en blockkurs, som p\u00e5g\u00e5r under en koncentrerad tidsperiod. Utbildningen omfattar teoretiska och praktiska kurser i skidteknik, skidundervisning, s\u00e4kerhet i bergen med mera.<\/li>\n\n\n\n<li>F\u00e5 ett diplom: f\u00f6r att bli en kvalificerad skidl\u00e4rare m\u00e5ste du klara ett slutprov som anordnas av <a href=\"http:\/\/ensm.sports.gouv.fr\">\u00c9cole Nationale de Ski et d&#8217;Alpinisme<\/a> (ENSA). Examen omfattar ett praktiskt skidprov och ett teoretiskt prov om de kunskaper som kr\u00e4vs f\u00f6r att bli skidl\u00e4rare.<\/li>\n<\/ol>\n\n<div style=\"height:10px\" aria-hidden=\"true\" class=\"wp-block-spacer\"><\/div>\n\n<p><strong>F\u00f6r att bli skidl\u00e4rare<\/strong>: det \u00e4r viktigt att ha en bra niv\u00e5 p\u00e5 skid\u00e5kningen, men det finns ocks\u00e5 andra viktiga egenskaper och f\u00e4rdigheter att f\u00f6rv\u00e4rva:<\/p>\n\n<ul class=\"wp-block-list\">\n<li>Utm\u00e4rkt kommunikationsf\u00f6rm\u00e5ga: Du b\u00f6r kunna f\u00f6rmedla dina instruktioner tydligt och kommunicera med dina elever p\u00e5 ett effektivt s\u00e4tt.<\/li>\n\n\n\n<li>God fysisk kondition: Som skidl\u00e4rare \u00e4r du ofta p\u00e5 fj\u00e4llet hela dagarna, s\u00e5 det \u00e4r viktigt att du \u00e4r i god fysisk kondition f\u00f6r att kunna h\u00e5lla takten.<\/li>\n\n\n\n<li>Organisationsf\u00f6rm\u00e5ga: Du kommer att ansvara f\u00f6r att organisera lektioner och skidresor f\u00f6r dina elever, s\u00e5 det \u00e4r viktigt att du har god organisationsf\u00f6rm\u00e5ga.<\/li>\n\n\n\n<li>Bra presentation: Som representant f\u00f6r din skidskola eller skidort \u00e4r det viktigt att ha en bra personlig presentation och att representera ditt f\u00f6retag v\u00e4l.<\/li>\n\n\n\n<li>Ansvarsk\u00e4nsla: Som skidl\u00e4rare \u00e4r du ansvarig f\u00f6r dina elevers s\u00e4kerhet under lektioner och skidresor. Det \u00e4r viktigt att ha en h\u00f6g ansvarsk\u00e4nsla och att fatta n\u00f6dv\u00e4ndiga beslut f\u00f6r att garantera allas s\u00e4kerhet.<\/li>\n<\/ul>\n\n<p><\/p>\n","protected":false},"excerpt":{"rendered":"<p>Hur blir man skidl\u00e4rare? H\u00e4r \u00e4r de allm\u00e4nna stegen f\u00f6r att bli skidl\u00e4rare i Frankrike: F\u00f6r att bli skidl\u00e4rare: det \u00e4r viktigt att ha en bra niv\u00e5 p\u00e5 skid\u00e5kningen, men det finns ocks\u00e5 andra viktiga egenskaper och f\u00e4rdigheter att f\u00f6rv\u00e4rva:<\/p>\n","protected":false},"author":1,"featured_media":0,"parent":0,"menu_order":0,"comment_status":"closed","ping_status":"closed","template":"","meta":{"footnotes":""},"class_list":["post-564","page","type-page","status-publish","hentry"],"yoast_head":"<!-- This site is optimized with the Yoast SEO plugin v27.3 - https:\/\/yoast.com\/product\/yoast-seo-wordpress\/ -->\n<title>Att bli skidl\u00e4rare<\/title>\n<meta name=\"description\" content=\"Hur man blir skidl\u00e4rare i Frankrike. Vilka egenskaper och f\u00e4rdigheter kr\u00e4vs f\u00f6r att lyckas som A\" \/>\n<meta name=\"robots\" content=\"index, follow, max-snippet:-1, max-image-preview:large, max-video-preview:-1\" \/>\n<link rel=\"canonical\" href=\"https:\/\/test-technique-ski.fr\/sv\/bli-alpinskidinstruktor\/\" \/>\n<meta property=\"og:locale\" content=\"sv_SE\" \/>\n<meta property=\"og:type\" content=\"article\" \/>\n<meta property=\"og:title\" content=\"Att bli skidl\u00e4rare\" \/>\n<meta property=\"og:description\" content=\"Hur man blir skidl\u00e4rare i Frankrike. Vilka egenskaper och f\u00e4rdigheter kr\u00e4vs f\u00f6r att lyckas som A\" \/>\n<meta property=\"og:url\" content=\"https:\/\/test-technique-ski.fr\/sv\/bli-alpinskidinstruktor\/\" \/>\n<meta property=\"og:site_name\" content=\"TEST TECHNIQUE SKI\" \/>\n<meta property=\"article:modified_time\" content=\"2025-08-29T12:15:51+00:00\" \/>\n<meta name=\"twitter:card\" content=\"summary_large_image\" \/>\n<meta name=\"twitter:label1\" content=\"Ber\u00e4knad l\u00e4stid\" \/>\n\t<meta name=\"twitter:data1\" content=\"2 minuter\" \/>\n<script type=\"application\/ld+json\" class=\"yoast-schema-graph\">{\"@context\":\"https:\\\/\\\/schema.org\",\"@graph\":[{\"@type\":\"WebPage\",\"@id\":\"https:\\\/\\\/test-technique-ski.fr\\\/sv\\\/bli-alpinskidinstruktor\\\/\",\"url\":\"https:\\\/\\\/test-technique-ski.fr\\\/sv\\\/bli-alpinskidinstruktor\\\/\",\"name\":\"Att bli skidl\u00e4rare\",\"isPartOf\":{\"@id\":\"https:\\\/\\\/test-technique-ski.fr\\\/sv\\\/#website\"},\"datePublished\":\"2023-01-07T08:50:20+00:00\",\"dateModified\":\"2025-08-29T12:15:51+00:00\",\"description\":\"Hur man blir skidl\u00e4rare i Frankrike. Vilka egenskaper och f\u00e4rdigheter kr\u00e4vs f\u00f6r att lyckas som A\",\"inLanguage\":\"sv-SE\",\"potentialAction\":[{\"@type\":\"ReadAction\",\"target\":[\"https:\\\/\\\/test-technique-ski.fr\\\/sv\\\/bli-alpinskidinstruktor\\\/\"]}]},{\"@type\":\"WebSite\",\"@id\":\"https:\\\/\\\/test-technique-ski.fr\\\/sv\\\/#website\",\"url\":\"https:\\\/\\\/test-technique-ski.fr\\\/sv\\\/\",\"name\":\"TEST TECHNIQUE SKI\",\"description\":\"\",\"potentialAction\":[{\"@type\":\"SearchAction\",\"target\":{\"@type\":\"EntryPoint\",\"urlTemplate\":\"https:\\\/\\\/test-technique-ski.fr\\\/sv\\\/?s={search_term_string}\"},\"query-input\":{\"@type\":\"PropertyValueSpecification\",\"valueRequired\":true,\"valueName\":\"search_term_string\"}}],\"inLanguage\":\"sv-SE\"}]}<\/script>\n<!-- \/ Yoast SEO plugin. -->","yoast_head_json":{"title":"Att bli skidl\u00e4rare","description":"Hur man blir skidl\u00e4rare i Frankrike. Vilka egenskaper och f\u00e4rdigheter kr\u00e4vs f\u00f6r att lyckas som A","robots":{"index":"index","follow":"follow","max-snippet":"max-snippet:-1","max-image-preview":"max-image-preview:large","max-video-preview":"max-video-preview:-1"},"canonical":"https:\/\/test-technique-ski.fr\/sv\/bli-alpinskidinstruktor\/","og_locale":"sv_SE","og_type":"article","og_title":"Att bli skidl\u00e4rare","og_description":"Hur man blir skidl\u00e4rare i Frankrike. Vilka egenskaper och f\u00e4rdigheter kr\u00e4vs f\u00f6r att lyckas som A","og_url":"https:\/\/test-technique-ski.fr\/sv\/bli-alpinskidinstruktor\/","og_site_name":"TEST TECHNIQUE SKI","article_modified_time":"2025-08-29T12:15:51+00:00","twitter_card":"summary_large_image","twitter_misc":{"Ber\u00e4knad l\u00e4stid":"2 minuter"},"schema":{"@context":"https:\/\/schema.org","@graph":[{"@type":"WebPage","@id":"https:\/\/test-technique-ski.fr\/sv\/bli-alpinskidinstruktor\/","url":"https:\/\/test-technique-ski.fr\/sv\/bli-alpinskidinstruktor\/","name":"Att bli skidl\u00e4rare","isPartOf":{"@id":"https:\/\/test-technique-ski.fr\/sv\/#website"},"datePublished":"2023-01-07T08:50:20+00:00","dateModified":"2025-08-29T12:15:51+00:00","description":"Hur man blir skidl\u00e4rare i Frankrike. Vilka egenskaper och f\u00e4rdigheter kr\u00e4vs f\u00f6r att lyckas som A","inLanguage":"sv-SE","potentialAction":[{"@type":"ReadAction","target":["https:\/\/test-technique-ski.fr\/sv\/bli-alpinskidinstruktor\/"]}]},{"@type":"WebSite","@id":"https:\/\/test-technique-ski.fr\/sv\/#website","url":"https:\/\/test-technique-ski.fr\/sv\/","name":"TEST TECHNIQUE SKI","description":"","potentialAction":[{"@type":"SearchAction","target":{"@type":"EntryPoint","urlTemplate":"https:\/\/test-technique-ski.fr\/sv\/?s={search_term_string}"},"query-input":{"@type":"PropertyValueSpecification","valueRequired":true,"valueName":"search_term_string"}}],"inLanguage":"sv-SE"}]}},"_links":{"self":[{"href":"https:\/\/test-technique-ski.fr\/sv\/wp-json\/wp\/v2\/pages\/564","targetHints":{"allow":["GET"]}}],"collection":[{"href":"https:\/\/test-technique-ski.fr\/sv\/wp-json\/wp\/v2\/pages"}],"about":[{"href":"https:\/\/test-technique-ski.fr\/sv\/wp-json\/wp\/v2\/types\/page"}],"author":[{"embeddable":true,"href":"https:\/\/test-technique-ski.fr\/sv\/wp-json\/wp\/v2\/users\/1"}],"replies":[{"embeddable":true,"href":"https:\/\/test-technique-ski.fr\/sv\/wp-json\/wp\/v2\/comments?post=564"}],"version-history":[{"count":0,"href":"https:\/\/test-technique-ski.fr\/sv\/wp-json\/wp\/v2\/pages\/564\/revisions"}],"wp:attachment":[{"href":"https:\/\/test-technique-ski.fr\/sv\/wp-json\/wp\/v2\/media?parent=564"}],"curies":[{"name":"wp","href":"https:\/\/api.w.org\/{rel}","templated":true}]}}