{"id":567,"date":"2023-01-06T08:40:08","date_gmt":"2023-01-06T08:40:08","guid":{"rendered":"https:\/\/test-technique-ski.fr\/resultat-test-teknisk-ski-alpin\/"},"modified":"2026-01-31T09:21:19","modified_gmt":"2026-01-31T09:21:19","slug":"resultat-av-skidtekniktest","status":"publish","type":"page","link":"https:\/\/test-technique-ski.fr\/sv\/resultat-av-skidtekniktest\/","title":{"rendered":"Resultat av det tekniska testet i alpin skid\u00e5kning"},"content":{"rendered":"\n<h1 class=\"wp-block-heading\">Resultat av skidteknikprovet<\/h1>\n\n<p>Resultaten av det <a href=\"https:\/\/test-technique-ski.fr\/sv\/\">tekniska testet i alpin skid\u00e5kning<\/a> finns tillg\u00e4ngliga p\u00e5 Internet p\u00e5 det franska idrottsministeriets plattform f\u00f6r f\u00f6rvaltning av utbildningsv\u00e4gar.<\/p>\n\n<h2 class=\"wp-block-heading\">Hur f\u00e5r jag resultatet av det tekniska skidtestet?<\/h2>\n\n<p>F\u00f6r att se resultaten m\u00e5ste du logga in p\u00e5 <a href=\"https:\/\/www.gepafom.fr\/jsra\/login\">gepafom.fr.<\/a> <\/p>\n\n<p>Om du inte har ett konto p\u00e5 GEPAFO Montagnes webbplats skapar du bara ett konto f\u00f6r att <a href=\"https:\/\/test-technique-ski.fr\/sv\/skidteknisk-testregistrering\/\">registrera dig f\u00f6r det tekniska skidtestet<\/a>.<\/p>\n\n<p>N\u00e4r du \u00e4r inloggad p\u00e5 ditt GEPAFO-konto m\u00e5ste du klicka p\u00e5 RESULTAT som visas i bilden nedan:<\/p>\n\n<figure class=\"wp-block-image size-full\"><img fetchpriority=\"high\" decoding=\"async\" width=\"944\" height=\"448\" src=\"https:\/\/test-technique-ski.fr\/wp-content\/uploads\/2023\/01\/resultats-test-technique-ski.jpg\" alt=\"Resultat av det tekniska testet i alpin skid&#xE5;kning\" class=\"wp-image-350\" title=\"Resultat av det tekniska testet i alpin skid&#xE5;kning\" srcset=\"https:\/\/test-technique-ski.fr\/wp-content\/uploads\/2023\/01\/resultats-test-technique-ski.jpg 944w, https:\/\/test-technique-ski.fr\/wp-content\/uploads\/2023\/01\/resultats-test-technique-ski-300x142.jpg 300w, https:\/\/test-technique-ski.fr\/wp-content\/uploads\/2023\/01\/resultats-test-technique-ski-768x364.jpg 768w\" sizes=\"(max-width: 944px) 100vw, 944px\" \/><figcaption class=\"wp-element-caption\">Ski 2026 Tekniska testresultat<\/figcaption><\/figure>\n\n<p>Resultaten av det tekniska testet f\u00f6r alpin skid\u00e5kning finns tillg\u00e4ngliga efter vart och ett av de tv\u00e5 \u00e5rliga tekniska testtillf\u00e4llena. Klicka h\u00e4r f\u00f6r att se <a href=\"https:\/\/test-technique-ski.fr\/sv\/tekniskt-testdatum-for-alpina-skidor\/\">datumen f\u00f6r det tekniska skidtestet 2026<\/a>.<\/p>\n","protected":false},"excerpt":{"rendered":"<p>Resultat av skidteknikprovet Resultaten av det tekniska testet i alpin skid\u00e5kning finns tillg\u00e4ngliga p\u00e5 Internet p\u00e5 det franska idrottsministeriets plattform f\u00f6r f\u00f6rvaltning av utbildningsv\u00e4gar. Hur f\u00e5r jag resultatet av det tekniska skidtestet? F\u00f6r att se resultaten m\u00e5ste du logga in p\u00e5 gepafom.fr. Om du inte har ett konto p\u00e5 GEPAFO Montagnes webbplats skapar du bara [&hellip;]<\/p>\n","protected":false},"author":1,"featured_media":0,"parent":0,"menu_order":0,"comment_status":"closed","ping_status":"closed","template":"","meta":{"footnotes":""},"class_list":["post-567","page","type-page","status-publish","hentry"],"yoast_head":"<!-- This site is optimized with the Yoast SEO plugin v27.3 - https:\/\/yoast.com\/product\/yoast-seo-wordpress\/ -->\n<title>Resultat av det tekniska testet i alpin skid\u00e5kning<\/title>\n<meta name=\"description\" content=\"Resultaten av det tekniska testet i alpin skid\u00e5kning kan hittas direkt p\u00e5 Internet. Resultaten finns tillg\u00e4ngliga p\u00e5 n\u00e4tet.\" \/>\n<meta name=\"robots\" content=\"index, follow, max-snippet:-1, max-image-preview:large, max-video-preview:-1\" \/>\n<link rel=\"canonical\" href=\"https:\/\/test-technique-ski.fr\/sv\/resultat-av-skidtekniktest\/\" \/>\n<meta property=\"og:locale\" content=\"sv_SE\" \/>\n<meta property=\"og:type\" content=\"article\" \/>\n<meta property=\"og:title\" content=\"Resultat av det tekniska testet i alpin skid\u00e5kning\" \/>\n<meta property=\"og:description\" content=\"Resultaten av det tekniska testet i alpin skid\u00e5kning kan hittas direkt p\u00e5 Internet. Resultaten finns tillg\u00e4ngliga p\u00e5 n\u00e4tet.\" \/>\n<meta property=\"og:url\" content=\"https:\/\/test-technique-ski.fr\/sv\/resultat-av-skidtekniktest\/\" \/>\n<meta property=\"og:site_name\" content=\"TEST TECHNIQUE SKI\" \/>\n<meta property=\"article:modified_time\" content=\"2026-01-31T09:21:19+00:00\" \/>\n<meta property=\"og:image\" content=\"https:\/\/test-technique-ski.fr\/wp-content\/uploads\/2023\/01\/resultats-test-technique-ski.jpg\" \/>\n\t<meta property=\"og:image:width\" content=\"944\" \/>\n\t<meta property=\"og:image:height\" content=\"448\" \/>\n\t<meta property=\"og:image:type\" content=\"image\/jpeg\" \/>\n<meta name=\"twitter:card\" content=\"summary_large_image\" \/>\n<meta name=\"twitter:label1\" content=\"Ber\u00e4knad l\u00e4stid\" \/>\n\t<meta name=\"twitter:data1\" content=\"1 minut\" \/>\n<script type=\"application\/ld+json\" class=\"yoast-schema-graph\">{\"@context\":\"https:\\\/\\\/schema.org\",\"@graph\":[{\"@type\":\"WebPage\",\"@id\":\"https:\\\/\\\/test-technique-ski.fr\\\/sv\\\/resultat-av-skidtekniktest\\\/\",\"url\":\"https:\\\/\\\/test-technique-ski.fr\\\/sv\\\/resultat-av-skidtekniktest\\\/\",\"name\":\"Resultat av det tekniska testet i alpin skid\u00e5kning\",\"isPartOf\":{\"@id\":\"https:\\\/\\\/test-technique-ski.fr\\\/sv\\\/#website\"},\"primaryImageOfPage\":{\"@id\":\"https:\\\/\\\/test-technique-ski.fr\\\/sv\\\/resultat-av-skidtekniktest\\\/#primaryimage\"},\"image\":{\"@id\":\"https:\\\/\\\/test-technique-ski.fr\\\/sv\\\/resultat-av-skidtekniktest\\\/#primaryimage\"},\"thumbnailUrl\":\"https:\\\/\\\/test-technique-ski.fr\\\/wp-content\\\/uploads\\\/2023\\\/01\\\/resultats-test-technique-ski.jpg\",\"datePublished\":\"2023-01-06T08:40:08+00:00\",\"dateModified\":\"2026-01-31T09:21:19+00:00\",\"description\":\"Resultaten av det tekniska testet i alpin skid\u00e5kning kan hittas direkt p\u00e5 Internet. Resultaten finns tillg\u00e4ngliga p\u00e5 n\u00e4tet.\",\"inLanguage\":\"sv-SE\",\"potentialAction\":[{\"@type\":\"ReadAction\",\"target\":[\"https:\\\/\\\/test-technique-ski.fr\\\/sv\\\/resultat-av-skidtekniktest\\\/\"]}]},{\"@type\":\"ImageObject\",\"inLanguage\":\"sv-SE\",\"@id\":\"https:\\\/\\\/test-technique-ski.fr\\\/sv\\\/resultat-av-skidtekniktest\\\/#primaryimage\",\"url\":\"https:\\\/\\\/test-technique-ski.fr\\\/wp-content\\\/uploads\\\/2023\\\/01\\\/resultats-test-technique-ski.jpg\",\"contentUrl\":\"https:\\\/\\\/test-technique-ski.fr\\\/wp-content\\\/uploads\\\/2023\\\/01\\\/resultats-test-technique-ski.jpg\"},{\"@type\":\"WebSite\",\"@id\":\"https:\\\/\\\/test-technique-ski.fr\\\/sv\\\/#website\",\"url\":\"https:\\\/\\\/test-technique-ski.fr\\\/sv\\\/\",\"name\":\"TEST TECHNIQUE SKI\",\"description\":\"\",\"potentialAction\":[{\"@type\":\"SearchAction\",\"target\":{\"@type\":\"EntryPoint\",\"urlTemplate\":\"https:\\\/\\\/test-technique-ski.fr\\\/sv\\\/?s={search_term_string}\"},\"query-input\":{\"@type\":\"PropertyValueSpecification\",\"valueRequired\":true,\"valueName\":\"search_term_string\"}}],\"inLanguage\":\"sv-SE\"}]}<\/script>\n<!-- \/ Yoast SEO plugin. -->","yoast_head_json":{"title":"Resultat av det tekniska testet i alpin skid\u00e5kning","description":"Resultaten av det tekniska testet i alpin skid\u00e5kning kan hittas direkt p\u00e5 Internet. Resultaten finns tillg\u00e4ngliga p\u00e5 n\u00e4tet.","robots":{"index":"index","follow":"follow","max-snippet":"max-snippet:-1","max-image-preview":"max-image-preview:large","max-video-preview":"max-video-preview:-1"},"canonical":"https:\/\/test-technique-ski.fr\/sv\/resultat-av-skidtekniktest\/","og_locale":"sv_SE","og_type":"article","og_title":"Resultat av det tekniska testet i alpin skid\u00e5kning","og_description":"Resultaten av det tekniska testet i alpin skid\u00e5kning kan hittas direkt p\u00e5 Internet. Resultaten finns tillg\u00e4ngliga p\u00e5 n\u00e4tet.","og_url":"https:\/\/test-technique-ski.fr\/sv\/resultat-av-skidtekniktest\/","og_site_name":"TEST TECHNIQUE SKI","article_modified_time":"2026-01-31T09:21:19+00:00","og_image":[{"width":944,"height":448,"url":"https:\/\/test-technique-ski.fr\/wp-content\/uploads\/2023\/01\/resultats-test-technique-ski.jpg","type":"image\/jpeg"}],"twitter_card":"summary_large_image","twitter_misc":{"Ber\u00e4knad l\u00e4stid":"1 minut"},"schema":{"@context":"https:\/\/schema.org","@graph":[{"@type":"WebPage","@id":"https:\/\/test-technique-ski.fr\/sv\/resultat-av-skidtekniktest\/","url":"https:\/\/test-technique-ski.fr\/sv\/resultat-av-skidtekniktest\/","name":"Resultat av det tekniska testet i alpin skid\u00e5kning","isPartOf":{"@id":"https:\/\/test-technique-ski.fr\/sv\/#website"},"primaryImageOfPage":{"@id":"https:\/\/test-technique-ski.fr\/sv\/resultat-av-skidtekniktest\/#primaryimage"},"image":{"@id":"https:\/\/test-technique-ski.fr\/sv\/resultat-av-skidtekniktest\/#primaryimage"},"thumbnailUrl":"https:\/\/test-technique-ski.fr\/wp-content\/uploads\/2023\/01\/resultats-test-technique-ski.jpg","datePublished":"2023-01-06T08:40:08+00:00","dateModified":"2026-01-31T09:21:19+00:00","description":"Resultaten av det tekniska testet i alpin skid\u00e5kning kan hittas direkt p\u00e5 Internet. Resultaten finns tillg\u00e4ngliga p\u00e5 n\u00e4tet.","inLanguage":"sv-SE","potentialAction":[{"@type":"ReadAction","target":["https:\/\/test-technique-ski.fr\/sv\/resultat-av-skidtekniktest\/"]}]},{"@type":"ImageObject","inLanguage":"sv-SE","@id":"https:\/\/test-technique-ski.fr\/sv\/resultat-av-skidtekniktest\/#primaryimage","url":"https:\/\/test-technique-ski.fr\/wp-content\/uploads\/2023\/01\/resultats-test-technique-ski.jpg","contentUrl":"https:\/\/test-technique-ski.fr\/wp-content\/uploads\/2023\/01\/resultats-test-technique-ski.jpg"},{"@type":"WebSite","@id":"https:\/\/test-technique-ski.fr\/sv\/#website","url":"https:\/\/test-technique-ski.fr\/sv\/","name":"TEST TECHNIQUE SKI","description":"","potentialAction":[{"@type":"SearchAction","target":{"@type":"EntryPoint","urlTemplate":"https:\/\/test-technique-ski.fr\/sv\/?s={search_term_string}"},"query-input":{"@type":"PropertyValueSpecification","valueRequired":true,"valueName":"search_term_string"}}],"inLanguage":"sv-SE"}]}},"_links":{"self":[{"href":"https:\/\/test-technique-ski.fr\/sv\/wp-json\/wp\/v2\/pages\/567","targetHints":{"allow":["GET"]}}],"collection":[{"href":"https:\/\/test-technique-ski.fr\/sv\/wp-json\/wp\/v2\/pages"}],"about":[{"href":"https:\/\/test-technique-ski.fr\/sv\/wp-json\/wp\/v2\/types\/page"}],"author":[{"embeddable":true,"href":"https:\/\/test-technique-ski.fr\/sv\/wp-json\/wp\/v2\/users\/1"}],"replies":[{"embeddable":true,"href":"https:\/\/test-technique-ski.fr\/sv\/wp-json\/wp\/v2\/comments?post=567"}],"version-history":[{"count":3,"href":"https:\/\/test-technique-ski.fr\/sv\/wp-json\/wp\/v2\/pages\/567\/revisions"}],"predecessor-version":[{"id":3772,"href":"https:\/\/test-technique-ski.fr\/sv\/wp-json\/wp\/v2\/pages\/567\/revisions\/3772"}],"wp:attachment":[{"href":"https:\/\/test-technique-ski.fr\/sv\/wp-json\/wp\/v2\/media?parent=567"}],"curies":[{"name":"wp","href":"https:\/\/api.w.org\/{rel}","templated":true}]}}